{"id":2212,"date":"2018-05-28T17:22:06","date_gmt":"2018-05-28T15:22:06","guid":{"rendered":"http:\/\/cool-agency.it\/testsite\/alfincart\/privacy-policy\/"},"modified":"2023-09-14T12:56:53","modified_gmt":"2023-09-14T10:56:53","slug":"privacy-policy","status":"publish","type":"page","link":"https:\/\/www.alfincart.it\/de\/privacy-policy\/","title":{"rendered":"Rechtliche Hinweise"},"content":{"rendered":"<section class=\"wpb-content-wrapper\"><p>[vc_row][vc_column][vc_column_text]<\/p>\n<p style=\"text-align: justify;\">Der Inhalt dieser Webseite ist f\u00fcr die Alfincart GmbH urheberrechtlich gesch\u00fctzt. Alle Rechte sind vorbehalten. Informationen auf dieser Webseite einschlie\u00dflich der Texte, Bilder, der Musik und anderer akustischer Inhalte d\u00fcrfen nicht ohne vorherige ausdr\u00fcckliche, schriftliche Genehmigung vervielf\u00e4ltigt, vertrieben, \u00fcbertragen, gespeichert oder in sonstiger Form genutzt werden. Die Webseiten und deren Inhalt d\u00fcrfen nicht ver\u00e4ndert werden oder auf anderen Webseiten genutzt werden. Eine weitere Nutzung, Vervielf\u00e4ltigung, \u00dcbertragung oder Speicherung ist nur nach schriftlicher Genehmigung des jeweils Berechtigten zul\u00e4ssig. Sofern nichts anderes angegeben wurde, sind die auf den Webseiten genannten Marken, Logos und Firmenembleme Gegenstand des Markenschutzes der Alfincart GmbH.<\/p>\n<p>[\/vc_column_text][\/vc_column][\/vc_row]<\/p>\n<\/section>","protected":false},"excerpt":{"rendered":"<p>[vc_row][vc_column][vc_column_text] Der Inhalt dieser Webseite ist f\u00fcr die Alfincart GmbH urheberrechtlich gesch\u00fctzt. Alle Rechte sind vorbehalten. Informationen auf dieser Webseite<\/p>\n","protected":false},"author":1,"featured_media":0,"parent":0,"menu_order":0,"comment_status":"closed","ping_status":"closed","template":"","meta":{"footnotes":"","_joinchat":[]},"_links":{"self":[{"href":"https:\/\/www.alfincart.it\/de\/wp-json\/wp\/v2\/pages\/2212\/"}],"collection":[{"href":"https:\/\/www.alfincart.it\/de\/wp-json\/wp\/v2\/pages\/"}],"about":[{"href":"https:\/\/www.alfincart.it\/de\/wp-json\/wp\/v2\/types\/page\/"}],"author":[{"embeddable":true,"href":"https:\/\/www.alfincart.it\/de\/wp-json\/wp\/v2\/users\/1\/"}],"replies":[{"embeddable":true,"href":"https:\/\/www.alfincart.it\/de\/wp-json\/wp\/v2\/comments\/?post=2212"}],"version-history":[{"count":3,"href":"https:\/\/www.alfincart.it\/de\/wp-json\/wp\/v2\/pages\/2212\/revisions\/"}],"predecessor-version":[{"id":2782,"href":"https:\/\/www.alfincart.it\/de\/wp-json\/wp\/v2\/pages\/2212\/revisions\/2782\/"}],"wp:attachment":[{"href":"https:\/\/www.alfincart.it\/de\/wp-json\/wp\/v2\/media\/?parent=2212"}],"curies":[{"name":"wp","href":"https:\/\/api.w.org\/{rel}","templated":true}]}}