{"id":2360,"date":"2018-05-19T13:39:16","date_gmt":"2018-05-19T11:39:16","guid":{"rendered":"http:\/\/cool-agency.it\/testsite\/alfincart\/prodotto\/carta-accoppiata-pizzeria\/"},"modified":"2026-03-27T10:16:24","modified_gmt":"2026-03-27T09:16:24","slug":"frischpack-papier","status":"publish","type":"product","link":"https:\/\/www.alfincart.it\/de\/frischpack-papier\/","title":{"rendered":"Frischpack Papier"},"content":{"rendered":"<p data-start=\"109\" data-end=\"629\"><strong data-start=\"109\" data-end=\"165\">Frischpack Papier <\/strong>mit hochdichtem <a href=\"https:\/\/de.wikipedia.org\/wiki\/Polyethylen\">Polyethylen<\/a> (HDPE) bietet eine praktische, hygienische und professionelle L\u00f6sung f\u00fcr die Verpackung frischer Lebensmittel in spezialisierten Bereichen. Dieses Material kombiniert papier mit einer HDPE-Folie, die f\u00fcr den direkten Kontakt mit Lebensmitteln zertifiziert ist. Es sch\u00fctzt zuverl\u00e4ssig vor Feuchtigkeit, Fetten und \u00e4u\u00dferen Verunreinigungen. Die Folie l\u00e4sst sich leicht vom Papier trennen, was die M\u00fclltrennung erleichtert und die Umweltvertr\u00e4glichkeit verbessert.<\/p>\n<p data-start=\"631\" data-end=\"1182\">Frischpack Papier stellt eine sinnvolle Alternative zum herk\u00f6mmlichen <a href=\"https:\/\/www.alfincart.it\/de\/pe-beschichtetes-papier\/\">polyethylenbeschichteten Papier<\/a> dar, da es eine h\u00f6here betriebliche Flexibilit\u00e4t sowie eine einfachere Materialtrennung nach dem Gebrauch erm\u00f6glicht. Die hohe Dichte des Polyethylens wirkt als wirksame Barriere gegen Fl\u00fcssigkeiten, Ger\u00fcche und Fett und sorgt so jederzeit f\u00fcr maximale Hygiene beim Verpacken. Superm\u00e4rkte, Metzgereien, Feinkostl\u00e4den, Fischgesch\u00e4fte, Pizzerien und Gastronomiebetriebe verwenden dieses Produkt t\u00e4glich zum Schutz einer Vielzahl frischer Lebensmittel.<\/p>\n<p data-start=\"1184\" data-end=\"1379\">Dieses Papier eignet sich ideal zum Einwickeln von Fleisch, K\u00e4se, Wurstwaren, Aufschnitt, Fisch, Pizza, <span data-huuid=\"2839706491491283969\">Fladenbrot<\/span> und gegarten Speisen. Es bewahrt die Frische und Qualit\u00e4t der verpackten Produkte.<\/p>\n<p data-start=\"1381\" data-end=\"1405\"><strong data-start=\"1381\" data-end=\"1405\">Standardgrammaturen<\/strong>:<\/p>\n<ul data-start=\"1407\" data-end=\"1442\">\n<li data-start=\"1407\" data-end=\"1425\">\n<p data-start=\"1409\" data-end=\"1425\">60 g\/m\u00b2 + HDPE<\/p>\n<\/li>\n<li data-start=\"1426\" data-end=\"1442\">\n<p data-start=\"1428\" data-end=\"1442\">80 g\/m\u00b2 + HDPE<\/p>\n<\/li>\n<\/ul>\n<p data-start=\"1444\" data-end=\"1464\"><strong data-start=\"1444\" data-end=\"1464\">Standardformate<\/strong>:<\/p>\n<ul data-start=\"1466\" data-end=\"1584\">\n<li data-start=\"1466\" data-end=\"1480\">\n<p data-start=\"1468\" data-end=\"1480\">18 \u00d7 25 cm<\/p>\n<\/li>\n<li data-start=\"1481\" data-end=\"1495\">\n<p data-start=\"1483\" data-end=\"1495\">25 \u00d7 37 cm<\/p>\n<\/li>\n<li data-start=\"1496\" data-end=\"1510\">\n<p data-start=\"1498\" data-end=\"1510\">33 \u00d7 40 cm<\/p>\n<\/li>\n<li data-start=\"1511\" data-end=\"1525\">\n<p data-start=\"1513\" data-end=\"1525\">33 \u00d7 45 cm<\/p>\n<\/li>\n<li data-start=\"1526\" data-end=\"1540\">\n<p data-start=\"1528\" data-end=\"1540\">37 \u00d7 50 cm<\/p>\n<\/li>\n<li data-start=\"1541\" data-end=\"1555\">\n<p data-start=\"1543\" data-end=\"1555\">40 \u00d7 50 cm<\/p>\n<\/li>\n<li data-start=\"1556\" data-end=\"1570\">\n<p data-start=\"1558\" data-end=\"1570\">50 \u00d7 75 cm<\/p>\n<\/li>\n<li data-start=\"1571\" data-end=\"1584\">\n<p data-start=\"1573\" data-end=\"1584\">75 \u00d7 100 cm<\/p>\n<\/li>\n<\/ul>\n<p data-start=\"1586\" data-end=\"1601\"><strong data-start=\"1586\" data-end=\"1601\">Verpackung<\/strong>:<\/p>\n<ul data-start=\"1603\" data-end=\"1637\">\n<li data-start=\"1603\" data-end=\"1637\">\n<p data-start=\"1605\" data-end=\"1637\">Kartons zu 10 kg \u2013 15 kg \u2013 20 kg<\/p>\n<\/li>\n<\/ul>\n<p data-start=\"1639\" data-end=\"1815\">Auf Wunsch kann das Frischpack Papier mit individuellem Aufdruck und in Sonderformaten geliefert werden, um den spezifischen Anforderungen jedes Unternehmens gerecht zu werden.<\/p>\n","protected":false},"excerpt":{"rendered":"<p>FETTDICHTES PAPIER MIT ABZIEHBARER FOLIE<\/p>\n","protected":false},"featured_media":5998,"template":"","meta":{"_joinchat":[]},"product_cat":[71],"product_tag":[],"_links":{"self":[{"href":"https:\/\/www.alfincart.it\/de\/wp-json\/wp\/v2\/product\/2360\/"}],"collection":[{"href":"https:\/\/www.alfincart.it\/de\/wp-json\/wp\/v2\/product\/"}],"about":[{"href":"https:\/\/www.alfincart.it\/de\/wp-json\/wp\/v2\/types\/product\/"}],"wp:featuredmedia":[{"embeddable":true,"href":"https:\/\/www.alfincart.it\/de\/wp-json\/wp\/v2\/media\/5998\/"}],"wp:attachment":[{"href":"https:\/\/www.alfincart.it\/de\/wp-json\/wp\/v2\/media\/?parent=2360"}],"wp:term":[{"taxonomy":"product_cat","embeddable":true,"href":"https:\/\/www.alfincart.it\/de\/wp-json\/wp\/v2\/product_cat\/?post=2360"},{"taxonomy":"product_tag","embeddable":true,"href":"https:\/\/www.alfincart.it\/de\/wp-json\/wp\/v2\/product_tag\/?post=2360"}],"curies":[{"name":"wp","href":"https:\/\/api.w.org\/{rel}","templated":true}]}}