{"id":2418,"date":"2018-06-25T13:15:02","date_gmt":"2018-06-25T11:15:02","guid":{"rendered":"http:\/\/cool-agency.it\/testsite\/alfincart\/?post_type=product&#038;p=2418"},"modified":"2025-09-05T15:50:57","modified_gmt":"2025-09-05T13:50:57","slug":"kalandriertes-zellulose-papier","status":"publish","type":"product","link":"https:\/\/www.alfincart.it\/de\/kalandriertes-zellulose-papier\/","title":{"rendered":"Kalandriertes Zellulose Papier"},"content":{"rendered":"<p data-start=\"335\" data-end=\"369\"><strong data-start=\"335\" data-end=\"369\">Kalandriertes Zellulose-Papier<\/strong>. Das kalandrierte <a href=\"https:\/\/de.wikipedia.org\/wiki\/Cellulose\">Zellulose<\/a>-Papier ist eine vielseitige L\u00f6sung f\u00fcr die Lebensmittelverpackung und dekoratives Verpacken. Mit einer Standardgrammatur von 50 g\/m\u00b2 wird es vor allem in Bars, Konditoreien, B\u00e4ckereien, Eisdielen, Gastronomiebetrieben, Imbissst\u00e4nden, Feinkostgesch\u00e4ften, B\u00e4ckereien, Joghurtl\u00e4den und Pasta-Manufakturen eingesetzt. Bedruckt mit generischen Logos wirkt es elegant und funktional in jedem Handelsumfeld, da seine optische Wirkung das Kundenerlebnis verbessert und dem Inhalt einen Mehrwert verleiht.<\/p>\n<p data-start=\"896\" data-end=\"1446\">Dieses Material, gesch\u00e4tzt f\u00fcr seine Widerstandsf\u00e4higkeit und seinen Glanz, gilt oft als klassische \u201eKonditorpapier\u201c. Die weiche, jedoch robuste Struktur macht es auch ideal zum Einwickeln von warmen, fettigen oder empfindlichen Produkten. Zusammen mit gestrichenem Papier geh\u00f6rt es zu den meistgenutzten Artikeln in der S\u00fc\u00dfwarenindustrie f\u00fcr Au\u00dfenverpackungen, da es eine ausgewogene Kombination aus Funktionalit\u00e4t und \u00c4sthetik bietet. Dar\u00fcber hinaus kann es die Geschenkpapierrolle bei anspruchsvollen und edlen Lebensmittelverpackungen \u00fcbernehmen.<\/p>\n<p data-start=\"1448\" data-end=\"1913\">Das kalandriertes Zellulose-Papier bietet zuverl\u00e4ssigen Schutz f\u00fcr Tabletts, Backwaren, Eisbecher und Frischprodukte. Das Standardformat ist f\u00fcr viele Anwendungen geeignet, wobei auch individuelle Formate auf Anfrage verf\u00fcgbar sind. Bedruckte Versionen mit Logos erm\u00f6glichen eine starke visuelle Markenidentit\u00e4t des Verkaufsortes. Zudem wird dieses Papier h\u00e4ufig in Kombination mit <a href=\"https:\/\/www.alfincart.it\/de\/wachspapier\/\">Wachspapier<\/a> verwendet, um optimale Schutz- und Frischeeigenschaften sicherzustellen.<\/p>\n<p data-start=\"1915\" data-end=\"1947\"><strong data-start=\"1915\" data-end=\"1937\">Standardgrammatur<\/strong>:<\/p>\n<ul>\n<li>50 g\/m\u00b2<\/li>\n<\/ul>\n<p data-start=\"1949\" data-end=\"1996\"><strong data-start=\"1949\" data-end=\"1969\">Standardformate<\/strong>:<\/p>\n<ul data-start=\"1645\" data-end=\"1702\">\n<li data-start=\"1645\" data-end=\"1659\">\n<p data-start=\"1647\" data-end=\"1659\">50 \u00d7 75 cm<\/p>\n<\/li>\n<li data-start=\"1660\" data-end=\"1674\">\n<p data-start=\"1662\" data-end=\"1674\">75 \u00d7 100 cm<\/p>\n<\/li>\n<\/ul>\n<p data-start=\"1998\" data-end=\"2034\"><strong data-start=\"1998\" data-end=\"2013\">Verpackung<\/strong>:<\/p>\n<ul>\n<li>Packungen zu 10 kg<\/li>\n<\/ul>\n","protected":false},"excerpt":{"rendered":"<p>PAPIER F\u00dcR GEB\u00c4CK<\/p>\n","protected":false},"featured_media":5131,"template":"","meta":{"_joinchat":[]},"product_cat":[71],"product_tag":[],"_links":{"self":[{"href":"https:\/\/www.alfincart.it\/de\/wp-json\/wp\/v2\/product\/2418\/"}],"collection":[{"href":"https:\/\/www.alfincart.it\/de\/wp-json\/wp\/v2\/product\/"}],"about":[{"href":"https:\/\/www.alfincart.it\/de\/wp-json\/wp\/v2\/types\/product\/"}],"wp:featuredmedia":[{"embeddable":true,"href":"https:\/\/www.alfincart.it\/de\/wp-json\/wp\/v2\/media\/5131\/"}],"wp:attachment":[{"href":"https:\/\/www.alfincart.it\/de\/wp-json\/wp\/v2\/media\/?parent=2418"}],"wp:term":[{"taxonomy":"product_cat","embeddable":true,"href":"https:\/\/www.alfincart.it\/de\/wp-json\/wp\/v2\/product_cat\/?post=2418"},{"taxonomy":"product_tag","embeddable":true,"href":"https:\/\/www.alfincart.it\/de\/wp-json\/wp\/v2\/product_tag\/?post=2418"}],"curies":[{"name":"wp","href":"https:\/\/api.w.org\/{rel}","templated":true}]}}