{"id":2431,"date":"2018-06-25T13:38:49","date_gmt":"2018-06-25T11:38:49","guid":{"rendered":"http:\/\/cool-agency.it\/testsite\/alfincart\/prodotto\/carta-pergamino-per-alimenti\/"},"modified":"2025-09-05T15:51:06","modified_gmt":"2025-09-05T13:51:06","slug":"pergamin-papier","status":"publish","type":"product","link":"https:\/\/www.alfincart.it\/de\/pergamin-papier\/","title":{"rendered":"Pergamin-Papier"},"content":{"rendered":"<p data-start=\"457\" data-end=\"476\"><strong data-start=\"457\" data-end=\"476\">Pergamin-Papier<\/strong>. Das wei\u00dfe, halbtransparente Pergamin-Papier besticht durch seine Leichtigkeit, hohe Rei\u00dffestigkeit und Wasserbest\u00e4ndigkeit. Besonders die silberne Variante mit gl\u00e4nzender, antihaftbeschichteter Oberfl\u00e4che eignet sich hervorragend f\u00fcr Verpackungszwecke. Im Unterschied zum silikonisierten Papier ist es jedoch nicht f\u00fcr das Backen im herk\u00f6mmlichen Ofen oder in der Mikrowelle geeignet, auch nicht bei niedrigen Temperaturen.<\/p>\n<p data-start=\"904\" data-end=\"1174\">Im Lebensmittelbereich findet es h\u00e4ufig Anwendung zum Einwickeln von S\u00fc\u00dfwaren, Kuchen, Nougat, Geb\u00e4ck, Eisbechern und Konditorplatten. Dabei wird Pergamin-Papier oft in Kombination mit <a href=\"https:\/\/www.alfincart.it\/de\/wachspapier\/\">Wachspapier<\/a> verwendet, um optimale Schutz- und Frischeeigenschaften zu gew\u00e4hrleisten.<\/p>\n<p data-start=\"1176\" data-end=\"1772\">Dar\u00fcber hinaus wird das Pergamin-Papier im technischen Bereich, insbesondere in der Maschinen- und Automobilindustrie, eingesetzt, um ge\u00f6lte oder geschmierte Metallteile zuverl\u00e4ssig zu sch\u00fctzen. Ebenso ist es in Gastronomie und Imbissbetrieben sehr beliebt, da es eine effektive Barriere gegen \u00d6le und Fette bietet. Zus\u00e4tzlich eignet sich die spezielle <a href=\"https:\/\/de.wikipedia.org\/wiki\/Paraffin\">paraffin<\/a>behandelte Pergamin-Variante hervorragend zum Verpacken von Blumen und Pflanzen, was deren Frische und Pr\u00e4sentation deutlich verbessert. Dank seiner klaren Optik eignet es sich au\u00dferdem ideal f\u00fcr Geschenkverpackungen von Lebensmitteln.<\/p>\n<p data-start=\"1774\" data-end=\"2223\">Die hohe Glanzwirkung und das sehr leichte Grammgewicht machen dieses Papier zu einem der beliebtesten in der S\u00fc\u00dfwarenbranche. Au\u00dferdem passt es sich dank seiner Geschmeidigkeit und guten Strapazierf\u00e4higkeit m\u00fchelos an unregelm\u00e4\u00dfige oder gew\u00f6lbte Oberfl\u00e4chen an, ohne Schutz- und Optikeigenschaften einzub\u00fc\u00dfen. Pergamin-Papier ist sowohl neutral als auch individuell bedruckt erh\u00e4ltlich, um den grafischen Anforderungen der Kunden gerecht zu werden.<\/p>\n<p data-start=\"2225\" data-end=\"2257\"><strong data-start=\"2225\" data-end=\"2247\">Standardgrammatur<\/strong>:<\/p>\n<ul>\n<li>35 g\/m\u00b2<\/li>\n<\/ul>\n<p data-start=\"2259\" data-end=\"2345\"><strong data-start=\"2259\" data-end=\"2279\">Standardformate<\/strong>:<\/p>\n<ul data-start=\"1423\" data-end=\"1480\">\n<li data-start=\"1423\" data-end=\"1437\">\n<p data-start=\"1425\" data-end=\"1437\">18 \u00d7 25 cm<\/p>\n<\/li>\n<li data-start=\"1438\" data-end=\"1452\">\n<p data-start=\"1440\" data-end=\"1452\">25 \u00d7 37 cm<\/p>\n<\/li>\n<li data-start=\"1453\" data-end=\"1467\">\n<p data-start=\"1455\" data-end=\"1467\">37 \u00d7 50 cm<\/p>\n<\/li>\n<li data-start=\"1468\" data-end=\"1480\">\n<p data-start=\"1470\" data-end=\"1480\">50 \u00d7 75 cm<\/p>\n<\/li>\n<li data-start=\"1423\" data-end=\"1437\">\n<p data-start=\"1425\" data-end=\"1437\">75 \u00d7 100 cm<\/p>\n<\/li>\n<\/ul>\n<p data-start=\"2347\" data-end=\"2389\"><strong data-start=\"2347\" data-end=\"2362\">Verpackung<\/strong>:<\/p>\n<ul>\n<li>Kartonschachteln \u00e0 10 kg<\/li>\n<\/ul>\n","protected":false},"excerpt":{"rendered":"<p>PERGAMENTPAPIER<\/p>\n","protected":false},"featured_media":5118,"template":"","meta":{"_joinchat":[]},"product_cat":[71],"product_tag":[],"_links":{"self":[{"href":"https:\/\/www.alfincart.it\/de\/wp-json\/wp\/v2\/product\/2431\/"}],"collection":[{"href":"https:\/\/www.alfincart.it\/de\/wp-json\/wp\/v2\/product\/"}],"about":[{"href":"https:\/\/www.alfincart.it\/de\/wp-json\/wp\/v2\/types\/product\/"}],"wp:featuredmedia":[{"embeddable":true,"href":"https:\/\/www.alfincart.it\/de\/wp-json\/wp\/v2\/media\/5118\/"}],"wp:attachment":[{"href":"https:\/\/www.alfincart.it\/de\/wp-json\/wp\/v2\/media\/?parent=2431"}],"wp:term":[{"taxonomy":"product_cat","embeddable":true,"href":"https:\/\/www.alfincart.it\/de\/wp-json\/wp\/v2\/product_cat\/?post=2431"},{"taxonomy":"product_tag","embeddable":true,"href":"https:\/\/www.alfincart.it\/de\/wp-json\/wp\/v2\/product_tag\/?post=2431"}],"curies":[{"name":"wp","href":"https:\/\/api.w.org\/{rel}","templated":true}]}}