{"id":2478,"date":"2018-06-25T16:59:37","date_gmt":"2018-06-25T14:59:37","guid":{"rendered":"http:\/\/cool-agency.it\/testsite\/alfincart\/prodotto\/carta-larice-per-alimenti\/"},"modified":"2025-09-05T15:51:39","modified_gmt":"2025-09-05T13:51:39","slug":"glassine-papier","status":"publish","type":"product","link":"https:\/\/www.alfincart.it\/de\/glassin-papier\/","title":{"rendered":"Glassine Papier"},"content":{"rendered":"<p data-start=\"223\" data-end=\"242\"><strong data-start=\"223\" data-end=\"242\">Glassine Papier<\/strong>. Das wei\u00dfe, kalandrierte <a href=\"https:\/\/de.wikipedia.org\/wiki\/Pergamin\">Glassine<\/a> Papier ist ein besonders feuchtigkeitsbest\u00e4ndiges Material, das sich hervorragend f\u00fcr die Verpackung von Lebensmitteln eignet. \u00c4hnlich wie <a href=\"https:\/\/www.alfincart.it\/de\/wachspapier\/\">Wachspapier<\/a> wird es vor allem zur hygienischen Umh\u00fcllung von gereiftem K\u00e4se in der Molkereibranche eingesetzt. Auch in der S\u00fc\u00dfwarenindustrie ist es weit verbreitet, um Halbfertigprodukte f\u00fcr die B\u00e4ckerei und Konditorei optimal zu sch\u00fctzen. Aufgrund seiner speziellen Eigenschaften ist das kalandrierte Papier zudem unverzichtbar f\u00fcr Floristen und G\u00e4rtnereien, die eine wasserresistente Verpackung f\u00fcr Pflanzen, Blumen und Setzlinge ben\u00f6tigen. Glassine Papier ist in einem nat\u00fcrlichen gl\u00e4nzenden Wei\u00dfton sowie in der Variante ockergelb erh\u00e4ltlich.<\/p>\n<p data-start=\"964\" data-end=\"1544\">Neben dem Einsatz im Lebensmittelbereich findet Glassine Papier vielf\u00e4ltige Verwendungsm\u00f6glichkeiten. Es wird zur Herstellung von Klebstoffen eingesetzt und dient als \u00f6kologische Alternative zu Kunststoff bei den transparenten Fenstern von Briefumschl\u00e4gen. Die glatte, durchscheinende Oberfl\u00e4che macht es zudem besonders attraktiv f\u00fcr Archivierungen, k\u00fcnstlerische Arbeiten und handwerkliche Anwendungen. In der Maschinen- und Automobilindustrie sch\u00fctzt das Papier metallische Kleinteile sowie fetthaltige, \u00f6lige oder feuchte Werkst\u00fccke zuverl\u00e4ssig w\u00e4hrend Lagerung und Transport.<\/p>\n<p data-start=\"1546\" data-end=\"1578\"><strong data-start=\"1546\" data-end=\"1568\">Standardgrammatur<\/strong>:<\/p>\n<ul>\n<li>60 g\/m\u00b2<\/li>\n<\/ul>\n<p data-start=\"1580\" data-end=\"1669\"><strong data-start=\"1580\" data-end=\"1603\">Verf\u00fcgbare Formate<\/strong>:<\/p>\n<ul>\n<li>18 x 25 cm<\/li>\n<\/ul>\n<ul>\n<li>25 x 37 cm<\/li>\n<\/ul>\n<ul>\n<li>37 x 50 cm<\/li>\n<\/ul>\n<ul>\n<li>50 x 75 cm<\/li>\n<\/ul>\n<ul>\n<li>75 x 100 cm<\/li>\n<\/ul>\n<p data-start=\"1671\" data-end=\"1709\"><strong data-start=\"1671\" data-end=\"1686\">Verpackung<\/strong>:<\/p>\n<ul>\n<li>Kartonboxen zu 10 kg<\/li>\n<\/ul>\n<p data-start=\"1711\" data-end=\"1807\" data-is-last-node=\"\" data-is-only-node=\"\">Auf Wunsch sind auch Sonderformate erh\u00e4ltlich, um individuellen Anforderungen gerecht zu werden.<\/p>\n","protected":false},"excerpt":{"rendered":"<p>GLASSINE PERGAMYN PAPIER<\/p>\n","protected":false},"featured_media":5370,"template":"","meta":{"_joinchat":[]},"product_cat":[71],"product_tag":[],"_links":{"self":[{"href":"https:\/\/www.alfincart.it\/de\/wp-json\/wp\/v2\/product\/2478\/"}],"collection":[{"href":"https:\/\/www.alfincart.it\/de\/wp-json\/wp\/v2\/product\/"}],"about":[{"href":"https:\/\/www.alfincart.it\/de\/wp-json\/wp\/v2\/types\/product\/"}],"wp:featuredmedia":[{"embeddable":true,"href":"https:\/\/www.alfincart.it\/de\/wp-json\/wp\/v2\/media\/5370\/"}],"wp:attachment":[{"href":"https:\/\/www.alfincart.it\/de\/wp-json\/wp\/v2\/media\/?parent=2478"}],"wp:term":[{"taxonomy":"product_cat","embeddable":true,"href":"https:\/\/www.alfincart.it\/de\/wp-json\/wp\/v2\/product_cat\/?post=2478"},{"taxonomy":"product_tag","embeddable":true,"href":"https:\/\/www.alfincart.it\/de\/wp-json\/wp\/v2\/product_tag\/?post=2478"}],"curies":[{"name":"wp","href":"https:\/\/api.w.org\/{rel}","templated":true}]}}