{"id":2530,"date":"2018-06-25T20:03:50","date_gmt":"2018-06-25T18:03:50","guid":{"rendered":"http:\/\/cool-agency.it\/testsite\/alfincart\/prodotto\/coni-di-carta-paglia\/"},"modified":"2025-09-05T15:48:36","modified_gmt":"2025-09-05T13:48:36","slug":"spitztuten-braun","status":"publish","type":"product","link":"https:\/\/www.alfincart.it\/de\/spitztute-braun\/","title":{"rendered":"Spitzt\u00fcten Braun"},"content":{"rendered":"<p data-start=\"367\" data-end=\"387\"><strong data-start=\"367\" data-end=\"387\">Spitzt\u00fcten Braun<\/strong>. Braune Spitzt\u00fcten aus lebensmittelechtem Kraftpapier mit PE-Beschichtung \u2013 ideal f\u00fcr To-Go-Frittierwaren. Unsere Spitzt\u00fcten Braun wurden speziell f\u00fcr den professionellen Einsatz in Street-Food-St\u00e4nden, Imbissen und Frittierbetrieben entwickelt. Im Gegensatz zu herk\u00f6mmlichen Papierkonen, die oft aus minderwertigem Material mit bedenklichen Farbstoffen bestehen, sind unsere T\u00fcten vollst\u00e4ndig lebensmittelecht. Sie bestehen aus strapazierf\u00e4higem Kraftpapier mit einer beidseitigen Hochdichte-<a href=\"https:\/\/de.wikipedia.org\/wiki\/Polyethylen\">Polyethylen<\/a>-Beschichtung (HDPE), die als zuverl\u00e4ssige Fettsperre dient. So wird ein direkter Kontakt zwischen \u00f6lhaltigen Speisen und dem Papier vermieden, was Hygiene und Produktsicherheit deutlich erh\u00f6ht.<\/p>\n<p data-start=\"982\" data-end=\"1723\">Dank der seitlichen Thermoversiegelung und der gepr\u00e4gten Oberfl\u00e4che bieten die T\u00fcten zus\u00e4tzliche Stabilit\u00e4t sowie eine rutschfeste Handhabung. Diese Eigenschaften erleichtern das Servieren und den Verzehr \u2013 auch unterwegs. Damit sind die Spitzt\u00fcten Braun ideal f\u00fcr To-Go-Angebote und mobile Gastronomie, etwa auf Volksfesten, M\u00e4rkten oder Open-Air-Veranstaltungen. Sie stellen eine funktionale, sichere und praktische Verpackungsl\u00f6sung dar, die sich auch hervorragend als Alternative zu <a href=\"https:\/\/www.alfincart.it\/de\/spitztute\/\">wei\u00dfen Papierkonen<\/a> eignet. Besonders gut geeignet f\u00fcr Pommes frites, Backfisch, Calamari, Kartoffelecken, Chicken Nuggets, Gem\u00fcsechips, Churros, frittierte Zucchini, S\u00fc\u00dfkartoffeln, Tempura und Mozzarella-Sticks \u2013 perfekt f\u00fcr jede moderne Snackverpackung.<\/p>\n<p data-start=\"1725\" data-end=\"1814\"><strong data-start=\"1725\" data-end=\"1745\">Standardformate<\/strong>:<\/p>\n<ul>\n<li>Klein (17 cm)<\/li>\n<\/ul>\n<ul>\n<li>Mittel (20 cm)<\/li>\n<\/ul>\n<ul>\n<li>Gro\u00df (23 cm)<\/li>\n<\/ul>\n<ul>\n<li>Extra Gro\u00df (26 cm)<\/li>\n<\/ul>\n<p data-start=\"1816\" data-end=\"1859\"><strong data-start=\"1816\" data-end=\"1831\">Verpackung<\/strong>:<\/p>\n<ul>\n<li>Kartonboxen mit 500 T\u00fcten<\/li>\n<\/ul>\n<p data-start=\"1861\" data-end=\"2029\" data-is-last-node=\"\" data-is-only-node=\"\">Auf Wunsch k\u00f6nnen die Spitzt\u00fcten mit individueller Bedruckung und in Sonderformaten geliefert werden, um sich optimal an verschiedene Verpackungsbed\u00fcrfnisse anzupassen.<\/p>\n","protected":false},"excerpt":{"rendered":"<p>SPITZT\u00dcTEN BRAUN<\/p>\n","protected":false},"featured_media":5026,"template":"","meta":{"_joinchat":[]},"product_cat":[70],"product_tag":[],"_links":{"self":[{"href":"https:\/\/www.alfincart.it\/de\/wp-json\/wp\/v2\/product\/2530\/"}],"collection":[{"href":"https:\/\/www.alfincart.it\/de\/wp-json\/wp\/v2\/product\/"}],"about":[{"href":"https:\/\/www.alfincart.it\/de\/wp-json\/wp\/v2\/types\/product\/"}],"wp:featuredmedia":[{"embeddable":true,"href":"https:\/\/www.alfincart.it\/de\/wp-json\/wp\/v2\/media\/5026\/"}],"wp:attachment":[{"href":"https:\/\/www.alfincart.it\/de\/wp-json\/wp\/v2\/media\/?parent=2530"}],"wp:term":[{"taxonomy":"product_cat","embeddable":true,"href":"https:\/\/www.alfincart.it\/de\/wp-json\/wp\/v2\/product_cat\/?post=2530"},{"taxonomy":"product_tag","embeddable":true,"href":"https:\/\/www.alfincart.it\/de\/wp-json\/wp\/v2\/product_tag\/?post=2530"}],"curies":[{"name":"wp","href":"https:\/\/api.w.org\/{rel}","templated":true}]}}