{"id":2539,"date":"2018-06-25T20:17:58","date_gmt":"2018-06-25T18:17:58","guid":{"rendered":"http:\/\/cool-agency.it\/testsite\/alfincart\/prodotto\/foglietti-hd\/"},"modified":"2025-09-05T15:48:52","modified_gmt":"2025-09-05T13:48:52","slug":"abreissbeutel-flachbeutel","status":"publish","type":"product","link":"https:\/\/www.alfincart.it\/de\/hdpe-folie-transparent\/","title":{"rendered":"Abrei\u00dfbeutel Flachbeutel HDPE geblockt"},"content":{"rendered":"<p data-start=\"254\" data-end=\"692\"><strong>Abrei\u00dfbeutel Flachbeutel HDPE geblockt<\/strong> \u2013 hygienisch, fettabweisend und lebensmittelecht. Unsere Abrei\u00dfbeutel aus hochdichtem <a href=\"https:\/\/de.wikipedia.org\/wiki\/Polyethylen\">Polyethylen<\/a> (HDPE) sind speziell f\u00fcr den direkten Kontakt mit Lebensmitteln entwickelt und bieten eine zuverl\u00e4ssige L\u00f6sung zum hygienischen Trennen von Aufschnitt, Fleischscheiben, Wurstwaren und Fischprodukten. Diese Flachbeutel sind besonders geeignet, wenn Produkte mit wachsbeschichteten, kaschierten oder mit Kunststoff beschichteten Papieren \u2013 wie unserem <a href=\"https:\/\/www.alfincart.it\/de\/frischpack-papier\/\">Frischpack Papier<\/a> \u2013 verpackt werden.<\/p>\n<p data-start=\"694\" data-end=\"1113\">Dank ihrer hervorragenden Eigenschaften wie Fettresistenz, Geruchsneutralit\u00e4t und Fl\u00fcssigkeitsundurchl\u00e4ssigkeit verhindern sie, dass Scheiben aneinander haften. So bleibt die Frische des Produkts optimal erhalten. Die praktischen Beutel sind geblockt und mit zwei Lochungen versehen, wodurch sie sich einfach an Wandhalterungen oder Verkaufsstationen anbringen lassen \u2013 ideal f\u00fcr den schnellen Einsatz im Thekenbereich.<\/p>\n<p data-start=\"1115\" data-end=\"1510\">Die transparenten Abrei\u00dfbeutel eignen sich sowohl f\u00fcr den professionellen als auch f\u00fcr den privaten Gebrauch. In Metzgereien, K\u00e4setheken, Delikatessl\u00e4den, Superm\u00e4rkten und Feinkostgesch\u00e4ften geh\u00f6ren sie zur Grundausstattung. Dar\u00fcber hinaus finden sie auch Anwendung in Friseursalons und Kosmetikstudios, z.\u202fB. bei Str\u00e4hnchen- oder Farbtechniken \u2013 ein Beweis f\u00fcr ihre Vielseitigkeit und Qualit\u00e4t.<\/p>\n<p data-start=\"1512\" data-end=\"1539\"><strong data-start=\"1512\" data-end=\"1523\">St\u00e4rke<\/strong>:<\/p>\n<ul>\n<li>20 Mikron (\u00b5)<\/li>\n<\/ul>\n<p data-start=\"1541\" data-end=\"1566\"><strong data-start=\"1444\" data-end=\"1464\">Standardformate<\/strong>:<\/p>\n<ul data-start=\"1567\" data-end=\"1596\">\n<li data-start=\"1567\" data-end=\"1581\">\n<p data-start=\"1569\" data-end=\"1581\">25 \u00d7 37 cm<\/p>\n<\/li>\n<li data-start=\"1582\" data-end=\"1596\">\n<p data-start=\"1584\" data-end=\"1596\">37 \u00d7 50 cm<\/p>\n<\/li>\n<\/ul>\n<p data-start=\"1598\" data-end=\"1643\"><strong data-start=\"1598\" data-end=\"1613\">Verpackung<\/strong>:<\/p>\n<ul>\n<li>\n<p data-start=\"1584\" data-end=\"1596\">Kartonboxen mit 5 kg Inhalt<\/p>\n<\/li>\n<\/ul>\n<p data-start=\"1645\" data-end=\"1853\" data-is-last-node=\"\" data-is-only-node=\"\">Auf Wunsch sind auch individuelle Formate erh\u00e4ltlich, um speziellen Verpackungsanforderungen gerecht zu werden. Ein praktisches, robustes Produkt f\u00fcr jede Arbeitsumgebung, in der Hygiene und Effizienz z\u00e4hlen.<\/p>\n","protected":false},"excerpt":{"rendered":"<p>ABREISSBEUTEL HDPE<\/p>\n","protected":false},"featured_media":5022,"template":"","meta":{"_joinchat":[]},"product_cat":[70],"product_tag":[],"_links":{"self":[{"href":"https:\/\/www.alfincart.it\/de\/wp-json\/wp\/v2\/product\/2539\/"}],"collection":[{"href":"https:\/\/www.alfincart.it\/de\/wp-json\/wp\/v2\/product\/"}],"about":[{"href":"https:\/\/www.alfincart.it\/de\/wp-json\/wp\/v2\/types\/product\/"}],"wp:featuredmedia":[{"embeddable":true,"href":"https:\/\/www.alfincart.it\/de\/wp-json\/wp\/v2\/media\/5022\/"}],"wp:attachment":[{"href":"https:\/\/www.alfincart.it\/de\/wp-json\/wp\/v2\/media\/?parent=2539"}],"wp:term":[{"taxonomy":"product_cat","embeddable":true,"href":"https:\/\/www.alfincart.it\/de\/wp-json\/wp\/v2\/product_cat\/?post=2539"},{"taxonomy":"product_tag","embeddable":true,"href":"https:\/\/www.alfincart.it\/de\/wp-json\/wp\/v2\/product_tag\/?post=2539"}],"curies":[{"name":"wp","href":"https:\/\/api.w.org\/{rel}","templated":true}]}}