{"id":2548,"date":"2018-06-25T20:26:39","date_gmt":"2018-06-25T18:26:39","guid":{"rendered":"http:\/\/cool-agency.it\/testsite\/alfincart\/prodotto\/sacchetti-di-carta-kraft\/"},"modified":"2025-09-05T15:52:15","modified_gmt":"2025-09-05T13:52:15","slug":"baeckerfaltenbeutel-weiss","status":"publish","type":"product","link":"https:\/\/www.alfincart.it\/de\/backerfaltenbeutel-weis\/","title":{"rendered":"B\u00e4ckerfaltenbeutel Wei\u00df"},"content":{"rendered":"<p data-start=\"358\" data-end=\"385\"><strong data-start=\"358\" data-end=\"385\">B\u00e4ckerfaltenbeutel Wei\u00df<\/strong>. Die wei\u00dfen B\u00e4ckerfaltenbeutel werden aus stabilem, lebensmittelechtem <a href=\"https:\/\/de.wikipedia.org\/wiki\/Kraftpapier\">Kraftpapier<\/a> gefertigt und eignen sich ideal f\u00fcr das hygienische Verpacken und Transportieren von Backwaren, S\u00fc\u00dfgeb\u00e4ck, Konfekt und Keksen. Diese funktionalen B\u00e4ckerfaltenbeutel Wei\u00df sind perfekt f\u00fcr die Aufbewahrung von Brot, Pizza, <span data-huuid=\"1099894725486074629\">Fladenbrot<\/span>, Croissants, Bonbons, Pl\u00e4tzchen sowie vielen anderen trockenen Backartikeln. Auch herzhafte Snacks, Br\u00f6tchen, Teigtaschen, Fr\u00fchst\u00fccksgeb\u00e4ck und Feingeb\u00e4ck lassen sich sicher verpacken.<\/p>\n<p data-start=\"874\" data-end=\"1244\">Die seitlichen Falten bieten ein gro\u00dfz\u00fcgiges Volumen und machen die Beutel zur optimalen L\u00f6sung f\u00fcr empfindliche oder mittelgro\u00dfe Produkte. Sie sch\u00fctzen zuverl\u00e4ssig vor \u00e4u\u00dferen Einfl\u00fcssen und sorgen f\u00fcr einen sicheren Transport ohne Besch\u00e4digungen. Durch ihre einfache Handhabung, das geringe Gewicht und die platzsparende Lagerung sind sie besonders anwenderfreundlich.<\/p>\n<p data-start=\"1246\" data-end=\"1484\">Diese Beutel finden breite Anwendung in B\u00e4ckereien, Konditoreien, Gastronomiebetrieben, auf Wochenm\u00e4rkten, Verkaufsst\u00e4nden und im Take-away-Bereich. Sie stellen eine funktionale, hygienische und optisch ansprechende Verpackungsl\u00f6sung dar.<\/p>\n<p data-start=\"1486\" data-end=\"1819\">Als nachhaltige Alternative zu unseren <a href=\"https:\/\/www.alfincart.it\/de\/backerfaltenbeutel-braun\/\">braunen B\u00e4ckerfaltenbeuteln<\/a> sind sie ausschlie\u00dflich in neutraler Ausf\u00fchrung \u2013 ohne Aufdruck \u2013 erh\u00e4ltlich und werden in Kartonboxen zu 10 kg geliefert. Die verwendeten Materialien sind umweltfreundlich, recycelbar und garantieren gleichbleibende Qualit\u00e4t im t\u00e4glichen Gebrauch.<\/p>\n<p data-start=\"1821\" data-end=\"1845\"><strong data-start=\"1821\" data-end=\"1835\">Grammatur<\/strong>:<\/p>\n<ul>\n<li>40 g\/m\u00b2<\/li>\n<\/ul>\n<p data-start=\"1847\" data-end=\"1872\"><strong data-start=\"1847\" data-end=\"1870\">Verf\u00fcgbare Formate<\/strong>:<\/p>\n<ul data-start=\"1482\" data-end=\"1632\">\n<li data-start=\"1482\" data-end=\"1501\">\n<p data-start=\"1484\" data-end=\"1501\">10 (+7) \u00d7 20\u202fcm<\/p>\n<\/li>\n<li data-start=\"1502\" data-end=\"1521\">\n<p data-start=\"1504\" data-end=\"1521\">12 (+8) \u00d7 24\u202fcm<\/p>\n<\/li>\n<li data-start=\"1522\" data-end=\"1542\">\n<p data-start=\"1524\" data-end=\"1542\">14 (+11) \u00d7 28\u202fcm<\/p>\n<\/li>\n<li data-start=\"1543\" data-end=\"1565\">\n<p data-start=\"1545\" data-end=\"1565\">17 (+12,5) \u00d7 40\u202fcm<\/p>\n<\/li>\n<li data-start=\"1566\" data-end=\"1588\">\n<p data-start=\"1568\" data-end=\"1588\">17 (+12,5) \u00d7 45\u202fcm<\/p>\n<\/li>\n<li data-start=\"1589\" data-end=\"1611\">\n<p data-start=\"1591\" data-end=\"1611\">22 (+12,5) \u00d7 45\u202fcm<\/p>\n<\/li>\n<li data-start=\"1612\" data-end=\"1632\">\n<p data-start=\"1614\" data-end=\"1632\">25 (+15,5) \u00d7 50\u202fcm<\/p>\n<\/li>\n<\/ul>\n<p data-start=\"1949\" data-end=\"1995\"><strong data-start=\"1949\" data-end=\"1964\">Verpackung<\/strong>:<\/p>\n<ul>\n<li>Kartonboxen mit 10 kg Inhalt<\/li>\n<\/ul>\n<p data-start=\"1997\" data-end=\"2192\">Durch die gro\u00dfe Auswahl an Formaten lassen sich unterschiedlichste Verpackungsbed\u00fcrfnisse professionell, flexibel und zuverl\u00e4ssig abdecken \u2013 ideal f\u00fcr den t\u00e4glichen Einsatz im Lebensmittelhandel.<\/p>\n","protected":false},"excerpt":{"rendered":"<p>B\u00c4CKERFALTENBEUTEL KRAFTPAPIER WEI\u00df<\/p>\n","protected":false},"featured_media":5014,"template":"","meta":{"_joinchat":[]},"product_cat":[72],"product_tag":[],"_links":{"self":[{"href":"https:\/\/www.alfincart.it\/de\/wp-json\/wp\/v2\/product\/2548\/"}],"collection":[{"href":"https:\/\/www.alfincart.it\/de\/wp-json\/wp\/v2\/product\/"}],"about":[{"href":"https:\/\/www.alfincart.it\/de\/wp-json\/wp\/v2\/types\/product\/"}],"wp:featuredmedia":[{"embeddable":true,"href":"https:\/\/www.alfincart.it\/de\/wp-json\/wp\/v2\/media\/5014\/"}],"wp:attachment":[{"href":"https:\/\/www.alfincart.it\/de\/wp-json\/wp\/v2\/media\/?parent=2548"}],"wp:term":[{"taxonomy":"product_cat","embeddable":true,"href":"https:\/\/www.alfincart.it\/de\/wp-json\/wp\/v2\/product_cat\/?post=2548"},{"taxonomy":"product_tag","embeddable":true,"href":"https:\/\/www.alfincart.it\/de\/wp-json\/wp\/v2\/product_tag\/?post=2548"}],"curies":[{"name":"wp","href":"https:\/\/api.w.org\/{rel}","templated":true}]}}