{"id":2555,"date":"2018-06-25T20:38:56","date_gmt":"2018-06-25T18:38:56","guid":{"rendered":"http:\/\/cool-agency.it\/testsite\/alfincart\/prodotto\/sacchetti-di-carta-alios\/"},"modified":"2025-09-05T15:52:23","modified_gmt":"2025-09-05T13:52:23","slug":"baeckerfaltenbeutel-braun","status":"publish","type":"product","link":"https:\/\/www.alfincart.it\/de\/backerfaltenbeutel-braun\/","title":{"rendered":"B\u00e4ckerfaltenbeutel Braun"},"content":{"rendered":"<p data-start=\"360\" data-end=\"388\"><strong data-start=\"360\" data-end=\"388\">B\u00e4ckerfaltenbeutel Braun<\/strong>. Die braunen B\u00e4ckerfaltenbeutel bestehen aus robustem, lebensmittelechtem <a href=\"https:\/\/de.wikipedia.org\/wiki\/Kraftpapier\">Kraftpapier<\/a> und eignen sich ideal f\u00fcr das Verpacken und Transportieren von Backwaren, S\u00fc\u00dfgeb\u00e4ck, Konfekt und Keksen. Diese praktischen Papierbeutel erm\u00f6glichen die sichere Aufbewahrung von Brot, Pizza, <span data-huuid=\"1099894725486074629\">Fladenbrot<\/span>, Croissants, Bonbons, Pl\u00e4tzchen und weiteren trockenen Backartikeln. Auch herzhafte Snacks, Fr\u00fchst\u00fccksgeb\u00e4ck, Br\u00f6tchen, Teigtaschen und Feingeb\u00e4ck lassen sich problemlos verpacken.<\/p>\n<p data-start=\"856\" data-end=\"1219\">Dank der seitlichen Falten bieten die Beutel ein gro\u00dfz\u00fcgiges Volumen und eignen sich somit auch hervorragend f\u00fcr empfindlichere oder mittelgro\u00dfe Produkte. Sie gew\u00e4hrleisten einen zuverl\u00e4ssigen Schutz und vermeiden dabei unn\u00f6tige Besch\u00e4digungen. Die einfache Handhabung, das geringe Gewicht sowie die platzsparende Lagerung machen sie besonders benutzerfreundlich.<\/p>\n<p data-start=\"1221\" data-end=\"1511\">Ihr Einsatz ist besonders verbreitet in B\u00e4ckereien, Konditoreien, Gastronomiebetrieben, Feinkostl\u00e4den sowie auf M\u00e4rkten, Verkaufsst\u00e4nden und in Take-away-Bereichen. Die B\u00e4ckerfaltenbeutel Braun stellen eine \u00e4sthetisch ansprechende, zugleich praktische und hygienische Verpackungsl\u00f6sung dar.<\/p>\n<p data-start=\"1513\" data-end=\"1842\">Als nachhaltige Alternative zu unseren <a href=\"https:\/\/www.alfincart.it\/de\/backerfaltenbeutel-weis\/\">wei\u00dfen B\u00e4ckerfaltenbeuteln<\/a> sind sie ausschlie\u00dflich in neutraler Ausf\u00fchrung \u2013 ohne Aufdruck \u2013 erh\u00e4ltlich und werden in Kartonboxen zu 10 kg geliefert. Die verwendeten Materialien sind umweltfreundlich, recycelbar und garantieren eine stabile Qualit\u00e4t im t\u00e4glichen Gebrauch.<\/p>\n<p data-start=\"1844\" data-end=\"1868\"><strong data-start=\"1844\" data-end=\"1858\">Grammatur<\/strong>:<\/p>\n<ul>\n<li>40 g\/m\u00b2<\/li>\n<\/ul>\n<p data-start=\"1870\" data-end=\"1895\"><strong data-start=\"1870\" data-end=\"1893\">Verf\u00fcgbare Formate<\/strong>:<\/p>\n<ul data-start=\"1896\" data-end=\"1970\">\n<li data-start=\"1896\" data-end=\"1910\">\n<p data-start=\"1898\" data-end=\"1910\">17 \u00d7 40 cm<\/p>\n<\/li>\n<li data-start=\"1911\" data-end=\"1925\">\n<p data-start=\"1913\" data-end=\"1925\">17 \u00d7 44 cm<\/p>\n<\/li>\n<li data-start=\"1926\" data-end=\"1940\">\n<p data-start=\"1928\" data-end=\"1940\">22 \u00d7 44 cm<\/p>\n<\/li>\n<li data-start=\"1941\" data-end=\"1955\">\n<p data-start=\"1943\" data-end=\"1955\">25 \u00d7 50 cm<\/p>\n<\/li>\n<li data-start=\"1956\" data-end=\"1970\">\n<p data-start=\"1958\" data-end=\"1970\">30 \u00d7 60 cm<\/p>\n<\/li>\n<\/ul>\n<p data-start=\"1972\" data-end=\"2018\"><strong data-start=\"1972\" data-end=\"1987\">Verpackung<\/strong>:<\/p>\n<ul>\n<li>Kartonboxen mit 10 kg Inhalt<\/li>\n<\/ul>\n<p data-start=\"2020\" data-end=\"2214\">Dank der Formatvielfalt lassen sich unterschiedlichste Verpackungsanforderungen flexibel und zuverl\u00e4ssig erf\u00fcllen \u2013 eine vielseitige L\u00f6sung f\u00fcr den professionellen Einsatz im Lebensmittelhandel.<\/p>\n","protected":false},"excerpt":{"rendered":"<p>B\u00c4CKERFALTENBEUTEL KRAFTPAPIER BRAUN<\/p>\n","protected":false},"featured_media":5006,"template":"","meta":{"_joinchat":[]},"product_cat":[72],"product_tag":[],"_links":{"self":[{"href":"https:\/\/www.alfincart.it\/de\/wp-json\/wp\/v2\/product\/2555\/"}],"collection":[{"href":"https:\/\/www.alfincart.it\/de\/wp-json\/wp\/v2\/product\/"}],"about":[{"href":"https:\/\/www.alfincart.it\/de\/wp-json\/wp\/v2\/types\/product\/"}],"wp:featuredmedia":[{"embeddable":true,"href":"https:\/\/www.alfincart.it\/de\/wp-json\/wp\/v2\/media\/5006\/"}],"wp:attachment":[{"href":"https:\/\/www.alfincart.it\/de\/wp-json\/wp\/v2\/media\/?parent=2555"}],"wp:term":[{"taxonomy":"product_cat","embeddable":true,"href":"https:\/\/www.alfincart.it\/de\/wp-json\/wp\/v2\/product_cat\/?post=2555"},{"taxonomy":"product_tag","embeddable":true,"href":"https:\/\/www.alfincart.it\/de\/wp-json\/wp\/v2\/product_tag\/?post=2555"}],"curies":[{"name":"wp","href":"https:\/\/api.w.org\/{rel}","templated":true}]}}