{"id":2580,"date":"2018-06-25T21:03:26","date_gmt":"2018-06-25T19:03:26","guid":{"rendered":"http:\/\/cool-agency.it\/testsite\/alfincart\/prodotto\/porta-panini-da-asporto-2\/"},"modified":"2025-09-05T15:52:40","modified_gmt":"2025-09-05T13:52:40","slug":"burgertaschen","status":"publish","type":"product","link":"https:\/\/www.alfincart.it\/de\/burgertaschen\/","title":{"rendered":"Burgertaschen"},"content":{"rendered":"<p data-start=\"206\" data-end=\"229\"><strong data-start=\"206\" data-end=\"229\">Burgertaschen f\u00fcr Sandwich<\/strong>. Unsere Einweg-Sandwichtaschen aus Papier (eine praktische Alternative zu <a href=\"https:\/\/www.alfincart.it\/de\/kebab-taschen\/\">D\u00f6nert\u00fcten f\u00fcr D\u00f6ner Kebab<\/a>) sind an zwei Seiten offen und erm\u00f6glichen so ein schnelles und einfaches Einlegen sowie Herausnehmen des Inhalts. Die seitliche Thermosiegelung sorgt f\u00fcr eine sichere und stabile Verschlusskante, die den Transport von Lebensmitteln erleichtert. Die Variante aus <a href=\"https:\/\/de.wikipedia.org\/wiki\/Stroh\">Stroh<\/a>papier ist mit einer speziellen gepr\u00e4gten Oberfl\u00e4che versehen, die dem Beutel zus\u00e4tzliche Steifigkeit und einen rutschfesten Effekt verleiht \u2013 ideal, um das Abrutschen aus der Hand zu verhindern.<\/p>\n<p data-start=\"796\" data-end=\"1199\">Diese Burgertaschen sind perfekt f\u00fcr den hygienischen und unkomplizierten Transport von Sandwiches, Panini, Hamburgern, Piadinas, Toasts, Pizzast\u00fccken, Hot Dogs und belegten Br\u00f6tchen. Auch warme Speisen und fertig zubereitete Produkte lassen sich sicher und frisch verpackt mitnehmen. F\u00fcr noch besseren Schutz vor Fett und Feuchtigkeit k\u00f6nnen sie hervorragend mit unserem fettdichten Papier kombiniert werden.<\/p>\n<p data-start=\"1201\" data-end=\"1545\">Die Taschen sind in verschiedenen Formaten erh\u00e4ltlich und lassen sich auf Wunsch mit individuellem Logodruck personalisieren \u2013 ideal f\u00fcr gastronomische Betriebe, die ihre Markenidentit\u00e4t st\u00e4rken m\u00f6chten. Hergestellt aus robustem, Papier bieten sie eine hygienische, funktionale und gleichzeitig umweltfreundliche Verpackungsl\u00f6sung.<\/p>\n<p data-start=\"1547\" data-end=\"1745\">Ob f\u00fcr Imbiss, Bar, B\u00e4ckerei, R\u00f6sterei oder Catering \u2013 diese Tasche f\u00fcr Sandwich ist das ideale Zubeh\u00f6r f\u00fcr alle, die Wert auf Qualit\u00e4t, Ordnung und einen professionellen Eindruck beim Kunden legen.<\/p>\n<p data-start=\"1747\" data-end=\"1779\"><strong data-start=\"1747\" data-end=\"1766\">Standardformat<\/strong>:<\/p>\n<ul>\n<li>16 \u00d7 16 cm<\/li>\n<\/ul>\n<p data-start=\"1781\" data-end=\"1826\"><strong data-start=\"1781\" data-end=\"1796\">Verpackung<\/strong>:<\/p>\n<ul>\n<li>Kartonboxen mit 500 Taschen<\/li>\n<\/ul>\n","protected":false},"excerpt":{"rendered":"<p>TASCHE F\u00dcR SANDWICH<\/p>\n","protected":false},"featured_media":5628,"template":"","meta":{"_joinchat":[]},"product_cat":[72],"product_tag":[],"_links":{"self":[{"href":"https:\/\/www.alfincart.it\/de\/wp-json\/wp\/v2\/product\/2580\/"}],"collection":[{"href":"https:\/\/www.alfincart.it\/de\/wp-json\/wp\/v2\/product\/"}],"about":[{"href":"https:\/\/www.alfincart.it\/de\/wp-json\/wp\/v2\/types\/product\/"}],"wp:featuredmedia":[{"embeddable":true,"href":"https:\/\/www.alfincart.it\/de\/wp-json\/wp\/v2\/media\/5628\/"}],"wp:attachment":[{"href":"https:\/\/www.alfincart.it\/de\/wp-json\/wp\/v2\/media\/?parent=2580"}],"wp:term":[{"taxonomy":"product_cat","embeddable":true,"href":"https:\/\/www.alfincart.it\/de\/wp-json\/wp\/v2\/product_cat\/?post=2580"},{"taxonomy":"product_tag","embeddable":true,"href":"https:\/\/www.alfincart.it\/de\/wp-json\/wp\/v2\/product_tag\/?post=2580"}],"curies":[{"name":"wp","href":"https:\/\/api.w.org\/{rel}","templated":true}]}}