{"id":2587,"date":"2018-06-25T21:12:21","date_gmt":"2018-06-25T19:12:21","guid":{"rendered":"http:\/\/cool-agency.it\/testsite\/alfincart\/prodotto\/tasche-porta-kebab\/"},"modified":"2025-09-05T15:52:52","modified_gmt":"2025-09-05T13:52:52","slug":"kebab-taschen","status":"publish","type":"product","link":"https:\/\/www.alfincart.it\/de\/kebab-taschen\/","title":{"rendered":"D\u00f6nert\u00fcten f\u00fcr D\u00f6ner Kebab"},"content":{"rendered":"<p data-start=\"213\" data-end=\"749\"><strong data-start=\"213\" data-end=\"243\">D\u00f6nert\u00fcten f\u00fcr D\u00f6ner Kebab<\/strong>. Unsere Einweg-Papiert\u00fcten aus wei\u00dfem <a href=\"https:\/\/de.wikipedia.org\/wiki\/Kraftpapier\">Kraftpapier<\/a> sind mit einem auff\u00e4lligen roten \u201eD\u00f6ner Kebab\u201c-Logo bedruckt. Sie verf\u00fcgen \u00fcber eine praktische doppelseitige \u00d6ffnung, die das Essen und Mitnehmen von D\u00f6ner, Sandwiches, Hamburgern, Pizzast\u00fccken und To-go-Snacks besonders komfortabel macht. Diese D\u00f6nert\u00fcten f\u00fcr D\u00f6ner Kebab sind vielseitig einsetzbar und ideal f\u00fcr Imbissst\u00e4nde, Pubs und Fast-Food-Betriebe, die Wert auf Funktionalit\u00e4t, Komfort und Wirtschaftlichkeit legen, ohne Kompromisse bei der Qualit\u00e4t einzugehen.<\/p>\n<p data-start=\"751\" data-end=\"1202\">Das wei\u00dfe Kraftpapier hat eine Grammatur von 35 g\/m\u00b2 und bietet somit ausreichend Stabilit\u00e4t, auch bei \u00f6ligen oder leicht fettigen Lebensmitteln. Die Standardgr\u00f6\u00dfe von 15 \u00d7 15 cm eignet sich perfekt f\u00fcr mittelgro\u00dfe Sandwiches und Snacks. Verpackt werden sie in Kartons zu je 3000 St\u00fcck \u2013 ideal f\u00fcr den kontinuierlichen Bedarf in gastronomischen Betrieben. So lassen sich verschiedenste Snackartikel hygienisch, unkompliziert und zeitsparend verpacken.<\/p>\n<p data-start=\"1204\" data-end=\"1724\">Dank des doppelseitigen Designs wird die Handhabung erleichtert, besonders beim Verzehr unterwegs \u2013 das verbessert das Take-away-Erlebnis erheblich. Das verwendete Papier ist umweltfreundlich, leicht entsorgbar und nachhaltig. Dar\u00fcber hinaus bieten die T\u00fcten einen effektiven Schutz vor Feuchtigkeit und helfen dabei, Speisen frisch zu halten. Als sinnvolle Alternative zu unseren <a href=\"https:\/\/www.alfincart.it\/de\/tasche-fur-sandwich\/\">Taschen f\u00fcr Sandwiches<\/a> bieten sie eine wirtschaftliche, funktionale und professionelle L\u00f6sung f\u00fcr den t\u00e4glichen Einsatz in der Gastronomie.<\/p>\n<p data-start=\"1726\" data-end=\"1853\">Zus\u00e4tzlich k\u00f6nnen sie optimal mit unserem <a href=\"https:\/\/www.alfincart.it\/de\/fettpapier\/\">fettdichten Papier<\/a> kombiniert werden, um Fett und Feuchtigkeit noch besser zu binden.<\/p>\n<p data-start=\"1855\" data-end=\"1887\"><strong data-start=\"1855\" data-end=\"1877\">Standardgrammatur<\/strong>:<\/p>\n<ul>\n<li>35 g\/m\u00b2<\/li>\n<\/ul>\n<p data-start=\"1889\" data-end=\"1921\"><strong data-start=\"1889\" data-end=\"1908\">Standardformat<\/strong>:<\/p>\n<ul>\n<li>15 \u00d7 15 cm<\/li>\n<\/ul>\n<p data-start=\"1923\" data-end=\"1967\"><strong data-start=\"1923\" data-end=\"1938\">Verpackung<\/strong>:<\/p>\n<ul>\n<li>Kartonboxen mit 3000 T\u00fcten<\/li>\n<\/ul>\n","protected":false},"excerpt":{"rendered":"<p>D\u00d6NERT\u00dcTEN F\u00dcR KEBAB<\/p>\n","protected":false},"featured_media":4978,"template":"","meta":{"_joinchat":[]},"product_cat":[72],"product_tag":[],"_links":{"self":[{"href":"https:\/\/www.alfincart.it\/de\/wp-json\/wp\/v2\/product\/2587\/"}],"collection":[{"href":"https:\/\/www.alfincart.it\/de\/wp-json\/wp\/v2\/product\/"}],"about":[{"href":"https:\/\/www.alfincart.it\/de\/wp-json\/wp\/v2\/types\/product\/"}],"wp:featuredmedia":[{"embeddable":true,"href":"https:\/\/www.alfincart.it\/de\/wp-json\/wp\/v2\/media\/4978\/"}],"wp:attachment":[{"href":"https:\/\/www.alfincart.it\/de\/wp-json\/wp\/v2\/media\/?parent=2587"}],"wp:term":[{"taxonomy":"product_cat","embeddable":true,"href":"https:\/\/www.alfincart.it\/de\/wp-json\/wp\/v2\/product_cat\/?post=2587"},{"taxonomy":"product_tag","embeddable":true,"href":"https:\/\/www.alfincart.it\/de\/wp-json\/wp\/v2\/product_tag\/?post=2587"}],"curies":[{"name":"wp","href":"https:\/\/api.w.org\/{rel}","templated":true}]}}