{"id":2593,"date":"2018-06-25T21:20:19","date_gmt":"2018-06-25T19:20:19","guid":{"rendered":"http:\/\/cool-agency.it\/testsite\/alfincart\/prodotto\/sacchetti-per-il-pollo-allo-spiedo\/"},"modified":"2025-09-05T15:53:01","modified_gmt":"2025-09-05T13:53:01","slug":"haehnchenbeutel","status":"publish","type":"product","link":"https:\/\/www.alfincart.it\/de\/hahnchenbeutel\/","title":{"rendered":"H\u00e4hnchenbeutel"},"content":{"rendered":"<p data-start=\"132\" data-end=\"541\"><strong data-start=\"132\" data-end=\"162\">H\u00e4hnchenbeutel <\/strong>aus Papier. Unsere thermischen Papiert\u00fcten mit generischem Zweifarb-Logo verf\u00fcgen innen \u00fcber eine spezielle Schutzschicht, die sie feuchtigkeitsbest\u00e4ndig sowie wasser-, \u00f6l-, fett- und fl\u00fcssigkeitsundurchl\u00e4ssig macht. Dank der besonderen fettabweisenden Innenbeschichtung halten diese Einweg-H\u00e4hnchenbeutel Fett und Hitze effektiv zur\u00fcck, wodurch das Produkt l\u00e4nger warm und knusprig bleibt.<\/p>\n<p data-start=\"543\" data-end=\"1283\">Sie eignen sich nicht nur f\u00fcr Spanferkel und gegrilltes H\u00e4hnchen, sondern auch perfekt f\u00fcr Take-away von Sandwiches, Hamburgern, Piadinas, Toasts, Pizzast\u00fccken, Hot Dogs, Kebabs, Pommes frites, D\u00f6ner, Wraps, Snacks, Street Food, Catering, Schnellimbiss, Imbiss, Gastro-Betriebe, Events, Festivals, Food Markets, Food-Service, Gastronomie, Verpackung, Hygiene, Einwegverpackungen, Thermotaschen, <a href=\"https:\/\/de.wikipedia.org\/wiki\/To_go\">To-Go<\/a>-Verpackungen, K\u00fcchenbedarf und Lebensmittelverpackungen. Vielseitig, praktisch, handlich, platzsparend, leicht, schnell, effizient, komfortabel, funktional und robust sind diese fettabweisenden Papiert\u00fcten ein hochwertiges Produkt, das das Verpacken von H\u00e4hnchen zum Mitnehmen einfach und elegant gestaltet.<\/p>\n<p data-start=\"1285\" data-end=\"1544\">In Kombination mit unserem <a href=\"https:\/\/www.alfincart.it\/de\/fettpapier\/\">fettdichten Papier<\/a> sind die Einweg-H\u00e4hnchenbeutel unverzichtbar f\u00fcr Rostbratereien, Frittierbetriebe, Food Trucks, Imbissst\u00e4nde und gastronomische Betriebe, die Wert auf einfache Handhabung, Funktionalit\u00e4t und Kosteneffizienz legen.<\/p>\n<p data-start=\"1546\" data-end=\"1857\">Die Papiert\u00fcten f\u00fcr Spanferkel und H\u00e4hnchen to go sind nicht nur umweltfreundlich, sondern bewahren auch die Frische und Qualit\u00e4t der Speisen. Hergestellt aus robusten und nachhaltigen Materialien bieten sie eine verl\u00e4ssliche, funktionale und leistungsstarke L\u00f6sung f\u00fcr alle Arten von gastronomischen Betrieben.<\/p>\n<p data-start=\"1859\" data-end=\"1893\"><strong>Standardformat<\/strong>:<\/p>\n<ul>\n<li>17 (+12) \u00d7 34 cm<\/li>\n<\/ul>\n<p data-start=\"1895\" data-end=\"1936\"><strong>Verpackung<\/strong>:<\/p>\n<ul>\n<li>Kartonboxen mit 500 Beuteln<\/li>\n<\/ul>\n","protected":false},"excerpt":{"rendered":"<p>H\u00c4HNCHENT\u00dcTEN<\/p>\n","protected":false},"featured_media":4974,"template":"","meta":{"_joinchat":[]},"product_cat":[72],"product_tag":[],"_links":{"self":[{"href":"https:\/\/www.alfincart.it\/de\/wp-json\/wp\/v2\/product\/2593\/"}],"collection":[{"href":"https:\/\/www.alfincart.it\/de\/wp-json\/wp\/v2\/product\/"}],"about":[{"href":"https:\/\/www.alfincart.it\/de\/wp-json\/wp\/v2\/types\/product\/"}],"wp:featuredmedia":[{"embeddable":true,"href":"https:\/\/www.alfincart.it\/de\/wp-json\/wp\/v2\/media\/4974\/"}],"wp:attachment":[{"href":"https:\/\/www.alfincart.it\/de\/wp-json\/wp\/v2\/media\/?parent=2593"}],"wp:term":[{"taxonomy":"product_cat","embeddable":true,"href":"https:\/\/www.alfincart.it\/de\/wp-json\/wp\/v2\/product_cat\/?post=2593"},{"taxonomy":"product_tag","embeddable":true,"href":"https:\/\/www.alfincart.it\/de\/wp-json\/wp\/v2\/product_tag\/?post=2593"}],"curies":[{"name":"wp","href":"https:\/\/api.w.org\/{rel}","templated":true}]}}