{"id":2611,"date":"2018-06-25T21:39:20","date_gmt":"2018-06-25T19:39:20","guid":{"rendered":"http:\/\/cool-agency.it\/testsite\/alfincart\/prodotto\/portaposate-di-carta\/"},"modified":"2025-09-05T15:53:08","modified_gmt":"2025-09-05T13:53:08","slug":"bestecktaschen-mit-serviette","status":"publish","type":"product","link":"https:\/\/www.alfincart.it\/de\/serviettentaschen-aus-papier\/","title":{"rendered":"Bestecktaschen mit Serviette"},"content":{"rendered":"<p data-start=\"333\" data-end=\"814\"><strong>Bestecktaschen mit Serviette<\/strong>. Unsere Papier-Bestecktaschen enthalten eine doppellagige Papierserviette im Format 38 \u00d7 38 cm und passen perfekt zu unseren <a href=\"https:\/\/www.alfincart.it\/de\/tischets-braun\/\">Papier Tischets Braun<\/a>, die der Tafel ein rustikales, gepflegtes und nat\u00fcrliches Aussehen verleihen. Gefertigt aus lebensmittelgeeignetem, braun beschichtetem Papier sind diese Einweg-Bestecktaschen ein praktisches, kosteng\u00fcnstiges und \u00e4u\u00dferst funktionales Produkt f\u00fcr alle Betriebe im Food &amp; Beverage-Bereich.<\/p>\n<p data-start=\"816\" data-end=\"1317\">Sie sind die ideale L\u00f6sung f\u00fcr Restaurants, Pizzerien, Gastst\u00e4tten, Imbisse, Bars, Pubs, Sandwichl\u00e4den, Bierg\u00e4rten, <a href=\"https:\/\/de.wikipedia.org\/wiki\/Fast_Food\">Fast-Food<\/a>-Betriebe und Betriebskantinen. Die Bestecktaschen sch\u00fctzen das Besteck vor \u00e4u\u00dferen Verunreinigungen wie Staub, Bakterien oder unhygienischen Kontakten und sorgen so f\u00fcr ein sicheres und professionelles Kundenerlebnis. Der Einsatz dieser Taschen verbessert deutlich die Wahrnehmung des Services, da Kunden Ordnung, Sauberkeit und Liebe zum Detail mit hoher Qualit\u00e4t verbinden.<\/p>\n<p data-start=\"1319\" data-end=\"1569\">F\u00fcr Kantinen und Selbstbedienungsbereiche sind Bestecktaschen\u00a0 mit Serviette eine praktische und zeitsparende Organisationshilfe. Auf Wunsch sind sie auch mit individuellem Firmenlogo bedruckbar, was die Identit\u00e4t des Betriebs st\u00e4rkt und das Markenimage verbessert.<\/p>\n<p data-start=\"1571\" data-end=\"1789\">Diese Bestecktaschen sind besonders gut kombinierbar mit Papier Tischets Braun und erg\u00e4nzen das rustikale, nat\u00fcrliche Tischambiente perfekt. Sie bieten Hygiene, Komfort und eine ansprechende Optik f\u00fcr jeden Anlass.<\/p>\n<p data-start=\"1791\" data-end=\"1838\"><strong>Format Bestecktasche aus Papier<\/strong>:<\/p>\n<ul>\n<li>10 \u00d7 25 cm<\/li>\n<\/ul>\n<p data-start=\"1840\" data-end=\"1885\"><strong>Format doppellagige Serviette<\/strong>:<\/p>\n<ul>\n<li>38 \u00d7 38 cm<\/li>\n<\/ul>\n<p data-start=\"1887\" data-end=\"1938\"><strong>Verpackung<\/strong>:<\/p>\n<ul>\n<li>Kartonboxen mit 1000 Bestecktaschen<\/li>\n<\/ul>\n<p data-start=\"1940\" data-end=\"2062\">Auf Anfrage sind auch personalisierte Drucke m\u00f6glich, um spezielle Kommunikations- und Marketinganforderungen zu erf\u00fcllen.<\/p>\n","protected":false},"excerpt":{"rendered":"<p>SERVIETTENTASCHEN F\u00dcR BESTECK ZELLSTOFFSERVIETTE<\/p>\n","protected":false},"featured_media":4950,"template":"","meta":{"_joinchat":[]},"product_cat":[72],"product_tag":[],"_links":{"self":[{"href":"https:\/\/www.alfincart.it\/de\/wp-json\/wp\/v2\/product\/2611\/"}],"collection":[{"href":"https:\/\/www.alfincart.it\/de\/wp-json\/wp\/v2\/product\/"}],"about":[{"href":"https:\/\/www.alfincart.it\/de\/wp-json\/wp\/v2\/types\/product\/"}],"wp:featuredmedia":[{"embeddable":true,"href":"https:\/\/www.alfincart.it\/de\/wp-json\/wp\/v2\/media\/4950\/"}],"wp:attachment":[{"href":"https:\/\/www.alfincart.it\/de\/wp-json\/wp\/v2\/media\/?parent=2611"}],"wp:term":[{"taxonomy":"product_cat","embeddable":true,"href":"https:\/\/www.alfincart.it\/de\/wp-json\/wp\/v2\/product_cat\/?post=2611"},{"taxonomy":"product_tag","embeddable":true,"href":"https:\/\/www.alfincart.it\/de\/wp-json\/wp\/v2\/product_tag\/?post=2611"}],"curies":[{"name":"wp","href":"https:\/\/api.w.org\/{rel}","templated":true}]}}