{"id":2620,"date":"2018-06-25T21:48:39","date_gmt":"2018-06-25T19:48:39","guid":{"rendered":"http:\/\/cool-agency.it\/testsite\/alfincart\/prodotto\/sacchetti-salva-freschezza-alluminati\/"},"modified":"2025-09-05T15:53:25","modified_gmt":"2025-09-05T13:53:25","slug":"aluminium-papierbeutel","status":"publish","type":"product","link":"https:\/\/www.alfincart.it\/de\/aluminium-papierbeutel\/","title":{"rendered":"Aluminium Papierbeutel"},"content":{"rendered":"<p data-start=\"313\" data-end=\"706\"><strong>Aluminium Papierbeutel<\/strong> mit generischem Logo. Unsere Frischebeutel aus Papier halten Fl\u00fcssigkeiten zur\u00fcck, verhindern das Eindringen von Licht, sind feuchtigkeitsbest\u00e4ndig und bewahren die Frische der Lebensmittel. Hergestellt aus wei\u00dfem, metallisiertem Papier, sind sie das ideale Produkt zur Erhaltung der Echtheit gastronomischer Erzeugnisse und verl\u00e4ngern die Lagerf\u00e4higkeit im K\u00fchlschrank.<\/p>\n<p data-start=\"708\" data-end=\"1112\">Dank ihrer praktischen Handhabung werden die Frischebeutel h\u00e4ufig im Lebensmittelbereich eingesetzt, um Frischwaren und Thekenartikel zu verpacken, die mit unserem <a href=\"https:\/\/www.alfincart.it\/de\/frischpack-papier\/\">Frischpackpapier<\/a> aus <a href=\"https:\/\/de.wikipedia.org\/wiki\/Polyethylen\">Polyethylen<\/a> hoher Dichte kaschiert sind. Vielseitig, komfortabel und widerstandsf\u00e4hig, sind die Aluminium Papierbeutel ein Produkt h\u00f6chster Qualit\u00e4t, das die Verpackung jedes Lebensmittels einfacher und eleganter macht.<\/p>\n<p data-start=\"1114\" data-end=\"1642\">Die metallisierten Papiert\u00fcten sind nicht nur umweltfreundlich, sondern bewahren auch die Frische und Qualit\u00e4t der Lebensmittel. Gefertigt aus robusten, \u00f6kologischen Materialien, bieten sie eine zuverl\u00e4ssige, praktische und funktionale L\u00f6sung f\u00fcr alle Gesch\u00e4ftsbereiche. Sie sind ideal f\u00fcr Gastronomie, Feinkostgesch\u00e4fte, Imbissbetriebe, Sandwichl\u00e4den und Wochenm\u00e4rkte. Die Metallbeschichtung sorgt f\u00fcr eine effektive Barriere gegen Feuchtigkeit und Sauerstoff und tr\u00e4gt so zur Verl\u00e4ngerung der Haltbarkeit der Lebensmittel bei.<\/p>\n<p data-start=\"1644\" data-end=\"2161\">Ideal f\u00fcr Lebensmittelverpackung, Aromaschutz, K\u00fchllagerung, Vakuumverpackung, Lebensmittelhygiene, Umweltfreundlichkeit, Recycling, Frischeerhalt, Sauerstoffbarriere, Feuchtigkeitsbarriere, Gastronomiebedarf, Take-away-Verpackung, Einwegverpackung, Produktschutz, Sichtschutz, Hygieneartikel, Catering, Frischwaren, Snackverpackung, nachhaltige Verpackung, Aromaversiegelung, Lebensmittelkonservierung, Metallbeschichtung, Papiertaschen, Lagerung, Frische, Haltbarkeit, robuste Verpackung, bedruckbar, Logo-Branding.<\/p>\n<p data-start=\"2163\" data-end=\"2178\"><strong>Standardformat<\/strong>:<\/p>\n<ul>\n<li>20 (+4,5) \u00d7 35 cm<\/li>\n<\/ul>\n<p data-start=\"2199\" data-end=\"2210\"><strong>Verpackung<\/strong>:<\/p>\n<ul>\n<li>Kartonboxen mit 1000 Beuteln<\/li>\n<\/ul>\n","protected":false},"excerpt":{"rendered":"<p>ALUMINIUM BEUTEL<\/p>\n","protected":false},"featured_media":5675,"template":"","meta":{"_joinchat":[]},"product_cat":[72],"product_tag":[],"_links":{"self":[{"href":"https:\/\/www.alfincart.it\/de\/wp-json\/wp\/v2\/product\/2620\/"}],"collection":[{"href":"https:\/\/www.alfincart.it\/de\/wp-json\/wp\/v2\/product\/"}],"about":[{"href":"https:\/\/www.alfincart.it\/de\/wp-json\/wp\/v2\/types\/product\/"}],"wp:featuredmedia":[{"embeddable":true,"href":"https:\/\/www.alfincart.it\/de\/wp-json\/wp\/v2\/media\/5675\/"}],"wp:attachment":[{"href":"https:\/\/www.alfincart.it\/de\/wp-json\/wp\/v2\/media\/?parent=2620"}],"wp:term":[{"taxonomy":"product_cat","embeddable":true,"href":"https:\/\/www.alfincart.it\/de\/wp-json\/wp\/v2\/product_cat\/?post=2620"},{"taxonomy":"product_tag","embeddable":true,"href":"https:\/\/www.alfincart.it\/de\/wp-json\/wp\/v2\/product_tag\/?post=2620"}],"curies":[{"name":"wp","href":"https:\/\/api.w.org\/{rel}","templated":true}]}}