{"id":2627,"date":"2018-06-25T21:58:01","date_gmt":"2018-06-25T19:58:01","guid":{"rendered":"http:\/\/cool-agency.it\/testsite\/alfincart\/prodotto\/tovagliette-di-carta-bianca\/"},"modified":"2025-09-05T15:53:33","modified_gmt":"2025-09-05T13:53:33","slug":"papier-tischets-weiss","status":"publish","type":"product","link":"https:\/\/www.alfincart.it\/de\/tischets-weis\/","title":{"rendered":"Papier Tischets Wei\u00df"},"content":{"rendered":"<p data-start=\"228\" data-end=\"869\"><strong>Papier Tischets Wei\u00df<\/strong>. Wie die Tischsets aus Papier Braun lassen sich auch die Einweg-Tischsets aus wei\u00dfem Papier m\u00fchelos mit jeder Tischdekoration kombinieren. Sie sind die perfekte L\u00f6sung f\u00fcr alle, die nach Praktikabilit\u00e4t, Komfort und Wirtschaftlichkeit suchen. Die Tischsets k\u00f6nnen als Alternative zu klassischen Einwegtischdecken als Unterlage f\u00fcr Teller oder als Tablettabdeckung in Restaurants, Gastst\u00e4tten, Bars, Pubs, Imbissbuden, Brauereien, Fast-Food-Restaurants und Snackbars eingesetzt werden. Dank ihrer hohen Saugf\u00e4higkeit eignen sie sich auch hervorragend als dekoratives Papier oder Verpackungsmaterial.<\/p>\n<p data-start=\"871\" data-end=\"1561\">Die wei\u00dfen Tischsets sind f\u00fcr den Kontakt mit allen Lebensmitteln geeignet, f\u00fcr die keine Migrationspr\u00fcfungen notwendig sind (also trockene Lebensmittel), und sind ebenfalls ideal f\u00fcr den professionellen Einsatz in Zahnarztpraxen, Ambulanzen, Dentallaboren und \u00fcberall dort, wo hygienischer Schutz gefragt ist. Au\u00dferdem sind sie perfekt f\u00fcr Schnellrestaurants, Firmenveranstaltungen, Schulkantinen, Volksfeste und mobiles Catering geeignet. Dieses elegante, zu 100 % recycelte und recycelbare Papier ist auch als spezielle Ausf\u00fchrung mit hochdichtem <a href=\"https:\/\/de.wikipedia.org\/wiki\/Polyethylen\">Polyethylen<\/a> f\u00fcr Lebensmittelkontakt erh\u00e4ltlich. Diese Version eignet sich f\u00fcr alle Lebensmittelarten \u2013 feucht, trocken, \u00f6lig und fettig.<\/p>\n<p data-start=\"1563\" data-end=\"1597\"><strong>Standardgrammatur<\/strong>:<\/p>\n<ul>\n<li>45 g\/m\u00b2<\/li>\n<\/ul>\n<p data-start=\"1599\" data-end=\"1664\"><strong>Standardformate<\/strong>:<\/p>\n<ul data-start=\"1423\" data-end=\"1480\">\n<li data-start=\"1423\" data-end=\"1437\">\n<p data-start=\"1425\" data-end=\"1437\">30 \u00d7 40 cm<\/p>\n<\/li>\n<li data-start=\"1438\" data-end=\"1452\">\n<p data-start=\"1440\" data-end=\"1452\">37 \u00d7 50 cm<\/p>\n<\/li>\n<li data-start=\"1453\" data-end=\"1467\">\n<p data-start=\"1455\" data-end=\"1467\">40 \u00d7 50 cm<\/p>\n<\/li>\n<\/ul>\n<p data-start=\"1666\" data-end=\"1728\"><strong>Verpackung<\/strong>:<\/p>\n<ul>\n<li>Schrumpffolienverpackungen \u00e0 500 Tischsets<\/li>\n<\/ul>\n<p data-start=\"1730\" data-end=\"1864\">Auf Wunsch sind auch individuell bedruckte Tischsets verf\u00fcgbar, um besondere Anforderungen in Kommunikation und Marketing zu erf\u00fcllen.<\/p>\n<p data-start=\"1866\" data-end=\"2038\" data-is-last-node=\"\" data-is-only-node=\"\">Die wei\u00dfen Papier Tischets Wei\u00df lassen sich hervorragend mit unseren <a href=\"https:\/\/www.alfincart.it\/de\/serviettentaschen-aus-papier\/\">Bestecktaschen<\/a> kombinieren und sind eine stilvolle Alternative zur braunen Version (<a href=\"https:\/\/www.alfincart.it\/de\/tischets-braun\/\">Tischets Braun<\/a>).<\/p>\n","protected":false},"excerpt":{"rendered":"<p>TISCHSETS WEI\u00df<\/p>\n","protected":false},"featured_media":5338,"template":"","meta":{"_joinchat":[]},"product_cat":[70],"product_tag":[],"_links":{"self":[{"href":"https:\/\/www.alfincart.it\/de\/wp-json\/wp\/v2\/product\/2627\/"}],"collection":[{"href":"https:\/\/www.alfincart.it\/de\/wp-json\/wp\/v2\/product\/"}],"about":[{"href":"https:\/\/www.alfincart.it\/de\/wp-json\/wp\/v2\/types\/product\/"}],"wp:featuredmedia":[{"embeddable":true,"href":"https:\/\/www.alfincart.it\/de\/wp-json\/wp\/v2\/media\/5338\/"}],"wp:attachment":[{"href":"https:\/\/www.alfincart.it\/de\/wp-json\/wp\/v2\/media\/?parent=2627"}],"wp:term":[{"taxonomy":"product_cat","embeddable":true,"href":"https:\/\/www.alfincart.it\/de\/wp-json\/wp\/v2\/product_cat\/?post=2627"},{"taxonomy":"product_tag","embeddable":true,"href":"https:\/\/www.alfincart.it\/de\/wp-json\/wp\/v2\/product_tag\/?post=2627"}],"curies":[{"name":"wp","href":"https:\/\/api.w.org\/{rel}","templated":true}]}}