{"id":2633,"date":"2018-06-25T22:07:55","date_gmt":"2018-06-25T20:07:55","guid":{"rendered":"http:\/\/cool-agency.it\/testsite\/alfincart\/prodotto\/tovagliette-di-carta-paglia\/"},"modified":"2025-09-05T15:53:41","modified_gmt":"2025-09-05T13:53:41","slug":"tischets-braun","status":"publish","type":"product","link":"https:\/\/www.alfincart.it\/de\/tischets-braun\/","title":{"rendered":"Papier Tischets Braun"},"content":{"rendered":"<p data-start=\"250\" data-end=\"876\"><strong>Papier Tischets Braun<\/strong> f\u00fcr Restaurants und Pizzerien. Unsere Einweg-Tischsets aus Papier Braun lassen sich problemlos mit jeder Tischdekoration kombinieren und sind die ideale L\u00f6sung f\u00fcr alle, die nach Praktikabilit\u00e4t, Komfort und Kostenersparnis suchen. Sie k\u00f6nnen als Alternative zu klassischen Einwegtischdecken verwendet werden \u2013 entweder als Unterlage f\u00fcr Teller oder als Tablettabdeckung in Restaurants, Gastst\u00e4tten, Bars, Pubs, Imbissbuden, Brauereien, Fast-Food-Restaurants und Snackbars. Mit ihrer ausgezeichneten Saugf\u00e4higkeit eignen sie sich auch hervorragend als dekoratives Papier oder Verpackungsmaterial.<\/p>\n<p data-start=\"878\" data-end=\"1181\">Die Tischsets aus Papierpaglia sind f\u00fcr den Kontakt mit allen Lebensmitteln geeignet, f\u00fcr die keine Migrationspr\u00fcfungen erforderlich sind (d.h. trockene Lebensmittel), und lassen sich ideal mit unseren <a href=\"https:\/\/www.alfincart.it\/de\/serviettentaschen-aus-papier\/\">Bestecktaschen<\/a> aus Papier kombinieren, wodurch ein rustikaler und nat\u00fcrlicher Tischlook entsteht.<\/p>\n<p data-start=\"1183\" data-end=\"1665\">Dieses elegante, zu 100 % recycelte und recycelbare Papier ist auch in einer speziellen Ausf\u00fchrung mit hochdichtem <a href=\"https:\/\/de.wikipedia.org\/wiki\/Polyethylen\">Polyethylen<\/a> f\u00fcr Lebensmittelkontakt erh\u00e4ltlich. Diese Version eignet sich f\u00fcr alle Lebensmittelarten \u2013 feucht, trocken, \u00f6lig und fettig. Eine praktische, funktionale L\u00f6sung mit traditionellem Design, die selbst einfache oder informelle Anl\u00e4sse aufwertet. Die Tischsets sind leicht, kosteng\u00fcnstig, individualisierbar und perfekt f\u00fcr schnelle, hygienische Services.<\/p>\n<p data-start=\"1667\" data-end=\"1701\"><strong>Standardgrammatur<\/strong>:<\/p>\n<ul>\n<li>90 g\/m\u00b2<\/li>\n<\/ul>\n<p data-start=\"1703\" data-end=\"1753\"><strong>Standardformate<\/strong>:<\/p>\n<ul>\n<li data-start=\"1423\" data-end=\"1437\">\n<p data-start=\"1425\" data-end=\"1437\">30 \u00d7 40 cm<\/p>\n<\/li>\n<li data-start=\"1438\" data-end=\"1452\">\n<p data-start=\"1440\" data-end=\"1452\">40 \u00d7 50 cm<\/p>\n<\/li>\n<\/ul>\n<p data-start=\"1755\" data-end=\"1817\"><strong>Verpackung<\/strong>:<\/p>\n<ul>\n<li>Schrumpffolienverpackungen \u00e0 500 Tischsets<\/li>\n<\/ul>\n<p data-start=\"1819\" data-end=\"1961\">Auf Wunsch sind auch individuell bedruckte Tischsets erh\u00e4ltlich, um speziellen Anforderungen in Kommunikation und Marketing gerecht zu werden.<\/p>\n<p data-start=\"1963\" data-end=\"2126\" data-is-last-node=\"\" data-is-only-node=\"\">Papier Tischets Braun sind eine ausgezeichnete Alternative zu den wei\u00dfen Tischsets (Tischets Wei\u00df) und bereichern jedes Ambiente mit einem warmen, nat\u00fcrlichen Ton.<\/p>\n","protected":false},"excerpt":{"rendered":"<p>TISCHSETS BRAUN<\/p>\n","protected":false},"featured_media":5309,"template":"","meta":{"_joinchat":[]},"product_cat":[70],"product_tag":[],"_links":{"self":[{"href":"https:\/\/www.alfincart.it\/de\/wp-json\/wp\/v2\/product\/2633\/"}],"collection":[{"href":"https:\/\/www.alfincart.it\/de\/wp-json\/wp\/v2\/product\/"}],"about":[{"href":"https:\/\/www.alfincart.it\/de\/wp-json\/wp\/v2\/types\/product\/"}],"wp:featuredmedia":[{"embeddable":true,"href":"https:\/\/www.alfincart.it\/de\/wp-json\/wp\/v2\/media\/5309\/"}],"wp:attachment":[{"href":"https:\/\/www.alfincart.it\/de\/wp-json\/wp\/v2\/media\/?parent=2633"}],"wp:term":[{"taxonomy":"product_cat","embeddable":true,"href":"https:\/\/www.alfincart.it\/de\/wp-json\/wp\/v2\/product_cat\/?post=2633"},{"taxonomy":"product_tag","embeddable":true,"href":"https:\/\/www.alfincart.it\/de\/wp-json\/wp\/v2\/product_tag\/?post=2633"}],"curies":[{"name":"wp","href":"https:\/\/api.w.org\/{rel}","templated":true}]}}