{"id":2639,"date":"2018-06-25T22:14:53","date_gmt":"2018-06-25T20:14:53","guid":{"rendered":"http:\/\/cool-agency.it\/testsite\/alfincart\/prodotto\/tovaglie-di-carta-monouso\/"},"modified":"2025-09-05T15:53:49","modified_gmt":"2025-09-05T13:53:49","slug":"tischdecken-aus-papier","status":"publish","type":"product","link":"https:\/\/www.alfincart.it\/de\/papiertischdecken\/","title":{"rendered":"Tischdecken aus Papier"},"content":{"rendered":"<p data-start=\"0\" data-end=\"526\"><strong>Tischdecken aus Papier<\/strong> \u2013 bedruckt und gepr\u00e4gt, in verschiedenen Farben erh\u00e4ltlich, lassen sich einfach in moderne wie klassische Umgebungen integrieren. Unsere Einweg-Papiertischdecken werden aus \u00f6kologischen Materialien gefertigt und sind ideal f\u00fcr warme Tische, Restaurants, Pizzerien, Gasth\u00e4user, Kneipen und Imbissbuden. Aufgrund ihrer praktischen Handhabung eignen sie sich auch hervorragend f\u00fcr Geburtstagsfeiern, Buffets, Bankette, Empf\u00e4nge, Volksfeste, Grillabende, Outdoor-Partys und andere festliche Veranstaltungen.<\/p>\n<p data-start=\"528\" data-end=\"962\">Die einweg Papier-Tischdecken bieten vielseitigen Schutz, sind recycelbar, nachhaltig, hygienisch, robust, wasserabweisend, farbbrillant, vielseitig einsetzbar, praktisch, umweltfreundlich, rei\u00dffest, atmungsaktiv, temperaturbest\u00e4ndig, UV-stabil, hitzebest\u00e4ndig, strapazierf\u00e4hig, schmutzabweisend und geruchsneutral f\u00fcr Gastronomie und Events. Sie sind perfekt f\u00fcr alle, die Praktikabilit\u00e4t, Einfachheit und Kosteneffizienz suchen.<\/p>\n<p data-start=\"964\" data-end=\"1150\">Erh\u00e4ltlich auch mit Vollfl\u00e4chendruck, in <a href=\"https:\/\/www.alfincart.it\/de\/tischets-braun\/\">Strohpapier<\/a>-Optik (avana) oder als Verbundmaterial mit hochdichtem <a href=\"https:\/\/de.wikipedia.org\/wiki\/Polyethylen\">Polyethylen<\/a> f\u00fcr Lebensmittel mit speziellem Flecken- und Wasserschutz.<\/p>\n<p data-start=\"1152\" data-end=\"1548\">Diese Tischdecken aus Papier sind hervorragende Accessoires f\u00fcr Gasth\u00e4user, Kantinen und den gesamten Catering-Bereich. F\u00fcr alle Gastronomiebetriebe beschleunigen diese \u00f6kologischen Einweg-Tischdecken den Service und kommunizieren effektiv die nachhaltige Botschaft. Die Verwendung nat\u00fcrlicher Materialien ist nicht nur wirtschaftlich und vorteilhaft, sondern steigert auch den Wert von Service und Speisen.<\/p>\n<p data-start=\"1550\" data-end=\"1718\">Leicht auszubreiten, handlich, strapazierf\u00e4hig, umweltfreundlich, recycelbar, vielseitig und feuchtigkeitsbest\u00e4ndig, sind sie eine ausgezeichnete Wahl f\u00fcr jede gesellige Gelegenheit \u2013 privat oder professionell.<\/p>\n<p data-start=\"1720\" data-end=\"1752\"><strong>Standardgrammatur<\/strong>:<\/p>\n<ul>\n<li>45 g\/m\u00b2<\/li>\n<\/ul>\n<p data-start=\"1754\" data-end=\"1788\"><strong>Standardformat<\/strong>:<\/p>\n<ul>\n<li>100 \u00d7 100 cm<\/li>\n<\/ul>\n<p data-start=\"1790\" data-end=\"1848\" data-is-last-node=\"\" data-is-only-node=\"\"><strong>Verpackung<\/strong>:<\/p>\n<ul>\n<li>Packungen mit 100 Einweg-Papiertischdecken<\/li>\n<\/ul>\n","protected":false},"excerpt":{"rendered":"<p>PARTY TISCHDECKEN<\/p>\n","protected":false},"featured_media":4933,"template":"","meta":{"_joinchat":[]},"product_cat":[70],"product_tag":[],"_links":{"self":[{"href":"https:\/\/www.alfincart.it\/de\/wp-json\/wp\/v2\/product\/2639\/"}],"collection":[{"href":"https:\/\/www.alfincart.it\/de\/wp-json\/wp\/v2\/product\/"}],"about":[{"href":"https:\/\/www.alfincart.it\/de\/wp-json\/wp\/v2\/types\/product\/"}],"wp:featuredmedia":[{"embeddable":true,"href":"https:\/\/www.alfincart.it\/de\/wp-json\/wp\/v2\/media\/4933\/"}],"wp:attachment":[{"href":"https:\/\/www.alfincart.it\/de\/wp-json\/wp\/v2\/media\/?parent=2639"}],"wp:term":[{"taxonomy":"product_cat","embeddable":true,"href":"https:\/\/www.alfincart.it\/de\/wp-json\/wp\/v2\/product_cat\/?post=2639"},{"taxonomy":"product_tag","embeddable":true,"href":"https:\/\/www.alfincart.it\/de\/wp-json\/wp\/v2\/product_tag\/?post=2639"}],"curies":[{"name":"wp","href":"https:\/\/api.w.org\/{rel}","templated":true}]}}