{"id":2645,"date":"2018-06-25T22:22:24","date_gmt":"2018-06-25T20:22:24","guid":{"rendered":"http:\/\/cool-agency.it\/testsite\/alfincart\/prodotto\/bavagli-in-tnt\/"},"modified":"2025-09-05T15:54:03","modified_gmt":"2025-09-05T13:54:03","slug":"laetzchen-fuer-erwachsene","status":"publish","type":"product","link":"https:\/\/www.alfincart.it\/de\/latzchen-fur-erwachsene\/","title":{"rendered":"L\u00e4tzchen f\u00fcr Erwachsene"},"content":{"rendered":"<p data-start=\"190\" data-end=\"600\"><strong>L\u00e4tzchen f\u00fcr Erwachsene<\/strong> \u2013 Einweg-L\u00e4tzchen aus <a href=\"https:\/\/de.wikipedia.org\/wiki\/Polypropylen\">Polypropylen<\/a>. Unsere wasserdichten Einweg-L\u00e4tzchen aus Vliesstoff (TNT) bieten einen hohen Schutz vor Spritzern aller Art. Sie sind best\u00e4ndig gegen Fl\u00fcssigkeiten wie Wein, Wasser und \u00d6l und eignen sich ideal, um Kleidung w\u00e4hrend der Mahlzeiten zu sch\u00fctzen. So gew\u00e4hrleisten sie Hygiene und Komfort sowohl im Gesundheitswesen als auch im Gastronomiebereich.<\/p>\n<p data-start=\"602\" data-end=\"1203\">Dank der zwei hinteren B\u00e4nder passt sich das Einweg-L\u00e4tzchen f\u00fcr Erwachsene perfekt dem K\u00f6rper an und sitzt w\u00e4hrend der Benutzung sicher und fest. Das macht es besonders n\u00fctzlich in Pflegeheimen, Krankenh\u00e4usern, Seniorenheimen und im h\u00e4uslichen Umfeld, vor allem f\u00fcr nicht selbstst\u00e4ndige Patienten. Ihre Vielseitigkeit zeigt sich auch in informellen oder geselligen Kontexten wie Restaurants, Pizzerien, Gasth\u00e4usern, Volksfesten, Firmenessen, Junggesellen- und Junggesellinnenabschieden sowie privaten Partys. Einweg-L\u00e4tzchen bieten eine einfache, hygienische und kosteng\u00fcnstige L\u00f6sung, um Kleidung sauber zu halten.<\/p>\n<p data-start=\"1205\" data-end=\"1392\">Erh\u00e4ltlich sind sie mit zwei attraktiven Druckmotiven: dem roten \u201eHummer\u201c-Logo und dem schwarzen \u201ePapillon\u201c-Design. Sie passen perfekt zu unseren <a href=\"https:\/\/www.alfincart.it\/de\/tischets-weis\/\">wei\u00dfen Einweg-Tischsets<\/a> aus Papier.<\/p>\n<p data-start=\"1394\" data-end=\"1767\">Diese Einweg-L\u00e4tzchen sind ideal f\u00fcr den Schutz vor Flecken, erleichtern die Reinigung, bieten Komfort bei Mahlzeiten, unterst\u00fctzen die Hygiene, reduzieren W\u00e4scheaufwand, sind rei\u00dffest, leicht, atmungsaktiv, hautfreundlich, wasserabweisend, \u00f6labweisend, praktisch, umweltfreundlich, vielseitig einsetzbar und perfekt f\u00fcr den Einsatz in der Gastronomie und im Pflegebereich.<\/p>\n<p data-start=\"1769\" data-end=\"1801\"><strong>Standardgrammatur<\/strong>:<\/p>\n<ul>\n<li>62 g\/m\u00b2<\/li>\n<\/ul>\n<p data-start=\"1803\" data-end=\"1835\"><strong>Standardformat<\/strong>:<\/p>\n<ul>\n<li>37 \u00d7 50 cm<\/li>\n<\/ul>\n","protected":false},"excerpt":{"rendered":"<p>TNT BIB EINWEG SERVIETTENLATZ<\/p>\n","protected":false},"featured_media":4925,"template":"","meta":{"_joinchat":[]},"product_cat":[70],"product_tag":[],"_links":{"self":[{"href":"https:\/\/www.alfincart.it\/de\/wp-json\/wp\/v2\/product\/2645\/"}],"collection":[{"href":"https:\/\/www.alfincart.it\/de\/wp-json\/wp\/v2\/product\/"}],"about":[{"href":"https:\/\/www.alfincart.it\/de\/wp-json\/wp\/v2\/types\/product\/"}],"wp:featuredmedia":[{"embeddable":true,"href":"https:\/\/www.alfincart.it\/de\/wp-json\/wp\/v2\/media\/4925\/"}],"wp:attachment":[{"href":"https:\/\/www.alfincart.it\/de\/wp-json\/wp\/v2\/media\/?parent=2645"}],"wp:term":[{"taxonomy":"product_cat","embeddable":true,"href":"https:\/\/www.alfincart.it\/de\/wp-json\/wp\/v2\/product_cat\/?post=2645"},{"taxonomy":"product_tag","embeddable":true,"href":"https:\/\/www.alfincart.it\/de\/wp-json\/wp\/v2\/product_tag\/?post=2645"}],"curies":[{"name":"wp","href":"https:\/\/api.w.org\/{rel}","templated":true}]}}