{"id":2686,"date":"2018-06-25T23:10:21","date_gmt":"2018-06-25T21:10:21","guid":{"rendered":"http:\/\/cool-agency.it\/testsite\/alfincart\/prodotto\/carta-velina\/"},"modified":"2025-09-05T15:54:21","modified_gmt":"2025-09-05T13:54:21","slug":"seidenpapier-weiss","status":"publish","type":"product","link":"https:\/\/www.alfincart.it\/de\/seidenpapier-weis\/","title":{"rendered":"Seidenpapier Wei\u00df"},"content":{"rendered":"<p data-start=\"206\" data-end=\"729\"><strong>Seidenpapier Wei\u00df<\/strong> ist ein d\u00fcnnes, weiches und leichtes Verpackungs- und F\u00fcllpapier, hergestellt aus reiner <a href=\"https:\/\/de.wikipedia.org\/wiki\/Cellulose\">Zellulose<\/a>. Es wird h\u00e4ufig im Lebensmittelbereich f\u00fcr den Verkauf von frisch zubereiteten Speisen am Tresen verwendet. \u00c4hnlich wie <a href=\"https:\/\/www.alfincart.it\/de\/zeitungsdruckpapier\/\">Zeitungsdruckpapier<\/a> eignet sich dieses Papier ideal als Verpackung in der Schuhindustrie, bei Juwelieren, Fotostudios, Lederwarenherstellern, Parf\u00fcmerien sowie in Schuh-, Bekleidungs- und Dessousgesch\u00e4ften zum Schutz und Verpacken empfindlicher Accessoires und Produkte.<\/p>\n<p data-start=\"731\" data-end=\"1121\">Das Papier wird aus reiner Cellulose gefertigt und ist mit unterschiedlichen Oberfl\u00e4chenveredelungen erh\u00e4ltlich, je nach Verwendungszweck: gl\u00e4nzend oder matt, mehr oder weniger transparent. Es kann zus\u00e4tzlich mit Pr\u00e4gungen veredelt oder mit Mustern und Werbelogos bedruckt werden. Aufgrund seiner kompakten Struktur und hohen Gleichm\u00e4\u00dfigkeit ist es besonders gut f\u00fcr den Druck geeignet.<\/p>\n<p data-start=\"1123\" data-end=\"1579\">Das Seidenpapier aus reiner Zellulose wird besonders gesch\u00e4tzt f\u00fcr die Pr\u00e4sentation und den Schutz von Luxusartikeln. Unser wei\u00dfes Seidenpapier ist elegant, vielseitig, praktisch und funktional. Es ist eine unverzichtbare Verpackungsl\u00f6sung f\u00fcr H\u00e4ndler, die Geschenke verpacken, Ledertaschen auspolstern oder Schuhe einwickeln m\u00fcssen. Dank seiner speziellen Eigenschaften sch\u00fctzt es zudem Fotografien in Alben und Illustrationen in hochwertigen B\u00fcchern.<\/p>\n<p data-start=\"1581\" data-end=\"1699\"><strong>Standardgrammatur<\/strong>:<\/p>\n<ul>\n<li>22 &#8211; 30 g\/m\u00b2<\/li>\n<\/ul>\n<p data-start=\"1581\" data-end=\"1699\"><strong>Standardformate<\/strong>:<\/p>\n<ul>\n<li data-start=\"1423\" data-end=\"1437\">\n<p data-start=\"1425\" data-end=\"1437\">16 \u00d7 16 cm<\/p>\n<\/li>\n<li data-start=\"1438\" data-end=\"1452\">\n<p data-start=\"1440\" data-end=\"1452\">25 \u00d7 25 cm<\/p>\n<\/li>\n<\/ul>\n<p data-start=\"1581\" data-end=\"1699\"><strong>Verpackung<\/strong>:<\/p>\n<ul>\n<li>Kartons \u00e0 10 kg<\/li>\n<\/ul>\n<p data-start=\"1701\" data-end=\"1806\" data-is-last-node=\"\" data-is-only-node=\"\">Auf Wunsch ist das Papier auch mit individuellen Logos bedruckt und in verschiedenen Formaten erh\u00e4ltlich.<\/p>\n","protected":false},"excerpt":{"rendered":"<p>SEIDENPAPIER<\/p>\n","protected":false},"featured_media":4889,"template":"","meta":{"_joinchat":[]},"product_cat":[71],"product_tag":[],"_links":{"self":[{"href":"https:\/\/www.alfincart.it\/de\/wp-json\/wp\/v2\/product\/2686\/"}],"collection":[{"href":"https:\/\/www.alfincart.it\/de\/wp-json\/wp\/v2\/product\/"}],"about":[{"href":"https:\/\/www.alfincart.it\/de\/wp-json\/wp\/v2\/types\/product\/"}],"wp:featuredmedia":[{"embeddable":true,"href":"https:\/\/www.alfincart.it\/de\/wp-json\/wp\/v2\/media\/4889\/"}],"wp:attachment":[{"href":"https:\/\/www.alfincart.it\/de\/wp-json\/wp\/v2\/media\/?parent=2686"}],"wp:term":[{"taxonomy":"product_cat","embeddable":true,"href":"https:\/\/www.alfincart.it\/de\/wp-json\/wp\/v2\/product_cat\/?post=2686"},{"taxonomy":"product_tag","embeddable":true,"href":"https:\/\/www.alfincart.it\/de\/wp-json\/wp\/v2\/product_tag\/?post=2686"}],"curies":[{"name":"wp","href":"https:\/\/api.w.org\/{rel}","templated":true}]}}