{"id":3710,"date":"2019-07-23T18:24:31","date_gmt":"2019-07-23T16:24:31","guid":{"rendered":"https:\/\/www.alfincart.it\/prodotto\/carta-antigrasso\/"},"modified":"2026-03-27T10:19:13","modified_gmt":"2026-03-27T09:19:13","slug":"fettdichtes-papier","status":"publish","type":"product","link":"https:\/\/www.alfincart.it\/de\/fettpapier\/","title":{"rendered":"Fettdichtes Papier"},"content":{"rendered":"<p data-start=\"108\" data-end=\"166\"><strong data-start=\"108\" data-end=\"166\">Fettdichtes Papier <\/strong>mit Zeitungsdruck \u2013 40 g\/m\u00b2 (Kit 7). Das fettdichte Lebensmittelpapier mit einem Fl\u00e4chengewicht von 40 g\/m\u00b2 (Kit-Teststufe 7) und generischem \u201eNewspaper\u201c-Aufdruck sch\u00fctzt wirksam vor Fett und \u00d6l, wie sie in vielen gew\u00fcrzten Speisen vorkommen. Das Vintage-Design erinnert an die traditionelle Nutzung von <a href=\"https:\/\/de.wikipedia.org\/wiki\/Zeitungsdruckpapier\">Zeitungsdruckpapier<\/a> f\u00fcr Streetfood und Sandwiches und verleiht der Pr\u00e4sentation eine originelle und ansprechende Note.<\/p>\n<p data-start=\"550\" data-end=\"924\">Dieses Produkt eignet sich vielseitig \u2013 z.\u202fB. als Platzset, Unterlage oder Einwickelpapier. Es wird t\u00e4glich in Fast-Food-Restaurants, Feinkostl\u00e4den, Eisdielen, H\u00e4hnchengrills, Rotisserien, Sandwichbars, Imbissbuden, B\u00e4ckereien, Backstuben und Pizzerien verwendet. Ideal zum Verpacken von Burgern, Pizzen, Pommes, belegten Br\u00f6tchen und anderen warmen oder kalten Frischwaren.<\/p>\n<p data-start=\"926\" data-end=\"1317\">Fettdichtes Papier stellt eine umweltfreundliche Alternative zum <a href=\"https:\/\/www.alfincart.it\/de\/pe-beschichtetes-papier\/\">PE-beschichteten Papier<\/a> dar und wird besonders im Streetfood- und Take-away-Bereich gesch\u00e4tzt. Durch seine 100\u202f% plastikfreie Zusammensetzung ist es vollst\u00e4ndig mit Papier und Karton recycelbar. Es bildet eine wirksame Barriere gegen \u00d6l, Fl\u00fcssigkeiten und Feuchtigkeit und bewahrt Frische und Aussehen der verpackten Produkte.<\/p>\n<p data-start=\"1319\" data-end=\"1351\"><strong data-start=\"1319\" data-end=\"1341\">Standardgrammatur<\/strong>:<\/p>\n<ul>\n<li>40 g\/m\u00b2<\/li>\n<\/ul>\n<p data-start=\"1353\" data-end=\"1398\"><strong data-start=\"1353\" data-end=\"1380\">Fettbest\u00e4ndigkeitsgrad<\/strong>:<\/p>\n<ul>\n<li>Kit-Teststufe 7<\/li>\n<\/ul>\n<p data-start=\"1400\" data-end=\"1422\"><strong data-start=\"1400\" data-end=\"1420\">Standardformate<\/strong>:<\/p>\n<ul data-start=\"1423\" data-end=\"1480\">\n<li data-start=\"1423\" data-end=\"1437\">\n<p data-start=\"1425\" data-end=\"1437\">18 \u00d7 25 cm<\/p>\n<\/li>\n<li data-start=\"1438\" data-end=\"1452\">\n<p data-start=\"1440\" data-end=\"1452\">25 \u00d7 37 cm<\/p>\n<\/li>\n<li data-start=\"1453\" data-end=\"1467\">\n<p data-start=\"1455\" data-end=\"1467\">33 \u00d7 40 cm<\/p>\n<\/li>\n<li data-start=\"1468\" data-end=\"1480\">\n<p data-start=\"1470\" data-end=\"1480\">37 \u00d7 50 cm<\/p>\n<\/li>\n<\/ul>\n<p data-start=\"1482\" data-end=\"1514\"><strong data-start=\"1482\" data-end=\"1497\">Verpackung<\/strong>:<\/p>\n<ul>\n<li>Kartons zu 10 kg<\/li>\n<\/ul>\n<p data-start=\"1516\" data-end=\"1727\">Auf Anfrage sind auch individuelle Formate und Drucke m\u00f6glich. Dieses spezielle fettdichte und \u00f6lresistente Papier ist eine praktische, nachhaltige und optisch ansprechende L\u00f6sung f\u00fcr die Lebensmittelverpackung.<\/p>\n","protected":false},"excerpt":{"rendered":"<p>FETTABWEISENDES PAPIER<\/p>\n","protected":false},"featured_media":5608,"template":"","meta":{"_joinchat":[]},"product_cat":[71],"product_tag":[],"_links":{"self":[{"href":"https:\/\/www.alfincart.it\/de\/wp-json\/wp\/v2\/product\/3710\/"}],"collection":[{"href":"https:\/\/www.alfincart.it\/de\/wp-json\/wp\/v2\/product\/"}],"about":[{"href":"https:\/\/www.alfincart.it\/de\/wp-json\/wp\/v2\/types\/product\/"}],"wp:featuredmedia":[{"embeddable":true,"href":"https:\/\/www.alfincart.it\/de\/wp-json\/wp\/v2\/media\/5608\/"}],"wp:attachment":[{"href":"https:\/\/www.alfincart.it\/de\/wp-json\/wp\/v2\/media\/?parent=3710"}],"wp:term":[{"taxonomy":"product_cat","embeddable":true,"href":"https:\/\/www.alfincart.it\/de\/wp-json\/wp\/v2\/product_cat\/?post=3710"},{"taxonomy":"product_tag","embeddable":true,"href":"https:\/\/www.alfincart.it\/de\/wp-json\/wp\/v2\/product_tag\/?post=3710"}],"curies":[{"name":"wp","href":"https:\/\/api.w.org\/{rel}","templated":true}]}}