{"id":5680,"date":"2020-06-25T14:51:12","date_gmt":"2020-06-25T12:51:12","guid":{"rendered":"https:\/\/www.alfincart.it\/prodotto\/carta-sottopizza\/"},"modified":"2025-09-05T15:55:03","modified_gmt":"2025-09-05T13:55:03","slug":"einlagen-fuer-pizzakartons","status":"publish","type":"product","link":"https:\/\/www.alfincart.it\/de\/einlage-fur-pizzakartons\/","title":{"rendered":"Einlagen f\u00fcr Pizzakartons"},"content":{"rendered":"<p data-start=\"0\" data-end=\"321\"><strong>Einlagen f\u00fcr Pizzakartons<\/strong> \u2013 speziell entwickelt f\u00fcr Pizzerien, die jedes Detail ihrer Take-away-Angebote perfektionieren m\u00f6chten. Das Blatt wird am Boden der Pizzakartons eingelegt und bietet eine hygienische, gesch\u00fctzte Unterlage f\u00fcr Pizza und Pizzast\u00fccke, verhindert Kontaminationen und bewahrt die Frische der Speisen.<\/p>\n<p data-start=\"323\" data-end=\"730\">Das Einlagen f\u00fcr Pizzakartons ist auf einer Seite bedruckt und mit einer transparenten Schicht aus hochdichtem <a href=\"https:\/\/de.wikipedia.org\/wiki\/Polyethylen\">Polyethylen<\/a> (HDPE) laminiert. Diese Schutzschicht verhindert das Durchdringen von Druckfarben zum Lebensmittel, sodass direkter Kontakt zwischen Speise und Druck ohne Risiko m\u00f6glich ist. Das Material gew\u00e4hrleistet somit eine sichere Handhabung und unterstreicht das professionelle Erscheinungsbild des Unternehmens.<\/p>\n<p data-start=\"732\" data-end=\"1324\">Dieses Produkt wird von Pizzerien und Imbissbetrieben wegen seiner Kombination aus Hygiene, Schutz und ansprechender optischer Qualit\u00e4t gesch\u00e4tzt. Die Einlagen sind auch mit individuellem Druck erh\u00e4ltlich, um die Markenpr\u00e4senz zu st\u00e4rken und die Kundenbindung zu f\u00f6rdern. Besonders bei Veranstaltungen und Messen sorgt das Papier f\u00fcr einen ordentlichen, professionellen Eindruck und verbessert den Service. Zudem stellt dieses Papier eine hervorragende Alternative zum klassischen <a href=\"https:\/\/www.alfincart.it\/de\/pe-beschichtetes-papier\/\">PE-beschichteten Papier<\/a> dar und \u00fcberzeugt durch bessere Umweltvertr\u00e4glichkeit sowie erh\u00f6hte Funktionalit\u00e4t.<\/p>\n<p data-start=\"1515\" data-end=\"1539\"><strong data-start=\"1515\" data-end=\"1537\">Standardgrammatur<\/strong>:<\/p>\n<ul data-start=\"1540\" data-end=\"1588\">\n<li data-start=\"1540\" data-end=\"1588\">\n<p data-start=\"1542\" data-end=\"1588\">60 g\/m\u00b2 + HDPE-Film auf der bedruckten Seite<\/p>\n<\/li>\n<\/ul>\n<p data-start=\"1590\" data-end=\"1612\"><strong data-start=\"1590\" data-end=\"1610\">Standardformate<\/strong>:<\/p>\n<ul data-start=\"1613\" data-end=\"1642\">\n<li data-start=\"1613\" data-end=\"1627\">\n<p data-start=\"1615\" data-end=\"1627\">32 \u00d7 32 cm<\/p>\n<\/li>\n<li data-start=\"1628\" data-end=\"1642\">\n<p data-start=\"1630\" data-end=\"1642\">33 \u00d7 33 cm<\/p>\n<\/li>\n<\/ul>\n<p data-start=\"1644\" data-end=\"1661\"><strong data-start=\"1644\" data-end=\"1659\">Verpackung<\/strong>:<\/p>\n<ul data-start=\"1662\" data-end=\"1681\">\n<li data-start=\"1662\" data-end=\"1681\">\n<p data-start=\"1664\" data-end=\"1681\">Kartons \u00e0 10 kg<\/p>\n<\/li>\n<\/ul>\n<p data-start=\"1683\" data-end=\"1843\" data-is-last-node=\"\" data-is-only-node=\"\">\u00c4hnlich wie das Triplexpapier ist diese Unterlage eine moderne, zuverl\u00e4ssige L\u00f6sung f\u00fcr das Lebensmittelverpacken im Bereich der Schnellgastronomie.<\/p>\n","protected":false},"excerpt":{"rendered":"<p>PIZZA PAD<\/p>\n","protected":false},"featured_media":5636,"template":"","meta":{"_joinchat":[]},"product_cat":[71],"product_tag":[],"_links":{"self":[{"href":"https:\/\/www.alfincart.it\/de\/wp-json\/wp\/v2\/product\/5680\/"}],"collection":[{"href":"https:\/\/www.alfincart.it\/de\/wp-json\/wp\/v2\/product\/"}],"about":[{"href":"https:\/\/www.alfincart.it\/de\/wp-json\/wp\/v2\/types\/product\/"}],"wp:featuredmedia":[{"embeddable":true,"href":"https:\/\/www.alfincart.it\/de\/wp-json\/wp\/v2\/media\/5636\/"}],"wp:attachment":[{"href":"https:\/\/www.alfincart.it\/de\/wp-json\/wp\/v2\/media\/?parent=5680"}],"wp:term":[{"taxonomy":"product_cat","embeddable":true,"href":"https:\/\/www.alfincart.it\/de\/wp-json\/wp\/v2\/product_cat\/?post=5680"},{"taxonomy":"product_tag","embeddable":true,"href":"https:\/\/www.alfincart.it\/de\/wp-json\/wp\/v2\/product_tag\/?post=5680"}],"curies":[{"name":"wp","href":"https:\/\/api.w.org\/{rel}","templated":true}]}}