{"id":2183,"date":"2017-07-13T07:19:33","date_gmt":"2017-07-13T07:19:33","guid":{"rendered":"http:\/\/cool-agency.it\/testsite\/alfincart\/azienda\/"},"modified":"2022-12-02T09:55:25","modified_gmt":"2022-12-02T08:55:25","slug":"azienda","status":"publish","type":"page","link":"https:\/\/www.alfincart.it\/fr\/societe\/","title":{"rendered":"Soci\u00e9t\u00e9"},"content":{"rendered":"<section class=\"wpb-content-wrapper\"><p>[vc_row css=\u00a0\u00bb.vc_custom_1526816883323{margin-bottom: 35px !important;}\u00a0\u00bb][vc_column]\n\t\t<div id=\"wd-69f31347cae72\" class=\"title-wrapper wd-wpb set-mb-s reset-last-child  wd-title-color-primary wd-title-style-bordered text-left vc_custom_1528728347898 wd-underline-colored\">\n\t\t\t\n\t\t\t<div class=\"liner-continer\">\n\t\t\t\t<h1 class=\"woodmart-title-container title  wd-font-weight- wd-fontsize-xxl\" >Soci\u00e9t\u00e9<\/h1>\n\t\t\t\t\t\t\t<\/div>\n\t\t\t\n\t\t\t\n\t\t\t\n\t\t<\/div>\n\t\t\n\t\t[vc_column_text 0=\u00a0\u00bb\u00a0\u00bb css=\u00a0\u00bb.vc_custom_1669971315127{margin-bottom: 25px !important;}\u00a0\u00bb el_class=\u00a0\u00bbtext-larger\u00a0\u00bb]<\/p>\n<p style=\"text-align: justify;\">Sp\u00e9cialiste de l\u2019emballage, Alfincart SARL a une vocation principale: vous accompagner et vous fournir les solutions packaging adapt\u00e9es \u00e0 votre besoin en terme d\u2019usage mais \u00e9galement en terme de service. Forts de ces ann\u00e9es d\u2019exp\u00e9rience, nous intervenons de la conception jusqu\u2019\u00e0 la distribution de votre emballage. Notre soci\u00e9t\u00e9, 100% familiale, a pour le\u00eftmotiv de travailler en v\u00e9ritable partenariat avec ses clients. Notre souplesse et notre r\u00e9activit\u00e9 sont une force dans un monde en perp\u00e9tuelle \u00e9volution.<\/p>\n<p style=\"text-align: justify;\">Expert dans son domaine, Alfincart SARL est sp\u00e9cialis\u00e9 dans l\u2019emballage, destin\u00e9 \u00e0 la conservation, la contenance, la consommation de produits alimentaires, et dans la cr\u00e9ation, la fabrication et la personnalisation d\u2019emballages professionnels. L\u2019entreprise exp\u00e9die ses produits dans le monde entier gr\u00e2ce \u00e0 courriers qui offrent des services economy standard et express.<\/p>\n<p>[\/vc_column_text]\t\t<div id=\"gallery_280\" class=\"wd-images-gallery wd-justify-center wd-items-middle view-grid photoswipe-images\" >\n\t\t\t<div class=\"gallery-images row wd-spacing-10\">\n\t\t\t\t\t\t\t\t\t\t\t\t\t\t\t<div class=\"wd-gallery-item col-lg-3 col-md-3 col-sm-4 col-6\">\n\t\t\t\t\t\t\t\t\t\t\t\t\t\t<a href=\"https:\/\/www.alfincart.it\/wp-content\/uploads\/2018\/06\/9.jpg\" data-elementor-open-lightbox=\"no\" data-index=\"1\" data-width=\"1200\" data-height=\"800\"  >\n\t\t\t\t\t\t\t\t\n\t\t\t\t\t\t\t\t<img width=\"1200\" height=\"800\" src=\"https:\/\/www.alfincart.it\/wp-content\/uploads\/2018\/06\/9.jpg\" class=\"wd-gallery-image image-1\" alt=\"Alfincart\" decoding=\"async\" loading=\"lazy\" srcset=\"https:\/\/www.alfincart.it\/wp-content\/uploads\/2018\/06\/9.jpg 1200w, https:\/\/www.alfincart.it\/wp-content\/uploads\/2018\/06\/9-800x533.jpg 800w, https:\/\/www.alfincart.it\/wp-content\/uploads\/2018\/06\/9-150x100.jpg 150w, https:\/\/www.alfincart.it\/wp-content\/uploads\/2018\/06\/9-300x200.jpg 300w, https:\/\/www.alfincart.it\/wp-content\/uploads\/2018\/06\/9-768x512.jpg 768w, https:\/\/www.alfincart.it\/wp-content\/uploads\/2018\/06\/9-1024x683.jpg 1024w\" sizes=\"(max-width: 1200px) 100vw, 1200px\" \/>\n\t\t\t\t\t\t\t\t\t\t\t\t\t\t\t<\/a>\n\t\t\t\t\t\t\t\t\t\t\t\t<\/div>\n\t\t\t\t\t\t\t\t\t\t\t<div class=\"wd-gallery-item col-lg-3 col-md-3 col-sm-4 col-6\">\n\t\t\t\t\t\t\t\t\t\t\t\t\t\t<a href=\"https:\/\/www.alfincart.it\/wp-content\/uploads\/2018\/06\/6.1-1.jpg\" data-elementor-open-lightbox=\"no\" data-index=\"2\" data-width=\"1200\" data-height=\"800\"  >\n\t\t\t\t\t\t\t\t\n\t\t\t\t\t\t\t\t<img width=\"1200\" height=\"800\" src=\"https:\/\/www.alfincart.it\/wp-content\/uploads\/2018\/06\/6.1-1.jpg\" class=\"wd-gallery-image image-2\" alt=\"Alfincart\" decoding=\"async\" loading=\"lazy\" srcset=\"https:\/\/www.alfincart.it\/wp-content\/uploads\/2018\/06\/6.1-1.jpg 1200w, https:\/\/www.alfincart.it\/wp-content\/uploads\/2018\/06\/6.1-1-800x533.jpg 800w, https:\/\/www.alfincart.it\/wp-content\/uploads\/2018\/06\/6.1-1-150x100.jpg 150w, https:\/\/www.alfincart.it\/wp-content\/uploads\/2018\/06\/6.1-1-300x200.jpg 300w, https:\/\/www.alfincart.it\/wp-content\/uploads\/2018\/06\/6.1-1-768x512.jpg 768w, https:\/\/www.alfincart.it\/wp-content\/uploads\/2018\/06\/6.1-1-1024x683.jpg 1024w\" sizes=\"(max-width: 1200px) 100vw, 1200px\" \/>\n\t\t\t\t\t\t\t\t\t\t\t\t\t\t\t<\/a>\n\t\t\t\t\t\t\t\t\t\t\t\t<\/div>\n\t\t\t\t\t\t\t\t\t\t\t<div class=\"wd-gallery-item col-lg-3 col-md-3 col-sm-4 col-6\">\n\t\t\t\t\t\t\t\t\t\t\t\t\t\t<a href=\"https:\/\/www.alfincart.it\/wp-content\/uploads\/2018\/06\/1.44.jpg\" data-elementor-open-lightbox=\"no\" data-index=\"3\" data-width=\"1200\" data-height=\"800\"  >\n\t\t\t\t\t\t\t\t\n\t\t\t\t\t\t\t\t<img width=\"1200\" height=\"800\" src=\"https:\/\/www.alfincart.it\/wp-content\/uploads\/2018\/06\/1.44.jpg\" class=\"wd-gallery-image image-3\" alt=\"Alfincart\" decoding=\"async\" loading=\"lazy\" srcset=\"https:\/\/www.alfincart.it\/wp-content\/uploads\/2018\/06\/1.44.jpg 1200w, https:\/\/www.alfincart.it\/wp-content\/uploads\/2018\/06\/1.44-800x533.jpg 800w, https:\/\/www.alfincart.it\/wp-content\/uploads\/2018\/06\/1.44-150x100.jpg 150w, https:\/\/www.alfincart.it\/wp-content\/uploads\/2018\/06\/1.44-300x200.jpg 300w, https:\/\/www.alfincart.it\/wp-content\/uploads\/2018\/06\/1.44-768x512.jpg 768w, https:\/\/www.alfincart.it\/wp-content\/uploads\/2018\/06\/1.44-1024x683.jpg 1024w\" sizes=\"(max-width: 1200px) 100vw, 1200px\" \/>\n\t\t\t\t\t\t\t\t\t\t\t\t\t\t\t<\/a>\n\t\t\t\t\t\t\t\t\t\t\t\t<\/div>\n\t\t\t\t\t\t\t\t\t\t\t<div class=\"wd-gallery-item col-lg-3 col-md-3 col-sm-4 col-6\">\n\t\t\t\t\t\t\t\t\t\t\t\t\t\t<a href=\"https:\/\/www.alfincart.it\/wp-content\/uploads\/2018\/06\/1.3.jpg\" data-elementor-open-lightbox=\"no\" data-index=\"4\" data-width=\"1200\" data-height=\"800\"  >\n\t\t\t\t\t\t\t\t\n\t\t\t\t\t\t\t\t<img width=\"1200\" height=\"800\" src=\"https:\/\/www.alfincart.it\/wp-content\/uploads\/2018\/06\/1.3.jpg\" class=\"wd-gallery-image image-4\" alt=\"Alfincart\" decoding=\"async\" loading=\"lazy\" srcset=\"https:\/\/www.alfincart.it\/wp-content\/uploads\/2018\/06\/1.3.jpg 1200w, https:\/\/www.alfincart.it\/wp-content\/uploads\/2018\/06\/1.3-800x533.jpg 800w, https:\/\/www.alfincart.it\/wp-content\/uploads\/2018\/06\/1.3-150x100.jpg 150w, https:\/\/www.alfincart.it\/wp-content\/uploads\/2018\/06\/1.3-300x200.jpg 300w, https:\/\/www.alfincart.it\/wp-content\/uploads\/2018\/06\/1.3-768x512.jpg 768w, https:\/\/www.alfincart.it\/wp-content\/uploads\/2018\/06\/1.3-1024x683.jpg 1024w\" sizes=\"(max-width: 1200px) 100vw, 1200px\" \/>\n\t\t\t\t\t\t\t\t\t\t\t\t\t\t\t<\/a>\n\t\t\t\t\t\t\t\t\t\t\t\t<\/div>\n\t\t\t\t\t\t\t\t\t\t\t<div class=\"wd-gallery-item col-lg-3 col-md-3 col-sm-4 col-6\">\n\t\t\t\t\t\t\t\t\t\t\t\t\t\t<a href=\"https:\/\/www.alfincart.it\/wp-content\/uploads\/2018\/06\/1.3.2-1.jpg\" data-elementor-open-lightbox=\"no\" data-index=\"5\" data-width=\"1200\" data-height=\"800\"  >\n\t\t\t\t\t\t\t\t\n\t\t\t\t\t\t\t\t<img width=\"1200\" height=\"800\" src=\"https:\/\/www.alfincart.it\/wp-content\/uploads\/2018\/06\/1.3.2-1.jpg\" class=\"wd-gallery-image image-5\" alt=\"Alfincart\" decoding=\"async\" loading=\"lazy\" srcset=\"https:\/\/www.alfincart.it\/wp-content\/uploads\/2018\/06\/1.3.2-1.jpg 1200w, https:\/\/www.alfincart.it\/wp-content\/uploads\/2018\/06\/1.3.2-1-800x533.jpg 800w, https:\/\/www.alfincart.it\/wp-content\/uploads\/2018\/06\/1.3.2-1-150x100.jpg 150w, https:\/\/www.alfincart.it\/wp-content\/uploads\/2018\/06\/1.3.2-1-300x200.jpg 300w, https:\/\/www.alfincart.it\/wp-content\/uploads\/2018\/06\/1.3.2-1-768x512.jpg 768w, https:\/\/www.alfincart.it\/wp-content\/uploads\/2018\/06\/1.3.2-1-1024x683.jpg 1024w\" sizes=\"(max-width: 1200px) 100vw, 1200px\" \/>\n\t\t\t\t\t\t\t\t\t\t\t\t\t\t\t<\/a>\n\t\t\t\t\t\t\t\t\t\t\t\t<\/div>\n\t\t\t\t\t\t\t\t\t\t\t<div class=\"wd-gallery-item col-lg-3 col-md-3 col-sm-4 col-6\">\n\t\t\t\t\t\t\t\t\t\t\t\t\t\t<a href=\"https:\/\/www.alfincart.it\/wp-content\/uploads\/2018\/06\/1.3.1.jpg\" data-elementor-open-lightbox=\"no\" data-index=\"6\" data-width=\"1200\" data-height=\"800\"  >\n\t\t\t\t\t\t\t\t\n\t\t\t\t\t\t\t\t<img width=\"1200\" height=\"800\" src=\"https:\/\/www.alfincart.it\/wp-content\/uploads\/2018\/06\/1.3.1.jpg\" class=\"wd-gallery-image image-6\" alt=\"Alfincart\" decoding=\"async\" loading=\"lazy\" srcset=\"https:\/\/www.alfincart.it\/wp-content\/uploads\/2018\/06\/1.3.1.jpg 1200w, https:\/\/www.alfincart.it\/wp-content\/uploads\/2018\/06\/1.3.1-800x533.jpg 800w, https:\/\/www.alfincart.it\/wp-content\/uploads\/2018\/06\/1.3.1-150x100.jpg 150w, https:\/\/www.alfincart.it\/wp-content\/uploads\/2018\/06\/1.3.1-300x200.jpg 300w, https:\/\/www.alfincart.it\/wp-content\/uploads\/2018\/06\/1.3.1-768x512.jpg 768w, https:\/\/www.alfincart.it\/wp-content\/uploads\/2018\/06\/1.3.1-1024x683.jpg 1024w\" sizes=\"(max-width: 1200px) 100vw, 1200px\" \/>\n\t\t\t\t\t\t\t\t\t\t\t\t\t\t\t<\/a>\n\t\t\t\t\t\t\t\t\t\t\t\t<\/div>\n\t\t\t\t\t\t\t\t\t\t\t<div class=\"wd-gallery-item col-lg-3 col-md-3 col-sm-4 col-6\">\n\t\t\t\t\t\t\t\t\t\t\t\t\t\t<a href=\"https:\/\/www.alfincart.it\/wp-content\/uploads\/2018\/06\/1.3.0-1.jpg\" data-elementor-open-lightbox=\"no\" data-index=\"7\" data-width=\"1200\" data-height=\"800\"  >\n\t\t\t\t\t\t\t\t\n\t\t\t\t\t\t\t\t<img width=\"1200\" height=\"800\" src=\"https:\/\/www.alfincart.it\/wp-content\/uploads\/2018\/06\/1.3.0-1.jpg\" class=\"wd-gallery-image image-7\" alt=\"Alfincart\" decoding=\"async\" loading=\"lazy\" srcset=\"https:\/\/www.alfincart.it\/wp-content\/uploads\/2018\/06\/1.3.0-1.jpg 1200w, https:\/\/www.alfincart.it\/wp-content\/uploads\/2018\/06\/1.3.0-1-800x533.jpg 800w, https:\/\/www.alfincart.it\/wp-content\/uploads\/2018\/06\/1.3.0-1-150x100.jpg 150w, https:\/\/www.alfincart.it\/wp-content\/uploads\/2018\/06\/1.3.0-1-300x200.jpg 300w, https:\/\/www.alfincart.it\/wp-content\/uploads\/2018\/06\/1.3.0-1-768x512.jpg 768w, https:\/\/www.alfincart.it\/wp-content\/uploads\/2018\/06\/1.3.0-1-1024x683.jpg 1024w\" sizes=\"(max-width: 1200px) 100vw, 1200px\" \/>\n\t\t\t\t\t\t\t\t\t\t\t\t\t\t\t<\/a>\n\t\t\t\t\t\t\t\t\t\t\t\t<\/div>\n\t\t\t\t\t\t\t\t\t\t\t<div class=\"wd-gallery-item col-lg-3 col-md-3 col-sm-4 col-6\">\n\t\t\t\t\t\t\t\t\t\t\t\t\t\t<a href=\"https:\/\/www.alfincart.it\/wp-content\/uploads\/2018\/06\/1.4.2.jpg\" data-elementor-open-lightbox=\"no\" data-index=\"8\" data-width=\"1200\" data-height=\"800\"  >\n\t\t\t\t\t\t\t\t\n\t\t\t\t\t\t\t\t<img width=\"1200\" height=\"800\" src=\"https:\/\/www.alfincart.it\/wp-content\/uploads\/2018\/06\/1.4.2.jpg\" class=\"wd-gallery-image image-8\" alt=\"\" decoding=\"async\" loading=\"lazy\" srcset=\"https:\/\/www.alfincart.it\/wp-content\/uploads\/2018\/06\/1.4.2.jpg 1200w, https:\/\/www.alfincart.it\/wp-content\/uploads\/2018\/06\/1.4.2-800x533.jpg 800w, https:\/\/www.alfincart.it\/wp-content\/uploads\/2018\/06\/1.4.2-150x100.jpg 150w, https:\/\/www.alfincart.it\/wp-content\/uploads\/2018\/06\/1.4.2-300x200.jpg 300w, https:\/\/www.alfincart.it\/wp-content\/uploads\/2018\/06\/1.4.2-768x512.jpg 768w, https:\/\/www.alfincart.it\/wp-content\/uploads\/2018\/06\/1.4.2-1024x683.jpg 1024w\" sizes=\"(max-width: 1200px) 100vw, 1200px\" \/>\n\t\t\t\t\t\t\t\t\t\t\t\t\t\t\t<\/a>\n\t\t\t\t\t\t\t\t\t\t\t\t<\/div>\n\t\t\t\t\t\t\t\t\t\t\t\t<\/div>\n\t\t<\/div>\n\t\t\t\t[\/vc_column][\/vc_row]<\/p>\n<\/section>","protected":false},"excerpt":{"rendered":"<p>[vc_row css=\u00a0\u00bb.vc_custom_1526816883323{margin-bottom: 35px !important;}\u00a0\u00bb][vc_column][vc_column_text 0=\u00a0\u00bb\u00a0\u00bb css=\u00a0\u00bb.vc_custom_1669971315127{margin-bottom: 25px !important;}\u00a0\u00bb el_class=\u00a0\u00bbtext-larger\u00a0\u00bb] Sp\u00e9cialiste de l\u2019emballage, Alfincart SARL a une vocation principale: vous accompagner<\/p>\n","protected":false},"author":1,"featured_media":0,"parent":0,"menu_order":0,"comment_status":"closed","ping_status":"closed","template":"","meta":{"footnotes":"","_joinchat":[]},"_links":{"self":[{"href":"https:\/\/www.alfincart.it\/fr\/wp-json\/wp\/v2\/pages\/2183\/"}],"collection":[{"href":"https:\/\/www.alfincart.it\/fr\/wp-json\/wp\/v2\/pages\/"}],"about":[{"href":"https:\/\/www.alfincart.it\/fr\/wp-json\/wp\/v2\/types\/page\/"}],"author":[{"embeddable":true,"href":"https:\/\/www.alfincart.it\/fr\/wp-json\/wp\/v2\/users\/1\/"}],"replies":[{"embeddable":true,"href":"https:\/\/www.alfincart.it\/fr\/wp-json\/wp\/v2\/comments\/?post=2183"}],"version-history":[{"count":7,"href":"https:\/\/www.alfincart.it\/fr\/wp-json\/wp\/v2\/pages\/2183\/revisions\/"}],"predecessor-version":[{"id":5713,"href":"https:\/\/www.alfincart.it\/fr\/wp-json\/wp\/v2\/pages\/2183\/revisions\/5713\/"}],"wp:attachment":[{"href":"https:\/\/www.alfincart.it\/fr\/wp-json\/wp\/v2\/media\/?parent=2183"}],"curies":[{"name":"wp","href":"https:\/\/api.w.org\/{rel}","templated":true}]}}