{"id":2211,"date":"2018-05-28T17:22:06","date_gmt":"2018-05-28T15:22:06","guid":{"rendered":"http:\/\/cool-agency.it\/testsite\/alfincart\/privacy-policy\/"},"modified":"2023-09-14T12:56:21","modified_gmt":"2023-09-14T10:56:21","slug":"privacy-policy","status":"publish","type":"page","link":"https:\/\/www.alfincart.it\/fr\/privacy-policy\/","title":{"rendered":"Mentions L\u00e9gales"},"content":{"rendered":"<section class=\"wpb-content-wrapper\"><p>[vc_row][vc_column][vc_column_text]<\/p>\n<p style=\"text-align: justify;\">Le contenu de ce site web est prot\u00e9g\u00e9 par copyright. Les informations publi\u00e9es sur ce site web, y compris les textes et images (sans que cette \u00e9num\u00e9ration ne soit limitative), ne peuvent \u00eatre reproduites, transf\u00e9r\u00e9es, diffus\u00e9es ou stock\u00e9es sans autorisation \u00e9crite pr\u00e9alable de Alfincart SARL, si ce n&rsquo;est \u00e0 des fins strictement priv\u00e9es ou sauf indication contraire. Il est express\u00e9ment interdit de modifier le contenu de ce site web. Sauf mention contraire sur ce site web, les marques, logos d&rsquo;entreprise et embl\u00e8mes figurant sur ce site sont soumis aux droits de propri\u00e9t\u00e9 industrielle et commerciale de Alfincart SARL.<\/p>\n<p>[\/vc_column_text][\/vc_column][\/vc_row]<\/p>\n<\/section>","protected":false},"excerpt":{"rendered":"<p>[vc_row][vc_column][vc_column_text] Le contenu de ce site web est prot\u00e9g\u00e9 par copyright. Les informations publi\u00e9es sur ce site web, y compris<\/p>\n","protected":false},"author":1,"featured_media":0,"parent":0,"menu_order":0,"comment_status":"closed","ping_status":"closed","template":"","meta":{"footnotes":"","_joinchat":[]},"_links":{"self":[{"href":"https:\/\/www.alfincart.it\/fr\/wp-json\/wp\/v2\/pages\/2211\/"}],"collection":[{"href":"https:\/\/www.alfincart.it\/fr\/wp-json\/wp\/v2\/pages\/"}],"about":[{"href":"https:\/\/www.alfincart.it\/fr\/wp-json\/wp\/v2\/types\/page\/"}],"author":[{"embeddable":true,"href":"https:\/\/www.alfincart.it\/fr\/wp-json\/wp\/v2\/users\/1\/"}],"replies":[{"embeddable":true,"href":"https:\/\/www.alfincart.it\/fr\/wp-json\/wp\/v2\/comments\/?post=2211"}],"version-history":[{"count":3,"href":"https:\/\/www.alfincart.it\/fr\/wp-json\/wp\/v2\/pages\/2211\/revisions\/"}],"predecessor-version":[{"id":2778,"href":"https:\/\/www.alfincart.it\/fr\/wp-json\/wp\/v2\/pages\/2211\/revisions\/2778\/"}],"wp:attachment":[{"href":"https:\/\/www.alfincart.it\/fr\/wp-json\/wp\/v2\/media\/?parent=2211"}],"curies":[{"name":"wp","href":"https:\/\/api.w.org\/{rel}","templated":true}]}}