{"id":2225,"date":"2017-06-27T06:45:25","date_gmt":"2017-06-27T06:45:25","guid":{"rendered":"http:\/\/cool-agency.it\/testsite\/alfincart\/servizi\/"},"modified":"2018-06-29T09:20:53","modified_gmt":"2018-06-29T07:20:53","slug":"servizi","status":"publish","type":"page","link":"https:\/\/www.alfincart.it\/fr\/services\/","title":{"rendered":"Services"},"content":{"rendered":"<section class=\"wpb-content-wrapper\"><p>[vc_row full_width=\u00a0\u00bbstretch_row_content_no_spaces\u00a0\u00bb css=\u00a0\u00bb.vc_custom_1526826940885{margin-top: 0px !important;border-top-width: 0px !important;padding-top: 0px !important;}\u00a0\u00bb][vc_column css=\u00a0\u00bb.vc_custom_1526827077059{margin-top: 0px !important;border-top-width: 0px !important;padding-top: 0px !important;}\u00a0\u00bb][vc_single_image image=\u00a0\u00bb2151&Prime; img_size=\u00a0\u00bbfull\u00a0\u00bb alignment=\u00a0\u00bbcenter\u00a0\u00bb css=\u00a0\u00bb.vc_custom_1527761240642{margin-top: 0px !important;border-top-width: 0px !important;padding-top: 0px !important;}\u00a0\u00bb][\/vc_column][\/vc_row][vc_row][vc_column]\n\t\t<div id=\"wd-69f3229ac2039\" class=\"title-wrapper wd-wpb set-mb-s reset-last-child  wd-title-color-default wd-title-style-bordered text-left  wd-underline-colored\">\n\t\t\t\n\t\t\t<div class=\"liner-continer\">\n\t\t\t\t<h1 class=\"woodmart-title-container title  wd-font-weight- wd-fontsize-l\" >SERVICES<\/h1>\n\t\t\t\t\t\t\t<\/div>\n\t\t\t\n\t\t\t\t\t\t\t<div class=\"title-after_title  set-cont-mb-s reset-last-child  wd-fontsize-xs\">Alfincart est une unit\u00e9 industrielle sp\u00e9cialis\u00e9e dans la d\u00e9coupe de bobines de papier et carton. Les produits finis sont en bobines (bobinage) ou en feuille (d\u00e9coupe au format). Plus pr\u00e9cis\u00e9ment, nous offrons les services suivants:<\/div>\n\t\t\t\n\t\t\t\n\t\t<\/div>\n\t\t\n\t\t[vc_column_text]<\/p>\n<ol>\n<li>D\u00e9coupe feuilles et bobines;<\/li>\n<li>Massicotage;<\/li>\n<li>Emballages et Bobinage;<\/li>\n<li>Refente;<\/li>\n<li>Reconditionnement de bobines.<\/li>\n<\/ol>\n<p>[\/vc_column_text][\/vc_column][\/vc_row]<\/p>\n<\/section>","protected":false},"excerpt":{"rendered":"<p>[vc_row full_width=\u00a0\u00bbstretch_row_content_no_spaces\u00a0\u00bb css=\u00a0\u00bb.vc_custom_1526826940885{margin-top: 0px !important;border-top-width: 0px !important;padding-top: 0px !important;}\u00a0\u00bb][vc_column css=\u00a0\u00bb.vc_custom_1526827077059{margin-top: 0px !important;border-top-width: 0px !important;padding-top: 0px !important;}\u00a0\u00bb][vc_single_image image=\u00a0\u00bb2151&Prime; img_size=\u00a0\u00bbfull\u00a0\u00bb alignment=\u00a0\u00bbcenter\u00a0\u00bb css=\u00a0\u00bb.vc_custom_1527761240642{margin-top:<\/p>\n","protected":false},"author":1,"featured_media":0,"parent":0,"menu_order":0,"comment_status":"closed","ping_status":"closed","template":"","meta":{"footnotes":"","_joinchat":[]},"_links":{"self":[{"href":"https:\/\/www.alfincart.it\/fr\/wp-json\/wp\/v2\/pages\/2225\/"}],"collection":[{"href":"https:\/\/www.alfincart.it\/fr\/wp-json\/wp\/v2\/pages\/"}],"about":[{"href":"https:\/\/www.alfincart.it\/fr\/wp-json\/wp\/v2\/types\/page\/"}],"author":[{"embeddable":true,"href":"https:\/\/www.alfincart.it\/fr\/wp-json\/wp\/v2\/users\/1\/"}],"replies":[{"embeddable":true,"href":"https:\/\/www.alfincart.it\/fr\/wp-json\/wp\/v2\/comments\/?post=2225"}],"version-history":[{"count":5,"href":"https:\/\/www.alfincart.it\/fr\/wp-json\/wp\/v2\/pages\/2225\/revisions\/"}],"predecessor-version":[{"id":2776,"href":"https:\/\/www.alfincart.it\/fr\/wp-json\/wp\/v2\/pages\/2225\/revisions\/2776\/"}],"wp:attachment":[{"href":"https:\/\/www.alfincart.it\/fr\/wp-json\/wp\/v2\/media\/?parent=2225"}],"curies":[{"name":"wp","href":"https:\/\/api.w.org\/{rel}","templated":true}]}}