{"id":2359,"date":"2018-05-19T13:39:16","date_gmt":"2018-05-19T11:39:16","guid":{"rendered":"http:\/\/cool-agency.it\/testsite\/alfincart\/prodotto\/carta-accoppiata-pizzeria\/"},"modified":"2026-03-19T09:24:49","modified_gmt":"2026-03-19T08:24:49","slug":"papier-duplex","status":"publish","type":"product","link":"https:\/\/www.alfincart.it\/fr\/papier-duplex\/","title":{"rendered":"Papier Duplex"},"content":{"rendered":"<p data-start=\"60\" data-end=\"556\"><strong>Papier duplex alimentaire<\/strong>. Le papier couch\u00e9 avec <a href=\"https:\/\/fr.wikipedia.org\/wiki\/Poly%C3%A9thyl%C3%A8ne_haute_densit%C3%A9\">poly\u00e9thyl\u00e8ne haute densit\u00e9<\/a> (PEHD) offre une solution pratique, hygi\u00e9nique et professionnelle pour l\u2019emballage des aliments frais dans les secteurs sp\u00e9cialis\u00e9s. Ce mat\u00e9riau int\u00e8gre un film de PEHD certifi\u00e9 pour le contact direct avec les denr\u00e9es alimentaires, prot\u00e9geant efficacement contre l\u2019humidit\u00e9, les graisses et les contaminations ext\u00e9rieures. Le film se d\u00e9tache facilement du papier, facilitant le tri s\u00e9lectif et am\u00e9liorant la durabilit\u00e9 environnementale du produit.<\/p>\n<p data-start=\"558\" data-end=\"1082\">Ce papier constitue une alternative valable au <a href=\"https:\/\/www.alfincart.it\/fr\/papier-thermosoudable\/\">papier alimentaire thermoscellable<\/a>, garantissant une plus grande flexibilit\u00e9 d\u2019utilisation et une s\u00e9paration plus simple des mat\u00e9riaux apr\u00e8s usage. La r\u00e9sistance du poly\u00e9thyl\u00e8ne haute densit\u00e9 forme une barri\u00e8re efficace contre les liquides, les odeurs et le gras, assurant une hygi\u00e8ne maximale pendant l\u2019emballage. Les supermarch\u00e9s, boucheries, charcuteries, traiteurs, poissonneries et pizzerias choisissent ce produit chaque jour pour prot\u00e9ger une large gamme d\u2019aliments frais.<\/p>\n<p data-start=\"1084\" data-end=\"1280\">Le papier toplex est id\u00e9al pour envelopper viandes, fromages, charcuteries, tranches, poissons, pizzas, focaccias et plats cuisin\u00e9s, en pr\u00e9servant leur fra\u00eecheur et leur qualit\u00e9.<\/p>\n<p data-start=\"1282\" data-end=\"1309\"><strong data-start=\"1282\" data-end=\"1307\">Grammages standards<\/strong><span data-start=\"1282\" data-end=\"1307\">:<\/span><\/p>\n<ul data-start=\"1310\" data-end=\"1347\">\n<li data-start=\"1310\" data-end=\"1328\">\n<p data-start=\"1312\" data-end=\"1328\">60 g\/m\u00b2 + PEHD<\/p>\n<\/li>\n<li data-start=\"1329\" data-end=\"1347\">\n<p data-start=\"1331\" data-end=\"1347\">80 g\/m\u00b2 + PEHD<\/p>\n<\/li>\n<\/ul>\n<p data-start=\"1349\" data-end=\"1374\"><strong data-start=\"1349\" data-end=\"1372\">Formats standards<\/strong><span data-start=\"1349\" data-end=\"1372\">:<\/span><\/p>\n<ul data-start=\"1375\" data-end=\"1495\">\n<li data-start=\"1375\" data-end=\"1389\">\n<p data-start=\"1377\" data-end=\"1389\">18 \u00d7 25 cm<\/p>\n<\/li>\n<li data-start=\"1390\" data-end=\"1404\">\n<p data-start=\"1392\" data-end=\"1404\">25 \u00d7 37 cm<\/p>\n<\/li>\n<li data-start=\"1405\" data-end=\"1419\">\n<p data-start=\"1407\" data-end=\"1419\">33 \u00d7 40 cm<\/p>\n<\/li>\n<li data-start=\"1420\" data-end=\"1434\">\n<p data-start=\"1422\" data-end=\"1434\">33 \u00d7 45 cm<\/p>\n<\/li>\n<li data-start=\"1435\" data-end=\"1449\">\n<p data-start=\"1437\" data-end=\"1449\">37 \u00d7 50 cm<\/p>\n<\/li>\n<li data-start=\"1450\" data-end=\"1464\">\n<p data-start=\"1452\" data-end=\"1464\">40 \u00d7 50 cm<\/p>\n<\/li>\n<li data-start=\"1465\" data-end=\"1479\">\n<p data-start=\"1467\" data-end=\"1479\">50 \u00d7 75 cm<\/p>\n<\/li>\n<li data-start=\"1480\" data-end=\"1495\">\n<p data-start=\"1482\" data-end=\"1495\">75 \u00d7 100 cm<\/p>\n<\/li>\n<\/ul>\n<p data-start=\"1497\" data-end=\"1520\"><strong data-start=\"1497\" data-end=\"1518\">Conditionnement<\/strong><span data-start=\"1497\" data-end=\"1518\">:<\/span><\/p>\n<ul data-start=\"1521\" data-end=\"1557\">\n<li data-start=\"1521\" data-end=\"1557\">\n<p data-start=\"1523\" data-end=\"1557\">Cartons de 10 kg \u2013 15 kg<\/p>\n<\/li>\n<\/ul>\n<p data-start=\"1559\" data-end=\"1707\">Sur demande, le papier duplex peut \u00eatre fourni avec une impression personnalis\u00e9e et dans des formats sp\u00e9ciaux, afin de s\u2019adapter \u00e0 des besoins sp\u00e9cifiques.<\/p>\n","protected":false},"excerpt":{"rendered":"<p>PAPIER TOPLEX<\/p>\n","protected":false},"featured_media":5972,"template":"","meta":{"_joinchat":[]},"product_cat":[68],"product_tag":[],"_links":{"self":[{"href":"https:\/\/www.alfincart.it\/fr\/wp-json\/wp\/v2\/product\/2359\/"}],"collection":[{"href":"https:\/\/www.alfincart.it\/fr\/wp-json\/wp\/v2\/product\/"}],"about":[{"href":"https:\/\/www.alfincart.it\/fr\/wp-json\/wp\/v2\/types\/product\/"}],"wp:featuredmedia":[{"embeddable":true,"href":"https:\/\/www.alfincart.it\/fr\/wp-json\/wp\/v2\/media\/5972\/"}],"wp:attachment":[{"href":"https:\/\/www.alfincart.it\/fr\/wp-json\/wp\/v2\/media\/?parent=2359"}],"wp:term":[{"taxonomy":"product_cat","embeddable":true,"href":"https:\/\/www.alfincart.it\/fr\/wp-json\/wp\/v2\/product_cat\/?post=2359"},{"taxonomy":"product_tag","embeddable":true,"href":"https:\/\/www.alfincart.it\/fr\/wp-json\/wp\/v2\/product_tag\/?post=2359"}],"curies":[{"name":"wp","href":"https:\/\/api.w.org\/{rel}","templated":true}]}}