{"id":2372,"date":"2018-06-25T12:12:09","date_gmt":"2018-06-25T10:12:09","guid":{"rendered":"http:\/\/cool-agency.it\/testsite\/alfincart\/prodotto\/carta-politenata-per-alimenti\/"},"modified":"2026-03-30T16:50:22","modified_gmt":"2026-03-30T14:50:22","slug":"papier-thermoscellable","status":"publish","type":"product","link":"https:\/\/www.alfincart.it\/fr\/papier-thermoscellable\/","title":{"rendered":"Papier Thermoscellable"},"content":{"rendered":"<p data-start=\"62\" data-end=\"515\"><strong>Papier Thermoscellable<\/strong>. Le papier thermoscellable alimentaire repr\u00e9sente une solution professionnelle et pratique pour emballer et prot\u00e9ger les produits frais destin\u00e9s \u00e0 la vente au d\u00e9tail et \u00e0 l\u2019emporter. Fabriqu\u00e9 \u00e0 partir de fibres vierges de pure cellulose, ce papier int\u00e8gre une fine couche de <a href=\"https:\/\/fr.wikipedia.org\/wiki\/Poly%C3%A9thyl%C3%A8ne_basse_densit%C3%A9\">poly\u00e9thyl\u00e8ne basse densit\u00e9<\/a>. Cette couche prot\u00e8ge efficacement contre les liquides, les graisses et l\u2019humidit\u00e9, tout en pr\u00e9servant les caract\u00e9ristiques organoleptiques des aliments.<\/p>\n<p data-start=\"517\" data-end=\"1137\">De nombreux commerces alimentaires utilisent ce papier pour l\u2019emballage quotidien de produits frais, qu\u2019ils soient chauds ou froids. Boucheries, charcuteries, poissonneries, pizzerias, traiteurs, glaciers et supermarch\u00e9s l\u2019emploient pour envelopper viandes, fromages, charcuteries, tranches, poissons, pizzas et plats cuisin\u00e9s. Gr\u00e2ce \u00e0 sa souplesse et \u00e0 sa maniabilit\u00e9, le papier thermosoudable constitue une alternative int\u00e9ressante au <a href=\"https:\/\/www.alfincart.it\/fr\/papier-duplex\/\">papier duplex<\/a> avec poly\u00e9thyl\u00e8ne haute densit\u00e9. Le secteur de la p\u00e2tisserie et de la confiserie appr\u00e9cie sa capacit\u00e9 \u00e0 conserver la qualit\u00e9 des produits jusqu\u2019\u00e0 leur consommation finale.<\/p>\n<p data-start=\"1139\" data-end=\"1166\"><strong data-start=\"1139\" data-end=\"1164\">Grammages standards<\/strong>:<\/p>\n<ul data-start=\"1167\" data-end=\"1223\">\n<li data-start=\"1167\" data-end=\"1185\">\n<p data-start=\"1169\" data-end=\"1185\">35 g\/m\u00b2 + 9 PE<\/p>\n<\/li>\n<li data-start=\"1186\" data-end=\"1204\">\n<p data-start=\"1188\" data-end=\"1204\">45 g\/m\u00b2 + 9 PE<\/p>\n<\/li>\n<li data-start=\"1205\" data-end=\"1223\">\n<p data-start=\"1207\" data-end=\"1223\">60 g\/m\u00b2 + 9 PE<\/p>\n<\/li>\n<\/ul>\n<p data-start=\"1225\" data-end=\"1250\"><strong data-start=\"1225\" data-end=\"1248\">Formats standards<\/strong>:<\/p>\n<ul data-start=\"1251\" data-end=\"1356\">\n<li data-start=\"1251\" data-end=\"1265\">\n<p data-start=\"1253\" data-end=\"1265\">18 \u00d7 25 cm<\/p>\n<\/li>\n<li data-start=\"1266\" data-end=\"1280\">\n<p data-start=\"1268\" data-end=\"1280\">25 \u00d7 37 cm<\/p>\n<\/li>\n<li data-start=\"1281\" data-end=\"1295\">\n<p data-start=\"1283\" data-end=\"1295\">33 \u00d7 40 cm<\/p>\n<\/li>\n<li data-start=\"1296\" data-end=\"1310\">\n<p data-start=\"1298\" data-end=\"1310\">33 \u00d7 45 cm<\/p>\n<\/li>\n<li data-start=\"1311\" data-end=\"1325\">\n<p data-start=\"1313\" data-end=\"1325\">37 \u00d7 50 cm<\/p>\n<\/li>\n<li data-start=\"1326\" data-end=\"1340\">\n<p data-start=\"1328\" data-end=\"1340\">50 \u00d7 75 cm<\/p>\n<\/li>\n<li data-start=\"1341\" data-end=\"1356\">\n<p data-start=\"1343\" data-end=\"1356\">75 \u00d7 100 cm<\/p>\n<\/li>\n<\/ul>\n<p data-start=\"1358\" data-end=\"1381\"><strong data-start=\"1358\" data-end=\"1379\">Conditionnement<\/strong>:<\/p>\n<ul data-start=\"1382\" data-end=\"1410\">\n<li data-start=\"1382\" data-end=\"1410\">\n<p data-start=\"1384\" data-end=\"1410\">Cartons de 10 kg \u2013 15 kg<\/p>\n<\/li>\n<\/ul>\n<p data-start=\"1412\" data-end=\"1600\">Sur demande, le papier poly\u00e9thyl\u00e9n\u00e9 peut \u00eatre personnalis\u00e9 avec le logo de l\u2019entreprise ou fourni dans des formats sp\u00e9ciaux, afin de s\u2019adapter \u00e0 l\u2019identit\u00e9 et aux besoins de chaque client.<\/p>\n","protected":false},"excerpt":{"rendered":"<p>PAPIER POLY\u00c9THYL\u00c9N\u00c9<\/p>\n","protected":false},"featured_media":4776,"template":"","meta":{"_joinchat":[]},"product_cat":[68],"product_tag":[],"_links":{"self":[{"href":"https:\/\/www.alfincart.it\/fr\/wp-json\/wp\/v2\/product\/2372\/"}],"collection":[{"href":"https:\/\/www.alfincart.it\/fr\/wp-json\/wp\/v2\/product\/"}],"about":[{"href":"https:\/\/www.alfincart.it\/fr\/wp-json\/wp\/v2\/types\/product\/"}],"wp:featuredmedia":[{"embeddable":true,"href":"https:\/\/www.alfincart.it\/fr\/wp-json\/wp\/v2\/media\/4776\/"}],"wp:attachment":[{"href":"https:\/\/www.alfincart.it\/fr\/wp-json\/wp\/v2\/media\/?parent=2372"}],"wp:term":[{"taxonomy":"product_cat","embeddable":true,"href":"https:\/\/www.alfincart.it\/fr\/wp-json\/wp\/v2\/product_cat\/?post=2372"},{"taxonomy":"product_tag","embeddable":true,"href":"https:\/\/www.alfincart.it\/fr\/wp-json\/wp\/v2\/product_tag\/?post=2372"}],"curies":[{"name":"wp","href":"https:\/\/api.w.org\/{rel}","templated":true}]}}