{"id":2382,"date":"2018-06-25T12:31:15","date_gmt":"2018-06-25T10:31:15","guid":{"rendered":"http:\/\/cool-agency.it\/testsite\/alfincart\/prodotto\/carta-paraffinata-per-alimenti\/"},"modified":"2025-09-05T15:45:14","modified_gmt":"2025-09-05T13:45:14","slug":"papier-paraffine","status":"publish","type":"product","link":"https:\/\/www.alfincart.it\/fr\/papier-paraffine-alimentaire\/","title":{"rendered":"Papier Paraffin\u00e9 Alimentaire"},"content":{"rendered":"<p><strong>Papier paraffin\u00e9 alimentaire<\/strong>. Notre papier paraffin\u00e9 certifi\u00e9 pour un usage alimentaire est fabriqu\u00e9 par un proc\u00e9d\u00e9 qui consiste \u00e0 l\u2019immerger dans un bain de <a href=\"https:\/\/fr.wikipedia.org\/wiki\/Paraffine\">paraffine<\/a> fondue. Ce traitement conf\u00e8re au papier des propri\u00e9t\u00e9s hydrofuges et une r\u00e9sistance \u00e9lev\u00e9e aux graisses, huiles et liquides. Sans mat\u00e9riaux recycl\u00e9s et r\u00e9alis\u00e9 \u00e0 partir de mati\u00e8res premi\u00e8res s\u00e9lectionn\u00e9es, il constitue une alternative durable au <a href=\"https:\/\/www.alfincart.it\/fr\/papier-duplex\/\">papier duplex<\/a> avec poly\u00e9thyl\u00e8ne haute densit\u00e9.<\/p>\n<p data-start=\"767\" data-end=\"1282\">Dans le secteur alimentaire, le papier paraffin\u00e9 est largement utilis\u00e9 pour emballer des produits frais tels que les charcuteries, fromages, viandes, salaisons, poissons, p\u00e2tisseries et produits semi-finis. Boulangeries, traiteurs, boucheries, supermarch\u00e9s, glaciers, bars, poissonneries et industries sucr\u00e9es utilisent ce papier quotidiennement pour conditionner et prot\u00e9ger leurs produits. La double paraffinisation prot\u00e8ge les deux faces du papier, renfor\u00e7ant sa r\u00e9sistance \u00e0 l\u2019humidit\u00e9 et aux agents ext\u00e9rieurs.<\/p>\n<p data-start=\"1284\" data-end=\"1734\">Dans les secteurs m\u00e9canique et automobile, de nombreuses entreprises utilisent ce papier pour envelopper des pi\u00e8ces m\u00e9talliques lubrifi\u00e9es, graiss\u00e9es ou humides, garantissant ainsi une protection durable. Les diff\u00e9rentes grammages et les nombreux formats disponibles assurent une grande adaptabilit\u00e9 aux besoins d\u2019emballage. Les bo\u00eetes en carton offrent un conditionnement pratique et protecteur, adapt\u00e9 au stockage et au transport en toute s\u00e9curit\u00e9.<\/p>\n<p data-start=\"1736\" data-end=\"1763\"><strong data-start=\"1736\" data-end=\"1761\">Grammages standards<\/strong>:<\/p>\n<ul data-start=\"1764\" data-end=\"1838\">\n<li data-start=\"1764\" data-end=\"1775\">\n<p data-start=\"1766\" data-end=\"1775\">55 g\/m\u00b2<\/p>\n<\/li>\n<li data-start=\"1776\" data-end=\"1787\">\n<p data-start=\"1778\" data-end=\"1787\">65 g\/m\u00b2<\/p>\n<\/li>\n<li data-start=\"1788\" data-end=\"1799\">\n<p data-start=\"1790\" data-end=\"1799\">80 g\/m\u00b2<\/p>\n<\/li>\n<li data-start=\"1800\" data-end=\"1812\">\n<p data-start=\"1802\" data-end=\"1812\">100 g\/m\u00b2<\/p>\n<\/li>\n<li data-start=\"1813\" data-end=\"1825\">\n<p data-start=\"1815\" data-end=\"1825\">150 g\/m\u00b2<\/p>\n<\/li>\n<li data-start=\"1826\" data-end=\"1838\">\n<p data-start=\"1828\" data-end=\"1838\">200 g\/m\u00b2<\/p>\n<\/li>\n<\/ul>\n<p data-start=\"1840\" data-end=\"1865\"><strong data-start=\"1840\" data-end=\"1863\">Formats standards<\/strong>:<\/p>\n<ul data-start=\"1866\" data-end=\"1925\">\n<li data-start=\"1866\" data-end=\"1880\">\n<p data-start=\"1868\" data-end=\"1880\">18 \u00d7 25 cm<\/p>\n<\/li>\n<li data-start=\"1881\" data-end=\"1895\">\n<p data-start=\"1883\" data-end=\"1895\">25 \u00d7 37 cm<\/p>\n<\/li>\n<li data-start=\"1896\" data-end=\"1910\">\n<p data-start=\"1898\" data-end=\"1910\">33 \u00d7 40 cm<\/p>\n<\/li>\n<li data-start=\"1911\" data-end=\"1925\">\n<p data-start=\"1913\" data-end=\"1925\">37 \u00d7 50 cm<\/p>\n<\/li>\n<\/ul>\n<p data-start=\"1927\" data-end=\"1950\"><strong data-start=\"1927\" data-end=\"1948\">Conditionnement<\/strong>:<\/p>\n<ul data-start=\"1951\" data-end=\"1987\">\n<li data-start=\"1951\" data-end=\"1987\">\n<p data-start=\"1953\" data-end=\"1987\">Cartons de 10 kg \u2013 18 kg \u2013 20 kg<\/p>\n<\/li>\n<\/ul>\n","protected":false},"excerpt":{"rendered":"<p>PAPIER CIR\u00c9<\/p>\n","protected":false},"featured_media":5438,"template":"","meta":{"_joinchat":[]},"product_cat":[68],"product_tag":[],"_links":{"self":[{"href":"https:\/\/www.alfincart.it\/fr\/wp-json\/wp\/v2\/product\/2382\/"}],"collection":[{"href":"https:\/\/www.alfincart.it\/fr\/wp-json\/wp\/v2\/product\/"}],"about":[{"href":"https:\/\/www.alfincart.it\/fr\/wp-json\/wp\/v2\/types\/product\/"}],"wp:featuredmedia":[{"embeddable":true,"href":"https:\/\/www.alfincart.it\/fr\/wp-json\/wp\/v2\/media\/5438\/"}],"wp:attachment":[{"href":"https:\/\/www.alfincart.it\/fr\/wp-json\/wp\/v2\/media\/?parent=2382"}],"wp:term":[{"taxonomy":"product_cat","embeddable":true,"href":"https:\/\/www.alfincart.it\/fr\/wp-json\/wp\/v2\/product_cat\/?post=2382"},{"taxonomy":"product_tag","embeddable":true,"href":"https:\/\/www.alfincart.it\/fr\/wp-json\/wp\/v2\/product_tag\/?post=2382"}],"curies":[{"name":"wp","href":"https:\/\/api.w.org\/{rel}","templated":true}]}}