{"id":2417,"date":"2018-06-25T13:15:02","date_gmt":"2018-06-25T11:15:02","guid":{"rendered":"http:\/\/cool-agency.it\/testsite\/alfincart\/?post_type=product&#038;p=2417"},"modified":"2025-09-05T15:45:07","modified_gmt":"2025-09-05T13:45:07","slug":"papier-calandre","status":"publish","type":"product","link":"https:\/\/www.alfincart.it\/fr\/papier-calandre\/","title":{"rendered":"Papier Calandr\u00e9"},"content":{"rendered":"<p data-start=\"229\" data-end=\"765\"><strong>Papier calandr\u00e9<\/strong> en pure <a href=\"https:\/\/fr.wikipedia.org\/wiki\/Cellulose\">cellulose<\/a>, \u00e9l\u00e9gant et polyvalent. Le papier calandr\u00e9 en pure cellulose repr\u00e9sente une solution \u00e9l\u00e9gante et fonctionnelle pour le conditionnement alimentaire et les emballages d\u00e9coratifs. Avec un grammage standard de 50 g\/m\u00b2, il est largement utilis\u00e9 dans les bars, p\u00e2tisseries, boulangeries, glaciers, gastronomies, r\u00f4tisseries, charcuteries, fours artisanaux, yogurteries et p\u00e2tes fra\u00eeches. Imprim\u00e9 avec des logos g\u00e9n\u00e9riques, il offre une pr\u00e9sentation soign\u00e9e qui valorise le contenu et am\u00e9liore l\u2019exp\u00e9rience du client.<\/p>\n<p data-start=\"767\" data-end=\"1261\">Ce mat\u00e9riau est tr\u00e8s appr\u00e9ci\u00e9 pour sa r\u00e9sistance et sa brillance, ce qui lui vaut d\u2019\u00eatre reconnu comme la traditionnelle \u00ab\u00a0papier pour p\u00e2tisserie\u00a0\u00bb. Sa texture souple mais robuste permet d\u2019emballer des produits chauds, gras ou d\u00e9licats sans compromettre leur protection. En association avec le <a href=\"https:\/\/www.alfincart.it\/fr\/papier-couche\/\">papier couch\u00e9<\/a>, il fait partie des r\u00e9f\u00e9rences les plus courantes dans l\u2019industrie sucri\u00e8re, notamment pour les emballages ext\u00e9rieurs gr\u00e2ce \u00e0 son \u00e9quilibre entre esth\u00e9tique et performance.<\/p>\n<p data-start=\"1263\" data-end=\"1645\">Le papier calandr\u00e9 prot\u00e8ge efficacement plateaux, produits de boulangerie, barquettes de glace et aliments frais. Les formats standards conviennent \u00e0 de nombreuses applications, mais des versions personnalis\u00e9es sont \u00e9galement disponibles selon les besoins sp\u00e9cifiques. Les impressions avec logos sur demande permettent de renforcer l\u2019image de marque du point de vente.<\/p>\n<p data-start=\"1647\" data-end=\"1672\"><strong data-start=\"1647\" data-end=\"1668\">Grammage standard<\/strong>:<\/p>\n<ul data-start=\"1673\" data-end=\"1684\">\n<li data-start=\"1673\" data-end=\"1684\">\n<p data-start=\"1675\" data-end=\"1684\">50 g\/m\u00b2<\/p>\n<\/li>\n<\/ul>\n<p data-start=\"1686\" data-end=\"1711\"><strong data-start=\"1686\" data-end=\"1707\">Formats standards<\/strong>:<\/p>\n<ul data-start=\"1712\" data-end=\"1742\">\n<li data-start=\"1712\" data-end=\"1726\">\n<p data-start=\"1714\" data-end=\"1726\">50 \u00d7 75 cm<\/p>\n<\/li>\n<li data-start=\"1727\" data-end=\"1742\">\n<p data-start=\"1729\" data-end=\"1742\">75 \u00d7 100 cm<\/p>\n<\/li>\n<\/ul>\n<p data-start=\"1744\" data-end=\"1767\"><strong data-start=\"1744\" data-end=\"1763\">Conditionnement<\/strong>:<\/p>\n<ul data-start=\"1768\" data-end=\"1788\">\n<li data-start=\"1768\" data-end=\"1788\">\n<p data-start=\"1770\" data-end=\"1788\">Paquets de 10 kg<\/p>\n<\/li>\n<\/ul>\n<p data-start=\"1790\" data-end=\"1892\" data-is-last-node=\"\" data-is-only-node=\"\">Sur demande, le papier calandr\u00e9 peut \u00eatre fourni en formats sp\u00e9ciaux et avec impression personnalis\u00e9e.<\/p>\n","protected":false},"excerpt":{"rendered":"<p>PAPIER POUR BOULANGERIE ET P\u00c2TISSERIE<\/p>\n","protected":false},"featured_media":4752,"template":"","meta":{"_joinchat":[]},"product_cat":[68],"product_tag":[],"_links":{"self":[{"href":"https:\/\/www.alfincart.it\/fr\/wp-json\/wp\/v2\/product\/2417\/"}],"collection":[{"href":"https:\/\/www.alfincart.it\/fr\/wp-json\/wp\/v2\/product\/"}],"about":[{"href":"https:\/\/www.alfincart.it\/fr\/wp-json\/wp\/v2\/types\/product\/"}],"wp:featuredmedia":[{"embeddable":true,"href":"https:\/\/www.alfincart.it\/fr\/wp-json\/wp\/v2\/media\/4752\/"}],"wp:attachment":[{"href":"https:\/\/www.alfincart.it\/fr\/wp-json\/wp\/v2\/media\/?parent=2417"}],"wp:term":[{"taxonomy":"product_cat","embeddable":true,"href":"https:\/\/www.alfincart.it\/fr\/wp-json\/wp\/v2\/product_cat\/?post=2417"},{"taxonomy":"product_tag","embeddable":true,"href":"https:\/\/www.alfincart.it\/fr\/wp-json\/wp\/v2\/product_tag\/?post=2417"}],"curies":[{"name":"wp","href":"https:\/\/api.w.org\/{rel}","templated":true}]}}