{"id":2430,"date":"2018-06-25T13:38:49","date_gmt":"2018-06-25T11:38:49","guid":{"rendered":"http:\/\/cool-agency.it\/testsite\/alfincart\/prodotto\/carta-pergamino-per-alimenti\/"},"modified":"2025-09-05T15:45:00","modified_gmt":"2025-09-05T13:45:00","slug":"papier-cristal","status":"publish","type":"product","link":"https:\/\/www.alfincart.it\/fr\/papier-cristal\/","title":{"rendered":"Papier Cristal"},"content":{"rendered":"<p data-start=\"222\" data-end=\"720\"><strong>Papier cristal<\/strong> pergamyne, l\u00e9ger, r\u00e9sistant et semi-transparent. Le papier cristal pergamyne blanc semi-transparent se distingue par sa l\u00e9g\u00e8ret\u00e9, sa r\u00e9sistance et ses propri\u00e9t\u00e9s hydrofuges. Utilis\u00e9 dans de nombreux secteurs, il offre une solution d\u2019emballage efficace et esth\u00e9tique. La version argent\u00e9e, brillante et dot\u00e9e d\u2019une surface antiadh\u00e9sive, convient parfaitement au conditionnement, bien qu\u2019elle ne soit pas compatible avec la cuisson au four ou au micro-ondes, m\u00eame \u00e0 basse temp\u00e9rature, contrairement au <a href=\"https:\/\/www.alfincart.it\/fr\/papier-silicone\/\">papier cuisson<\/a>.<\/p>\n<p data-start=\"722\" data-end=\"1110\">Dans le domaine alimentaire, ce papier est tr\u00e8s utilis\u00e9 pour emballer des g\u00e2teaux, torrone, p\u00e2tisseries, barquettes de glace ou plateaux traiteur. Il constitue \u00e9galement une barri\u00e8re fiable contre les graisses et les huiles dans les gastronomies et r\u00f4tisseries. Gr\u00e2ce \u00e0 sa souplesse, il s\u2019adapte ais\u00e9ment aux surfaces courbes, tout en conservant ses propri\u00e9t\u00e9s protectrices.<\/p>\n<p data-start=\"1112\" data-end=\"1503\">Dans les secteurs m\u00e9canique et automobile, il prot\u00e8ge efficacement les pi\u00e8ces m\u00e9talliques huil\u00e9es ou lubrifi\u00e9es. Une version sp\u00e9ciale, trait\u00e9e \u00e0 la <a href=\"https:\/\/fr.wikipedia.org\/wiki\/Paraffine\">paraffine<\/a>, est \u00e9galement utilis\u00e9e dans la fleuristerie pour envelopper fleurs et plantes, alliant conservation et pr\u00e9sentation visuelle. Son aspect propre et \u00e9l\u00e9gant convient aussi aux emballages cadeaux pour produits alimentaires.<\/p>\n<p data-start=\"1505\" data-end=\"1733\">Avec sa brillance \u00e9lev\u00e9e et son faible grammage, le papier pergamyne est l\u2019un des plus appr\u00e9ci\u00e9s dans le secteur sucrier. Il peut \u00eatre fourni neutre ou avec impression personnalis\u00e9e, selon les besoins graphiques du client.<\/p>\n<p data-start=\"1735\" data-end=\"1760\"><strong data-start=\"1735\" data-end=\"1756\">Grammage standard<\/strong>:<\/p>\n<ul data-start=\"1761\" data-end=\"1772\">\n<li data-start=\"1761\" data-end=\"1772\">\n<p data-start=\"1763\" data-end=\"1772\">35 g\/m\u00b2<\/p>\n<\/li>\n<\/ul>\n<p data-start=\"1774\" data-end=\"1799\"><strong data-start=\"1774\" data-end=\"1795\">Formats standards<\/strong>:<\/p>\n<ul data-start=\"1800\" data-end=\"1875\">\n<li data-start=\"1800\" data-end=\"1814\">\n<p data-start=\"1802\" data-end=\"1814\">18 \u00d7 25 cm<\/p>\n<\/li>\n<li data-start=\"1815\" data-end=\"1829\">\n<p data-start=\"1817\" data-end=\"1829\">25 \u00d7 37 cm<\/p>\n<\/li>\n<li data-start=\"1830\" data-end=\"1844\">\n<p data-start=\"1832\" data-end=\"1844\">37 \u00d7 50 cm<\/p>\n<\/li>\n<li data-start=\"1845\" data-end=\"1859\">\n<p data-start=\"1847\" data-end=\"1859\">50 \u00d7 75 cm<\/p>\n<\/li>\n<li data-start=\"1860\" data-end=\"1875\">\n<p data-start=\"1862\" data-end=\"1875\">75 \u00d7 100 cm<\/p>\n<\/li>\n<\/ul>\n<p data-start=\"1877\" data-end=\"1900\"><strong data-start=\"1877\" data-end=\"1896\">Conditionnement<\/strong>:<\/p>\n<ul data-start=\"1901\" data-end=\"1921\">\n<li data-start=\"1901\" data-end=\"1921\">\n<p data-start=\"1903\" data-end=\"1921\">Cartons de 10 kg<\/p>\n<\/li>\n<\/ul>\n<p data-start=\"1923\" data-end=\"2034\" data-is-last-node=\"\" data-is-only-node=\"\">Sur demande, le papier cristal pergamyne peut \u00eatre fourni en formats sp\u00e9ciaux et avec impression personnalis\u00e9e.<\/p>\n","protected":false},"excerpt":{"rendered":"<p>PERGAMYNE PAPIER<\/p>\n","protected":false},"featured_media":4744,"template":"","meta":{"_joinchat":[]},"product_cat":[68],"product_tag":[],"_links":{"self":[{"href":"https:\/\/www.alfincart.it\/fr\/wp-json\/wp\/v2\/product\/2430\/"}],"collection":[{"href":"https:\/\/www.alfincart.it\/fr\/wp-json\/wp\/v2\/product\/"}],"about":[{"href":"https:\/\/www.alfincart.it\/fr\/wp-json\/wp\/v2\/types\/product\/"}],"wp:featuredmedia":[{"embeddable":true,"href":"https:\/\/www.alfincart.it\/fr\/wp-json\/wp\/v2\/media\/4744\/"}],"wp:attachment":[{"href":"https:\/\/www.alfincart.it\/fr\/wp-json\/wp\/v2\/media\/?parent=2430"}],"wp:term":[{"taxonomy":"product_cat","embeddable":true,"href":"https:\/\/www.alfincart.it\/fr\/wp-json\/wp\/v2\/product_cat\/?post=2430"},{"taxonomy":"product_tag","embeddable":true,"href":"https:\/\/www.alfincart.it\/fr\/wp-json\/wp\/v2\/product_tag\/?post=2430"}],"curies":[{"name":"wp","href":"https:\/\/api.w.org\/{rel}","templated":true}]}}