{"id":2437,"date":"2018-06-25T13:49:38","date_gmt":"2018-06-25T11:49:38","guid":{"rendered":"http:\/\/cool-agency.it\/testsite\/alfincart\/prodotto\/carte-da-imballo-e-da-sovrainvolto\/"},"modified":"2026-03-27T10:11:40","modified_gmt":"2026-03-27T09:11:40","slug":"papier-journal","status":"publish","type":"product","link":"https:\/\/www.alfincart.it\/fr\/papier-journal\/","title":{"rendered":"Papier Journal"},"content":{"rendered":"<p data-start=\"421\" data-end=\"787\">Le <strong>papier journal<\/strong> constitue une solution pratique, \u00e9conomique et polyvalente pour le remplissage, l\u2019emballage et le suremballage dans les secteurs alimentaire et industriel. Alfincart transforme des papiers sp\u00e9ciaux en formats adapt\u00e9s aux op\u00e9rations de conditionnement. Le papier journal est g\u00e9n\u00e9ralement disponible en plusieurs teintes: blanc type annuaire t\u00e9l\u00e9phonique, jaune type <a href=\"https:\/\/fr.wikipedia.org\/wiki\/Pages_jaunes\">pages jaunes<\/a> et rose.<\/p>\n<p data-start=\"789\" data-end=\"1211\">Ce type de papier est produit principalement \u00e0 partir de p\u00e2tes m\u00e9caniques issues du bois. Le processus de broyage et de transformation permet de r\u00e9duire les co\u00fbts de production, ce qui le rend id\u00e9al pour la r\u00e9alisation de supports imprim\u00e9s \u00e0 large diffusion. Il peut \u00e9galement \u00eatre utilis\u00e9 pour des prospectus, brochures promotionnelles et journaux locaux ou d\u2019entreprise, en raison de son bon comportement \u00e0 l\u2019impression.<\/p>\n<p data-start=\"1213\" data-end=\"1625\">\u00c0 l\u2019instar du <a href=\"https:\/\/www.alfincart.it\/fr\/papier-mousseline-blanche\/\">papier de soie<\/a>, le papier journal d\u2019emballage convient au conditionnement de c\u00e9ramiques, chaussures, articles cadeaux, objets en verre ou en m\u00e9tal. Il offre une protection l\u00e9g\u00e8re mais efficace et une bonne flexibilit\u00e9 d\u2019utilisation dans les domaines logistique et commercial. Selon les besoins, diff\u00e9rents formats, grammages et solutions personnalis\u00e9es peuvent \u00eatre propos\u00e9s, y compris en rouleaux. Ce mat\u00e9riau se distingue par sa r\u00e9sistance, sa l\u00e9g\u00e8ret\u00e9, sa souplesse et sa capacit\u00e9 \u00e0 s\u2019adapter \u00e0 de multiples usages.<\/p>\n<p data-start=\"1627\" data-end=\"1654\"><strong data-start=\"1627\" data-end=\"1652\">Grammage standard<\/strong>:<\/p>\n<ul data-start=\"1655\" data-end=\"1678\">\n<li data-start=\"1667\" data-end=\"1678\">\n<p data-start=\"1669\" data-end=\"1678\">45 g\/m\u00b2<\/p>\n<\/li>\n<\/ul>\n<p data-start=\"1680\" data-end=\"1705\"><strong data-start=\"1680\" data-end=\"1703\">Format standard<\/strong>:<\/p>\n<ul data-start=\"1706\" data-end=\"1750\">\n<li data-start=\"1706\" data-end=\"1720\">\n<p data-start=\"1708\" data-end=\"1720\">44 \u00d7 64 cm<\/p>\n<\/li>\n<\/ul>\n<p data-start=\"1752\" data-end=\"1775\"><strong data-start=\"1752\" data-end=\"1773\">Conditionnement<\/strong>:<\/p>\n<ul data-start=\"1776\" data-end=\"1827\">\n<li data-start=\"1776\" data-end=\"1827\">\n<p data-start=\"1778\" data-end=\"1827\">Paquets en plastique thermor\u00e9tractable de 15 kg<\/p>\n<\/li>\n<\/ul>\n","protected":false},"excerpt":{"rendered":"<p>PAPIERS JOURNAL D&rsquo;EMBALLAGE<\/p>\n","protected":false},"featured_media":4736,"template":"","meta":{"_joinchat":[]},"product_cat":[68],"product_tag":[],"_links":{"self":[{"href":"https:\/\/www.alfincart.it\/fr\/wp-json\/wp\/v2\/product\/2437\/"}],"collection":[{"href":"https:\/\/www.alfincart.it\/fr\/wp-json\/wp\/v2\/product\/"}],"about":[{"href":"https:\/\/www.alfincart.it\/fr\/wp-json\/wp\/v2\/types\/product\/"}],"wp:featuredmedia":[{"embeddable":true,"href":"https:\/\/www.alfincart.it\/fr\/wp-json\/wp\/v2\/media\/4736\/"}],"wp:attachment":[{"href":"https:\/\/www.alfincart.it\/fr\/wp-json\/wp\/v2\/media\/?parent=2437"}],"wp:term":[{"taxonomy":"product_cat","embeddable":true,"href":"https:\/\/www.alfincart.it\/fr\/wp-json\/wp\/v2\/product_cat\/?post=2437"},{"taxonomy":"product_tag","embeddable":true,"href":"https:\/\/www.alfincart.it\/fr\/wp-json\/wp\/v2\/product_tag\/?post=2437"}],"curies":[{"name":"wp","href":"https:\/\/api.w.org\/{rel}","templated":true}]}}