{"id":2448,"date":"2018-06-25T14:02:27","date_gmt":"2018-06-25T12:02:27","guid":{"rendered":"http:\/\/cool-agency.it\/testsite\/alfincart\/prodotto\/carta-patinata-e-monopatinata\/"},"modified":"2025-09-05T15:44:44","modified_gmt":"2025-09-05T13:44:44","slug":"papier-couche-pour-lemballage","status":"publish","type":"product","link":"https:\/\/www.alfincart.it\/fr\/papier-couche\/","title":{"rendered":"Papier Couch\u00e9"},"content":{"rendered":"<p data-start=\"209\" data-end=\"591\"><strong>Papier couch\u00e9<\/strong> pour l\u2019emballage alimentaire et d\u00e9coratif. Le papier couch\u00e9 et le papier monocouch\u00e9 offrent une excellente combinaison de r\u00e9sistance, de qualit\u00e9 visuelle et de polyvalence. Gr\u00e2ce \u00e0 leur surface lisse et \u00e0 leur bonne imprimabilit\u00e9, ces papiers sont largement utilis\u00e9s pour l\u2019emballage de produits alimentaires dans les secteurs de la p\u00e2tisserie, de la gastronomie, de la pizzeria et du bar.<\/p>\n<p data-start=\"593\" data-end=\"876\">Leur rendu raffin\u00e9 am\u00e9liore l\u2019exp\u00e9rience client et ajoute une valeur per\u00e7ue au contenu emball\u00e9. En dehors de l\u2019alimentaire, ces supports sont aussi efficaces pour l\u2019emballage d\u2019objets en m\u00e9tal, en c\u00e9ramique ou d\u2019articles cadeaux, en apportant une touche soign\u00e9e et professionnelle.<\/p>\n<p data-start=\"878\" data-end=\"1306\">Dans l\u2019industrie sucri\u00e8re, le papier couch\u00e9 est utilis\u00e9, aux c\u00f4t\u00e9s du <a href=\"https:\/\/www.alfincart.it\/fr\/papier-paraffine-alimentaire\/\">papier paraffin\u00e9<\/a> et du papier <a href=\"https:\/\/en.wikipedia.org\/wiki\/Glassine\">glassine<\/a>, principalement pour les emballages ext\u00e9rieurs. Appr\u00e9ci\u00e9 pour ses qualit\u00e9s d\u00e9coratives et fonctionnelles, il prot\u00e8ge efficacement contre l\u2019humidit\u00e9 et les manipulations r\u00e9p\u00e9t\u00e9es. Les papiers imprim\u00e9s renforcent \u00e9galement l\u2019identit\u00e9 visuelle des produits, tout en assurant leur pr\u00e9sentation et leur conservation.<\/p>\n<p data-start=\"1308\" data-end=\"1707\">Des formats personnalis\u00e9s, y compris avec impression sur mesure, sont disponibles en compl\u00e9ment des dimensions standard. Cette flexibilit\u00e9 permet d\u2019adapter chaque solution aux besoins sp\u00e9cifiques de communication et de conditionnement. Gr\u00e2ce \u00e0 la diversit\u00e9 des usages et des finitions, le papier couch\u00e9 constitue un excellent support pour les emballages th\u00e9matiques et les actions promotionnelles.<\/p>\n<p data-start=\"1709\" data-end=\"1734\"><strong data-start=\"1709\" data-end=\"1730\">Grammage standard<\/strong>:<\/p>\n<ul data-start=\"1735\" data-end=\"1746\">\n<li data-start=\"1735\" data-end=\"1746\">\n<p data-start=\"1737\" data-end=\"1746\">60 g\/m\u00b2<\/p>\n<\/li>\n<\/ul>\n<p data-start=\"1748\" data-end=\"1773\"><strong data-start=\"1748\" data-end=\"1769\">Formats standards<\/strong>:<\/p>\n<ul data-start=\"1774\" data-end=\"1804\">\n<li data-start=\"1774\" data-end=\"1788\">\n<p data-start=\"1776\" data-end=\"1788\">50 \u00d7 75 cm<\/p>\n<\/li>\n<li data-start=\"1789\" data-end=\"1804\">\n<p data-start=\"1791\" data-end=\"1804\">75 \u00d7 100 cm<\/p>\n<\/li>\n<\/ul>\n<p data-start=\"1806\" data-end=\"1829\"><strong data-start=\"1806\" data-end=\"1825\">Conditionnement<\/strong>:<\/p>\n<ul data-start=\"1830\" data-end=\"1850\">\n<li data-start=\"1830\" data-end=\"1850\">\n<p data-start=\"1832\" data-end=\"1850\">Paquets de 10 kg<\/p>\n<\/li>\n<\/ul>\n<p data-start=\"1852\" data-end=\"1979\" data-is-last-node=\"\" data-is-only-node=\"\">Des solutions personnalis\u00e9es sont disponibles sur demande, pour r\u00e9pondre \u00e0 toutes les exigences de pr\u00e9sentation et d\u2019emballage.<\/p>\n","protected":false},"excerpt":{"rendered":"<p>PAPIER COUCH\u00c9 POUR L\u2019EMBALLAGE<\/p>\n","protected":false},"featured_media":4720,"template":"","meta":{"_joinchat":[]},"product_cat":[68],"product_tag":[],"_links":{"self":[{"href":"https:\/\/www.alfincart.it\/fr\/wp-json\/wp\/v2\/product\/2448\/"}],"collection":[{"href":"https:\/\/www.alfincart.it\/fr\/wp-json\/wp\/v2\/product\/"}],"about":[{"href":"https:\/\/www.alfincart.it\/fr\/wp-json\/wp\/v2\/types\/product\/"}],"wp:featuredmedia":[{"embeddable":true,"href":"https:\/\/www.alfincart.it\/fr\/wp-json\/wp\/v2\/media\/4720\/"}],"wp:attachment":[{"href":"https:\/\/www.alfincart.it\/fr\/wp-json\/wp\/v2\/media\/?parent=2448"}],"wp:term":[{"taxonomy":"product_cat","embeddable":true,"href":"https:\/\/www.alfincart.it\/fr\/wp-json\/wp\/v2\/product_cat\/?post=2448"},{"taxonomy":"product_tag","embeddable":true,"href":"https:\/\/www.alfincart.it\/fr\/wp-json\/wp\/v2\/product_tag\/?post=2448"}],"curies":[{"name":"wp","href":"https:\/\/api.w.org\/{rel}","templated":true}]}}