{"id":2477,"date":"2018-06-25T16:59:37","date_gmt":"2018-06-25T14:59:37","guid":{"rendered":"http:\/\/cool-agency.it\/testsite\/alfincart\/prodotto\/carta-larice-per-alimenti\/"},"modified":"2025-09-05T15:44:35","modified_gmt":"2025-09-05T13:44:35","slug":"papier-glassine","status":"publish","type":"product","link":"https:\/\/www.alfincart.it\/fr\/papier-glassine\/","title":{"rendered":"Papier Glassine"},"content":{"rendered":"<p data-start=\"189\" data-end=\"655\"><strong>Papier glassine<\/strong> calandr\u00e9, r\u00e9sistant \u00e0 l\u2019humidit\u00e9. Le papier glassine est un papier <a href=\"https:\/\/fr.wikipedia.org\/wiki\/Calandrage\">calandr\u00e9<\/a>, tr\u00e8s lisse et semi-transparent, appr\u00e9ci\u00e9 pour sa r\u00e9sistance naturelle \u00e0 l\u2019humidit\u00e9. Comparable au <a href=\"https:\/\/www.alfincart.it\/fr\/papier-paraffine-alimentaire\/\">papier paraffin\u00e9<\/a>, il repr\u00e9sente une solution polyvalente pour de nombreux secteurs professionnels. Dans l\u2019industrie agroalimentaire, il est couramment utilis\u00e9 pour l\u2019emballage de fromages affin\u00e9s, ainsi que pour la protection de produits semi-finis destin\u00e9s \u00e0 la panification et \u00e0 la p\u00e2tisserie.<\/p>\n<p data-start=\"657\" data-end=\"1044\">Gr\u00e2ce \u00e0 sa surface non poreuse et \u00e0 sa tenue aux liquides, il est \u00e9galement tr\u00e8s pris\u00e9 par les fleuristes et les p\u00e9pini\u00e9ristes pour le conditionnement de plantes, bouquets et jeunes pousses. Ce papier technique est disponible en finition blanche brillante ou dans une version teint\u00e9e jaune ocre, selon les besoins esth\u00e9tiques ou fonctionnels.<\/p>\n<p data-start=\"1046\" data-end=\"1573\">Polyvalent, le papier glassine s\u2019utilise \u00e9galement hors du domaine alimentaire. Il sert \u00e0 la fabrication d\u2019\u00e9tiquettes et d\u2019adh\u00e9sifs, ainsi qu\u2019\u00e0 la r\u00e9alisation de fen\u00eatres transparentes pour enveloppes, offrant une alternative \u00e9cologique aux films plastiques. Sa texture fine et satin\u00e9e le rend adapt\u00e9 \u00e0 la conservation d\u2019archives, aux travaux artisanaux et aux projets cr\u00e9atifs. Dans les secteurs m\u00e9caniques et automobiles, il prot\u00e8ge les pi\u00e8ces m\u00e9talliques humides, lubrifi\u00e9es ou graiss\u00e9es pendant le stockage et le transport.<\/p>\n<p data-start=\"1575\" data-end=\"1600\"><strong data-start=\"1575\" data-end=\"1596\">Grammage standard<\/strong>:<\/p>\n<ul data-start=\"1601\" data-end=\"1612\">\n<li data-start=\"1601\" data-end=\"1612\">\n<p data-start=\"1603\" data-end=\"1612\">60 g\/m\u00b2<\/p>\n<\/li>\n<\/ul>\n<p data-start=\"1614\" data-end=\"1641\"><strong data-start=\"1614\" data-end=\"1637\">Formats standards<\/strong>:<\/p>\n<ul data-start=\"1642\" data-end=\"1717\">\n<li data-start=\"1642\" data-end=\"1656\">\n<p data-start=\"1644\" data-end=\"1656\">18 \u00d7 25 cm<\/p>\n<\/li>\n<li data-start=\"1657\" data-end=\"1671\">\n<p data-start=\"1659\" data-end=\"1671\">25 \u00d7 37 cm<\/p>\n<\/li>\n<li data-start=\"1672\" data-end=\"1686\">\n<p data-start=\"1674\" data-end=\"1686\">37 \u00d7 50 cm<\/p>\n<\/li>\n<li data-start=\"1687\" data-end=\"1701\">\n<p data-start=\"1689\" data-end=\"1701\">50 \u00d7 75 cm<\/p>\n<\/li>\n<li data-start=\"1702\" data-end=\"1717\">\n<p data-start=\"1704\" data-end=\"1717\">75 \u00d7 100 cm<\/p>\n<\/li>\n<\/ul>\n<p data-start=\"1719\" data-end=\"1742\"><strong data-start=\"1719\" data-end=\"1738\">Conditionnement<\/strong>:<\/p>\n<ul data-start=\"1743\" data-end=\"1763\">\n<li data-start=\"1743\" data-end=\"1763\">\n<p data-start=\"1745\" data-end=\"1763\">Cartons de 10 kg<\/p>\n<\/li>\n<\/ul>\n<p data-start=\"1765\" data-end=\"1870\" data-is-last-node=\"\" data-is-only-node=\"\">Des formats personnalis\u00e9s peuvent \u00eatre fournis sur demande, pour r\u00e9pondre \u00e0 tous les besoins sp\u00e9cifiques.<\/p>\n","protected":false},"excerpt":{"rendered":"<p>PAPIER CALANDR\u00c9<\/p>\n","protected":false},"featured_media":5362,"template":"","meta":{"_joinchat":[]},"product_cat":[68],"product_tag":[],"_links":{"self":[{"href":"https:\/\/www.alfincart.it\/fr\/wp-json\/wp\/v2\/product\/2477\/"}],"collection":[{"href":"https:\/\/www.alfincart.it\/fr\/wp-json\/wp\/v2\/product\/"}],"about":[{"href":"https:\/\/www.alfincart.it\/fr\/wp-json\/wp\/v2\/types\/product\/"}],"wp:featuredmedia":[{"embeddable":true,"href":"https:\/\/www.alfincart.it\/fr\/wp-json\/wp\/v2\/media\/5362\/"}],"wp:attachment":[{"href":"https:\/\/www.alfincart.it\/fr\/wp-json\/wp\/v2\/media\/?parent=2477"}],"wp:term":[{"taxonomy":"product_cat","embeddable":true,"href":"https:\/\/www.alfincart.it\/fr\/wp-json\/wp\/v2\/product_cat\/?post=2477"},{"taxonomy":"product_tag","embeddable":true,"href":"https:\/\/www.alfincart.it\/fr\/wp-json\/wp\/v2\/product_tag\/?post=2477"}],"curies":[{"name":"wp","href":"https:\/\/api.w.org\/{rel}","templated":true}]}}