{"id":2524,"date":"2018-06-25T20:00:32","date_gmt":"2018-06-25T18:00:32","guid":{"rendered":"http:\/\/cool-agency.it\/testsite\/alfincart\/?post_type=product&#038;p=2524"},"modified":"2025-09-05T15:44:23","modified_gmt":"2025-09-05T13:44:23","slug":"cornet-a-frites","status":"publish","type":"product","link":"https:\/\/www.alfincart.it\/fr\/cornet-a-frites\/","title":{"rendered":"Cornet Blanc \u00e0 Frites"},"content":{"rendered":"<p data-start=\"189\" data-end=\"717\"><strong>Cornet blanc \u00e0 frites<\/strong> en carton ou papier avec PE, 100\u202f% alimentaires. Le cornet blanc \u00e0 frites est une solution pratique, \u00e9conomique et s\u00e9curis\u00e9e pour servir des frites et autres fritures dans les activit\u00e9s de restauration \u00e0 emporter. Fabriqu\u00e9 en carton blanc haute r\u00e9sistance ou en papier couch\u00e9 avec <a href=\"https:\/\/fr.wikipedia.org\/wiki\/Poly%C3%A9thyl%C3%A8ne_haute_densit%C3%A9\">poly\u00e9thyl\u00e8ne haute densit\u00e9<\/a>, il est parfaitement conforme aux normes de contact alimentaire. Chaque cornet est imprim\u00e9 avec un graphisme neutre et g\u00e9n\u00e9rique, id\u00e9al pour les food trucks, patatineries, snack-bars et toutes les structures recherchant simplicit\u00e9 et efficacit\u00e9.<\/p>\n<p data-start=\"719\" data-end=\"970\">La finition gaufr\u00e9e et la soudure lat\u00e9rale par thermocollage assurent une bonne rigidit\u00e9 et une prise en main antid\u00e9rapante, m\u00eame en situation de consommation mobile. Sa robustesse en fait un emballage fiable, adapt\u00e9 \u00e0 un usage professionnel intensif.<\/p>\n<p data-start=\"972\" data-end=\"1417\">Contrairement \u00e0 de nombreux cornets disponibles sur le march\u00e9, souvent compos\u00e9s de mat\u00e9riaux contenant encres ou substances non conformes, ce mod\u00e8le garantit s\u00e9curit\u00e9 et hygi\u00e8ne. Il est id\u00e9al pour une utilisation lors de festivals, foires, \u00e9v\u00e9nements publics, c\u00e9r\u00e9monies et rassemblements de plein air. Une version en <a href=\"https:\/\/www.alfincart.it\/fr\/cornet-brun-a-frites\/\">papier brun alimentaire<\/a> est \u00e9galement disponible, offrant une alternative r\u00e9sistante et plus respectueuse de l\u2019environnement.<\/p>\n<p data-start=\"1419\" data-end=\"1444\"><strong data-start=\"1419\" data-end=\"1440\">Formats standards<\/strong>:<\/p>\n<ul data-start=\"1445\" data-end=\"1528\">\n<li data-start=\"1445\" data-end=\"1463\">\n<p data-start=\"1447\" data-end=\"1463\">Petit (17 cm)<\/p>\n<\/li>\n<li data-start=\"1464\" data-end=\"1484\">\n<p data-start=\"1466\" data-end=\"1484\">Moyenne (20 cm)<\/p>\n<\/li>\n<li data-start=\"1485\" data-end=\"1503\">\n<p data-start=\"1487\" data-end=\"1503\">Grand (23 cm)<\/p>\n<\/li>\n<li data-start=\"1504\" data-end=\"1528\">\n<p data-start=\"1506\" data-end=\"1528\">Extra Grand (26 cm)<\/p>\n<\/li>\n<\/ul>\n<p data-start=\"1530\" data-end=\"1553\"><strong data-start=\"1530\" data-end=\"1549\">Conditionnement<\/strong>:<\/p>\n<ul data-start=\"1554\" data-end=\"1580\">\n<li data-start=\"1554\" data-end=\"1580\">\n<p data-start=\"1556\" data-end=\"1580\">Cartons de 500 cornets<\/p>\n<\/li>\n<\/ul>\n<p data-start=\"1582\" data-end=\"1714\" data-is-last-node=\"\" data-is-only-node=\"\">Des formats sp\u00e9ciaux et une impression personnalis\u00e9e sont disponibles sur demande, pour s\u2019adapter \u00e0 tous les besoins professionnels.<\/p>\n","protected":false},"excerpt":{"rendered":"<p>CORNET EN PAPIER DUPLEX<\/p>\n","protected":false},"featured_media":5622,"template":"","meta":{"_joinchat":[]},"product_cat":[67],"product_tag":[],"_links":{"self":[{"href":"https:\/\/www.alfincart.it\/fr\/wp-json\/wp\/v2\/product\/2524\/"}],"collection":[{"href":"https:\/\/www.alfincart.it\/fr\/wp-json\/wp\/v2\/product\/"}],"about":[{"href":"https:\/\/www.alfincart.it\/fr\/wp-json\/wp\/v2\/types\/product\/"}],"wp:featuredmedia":[{"embeddable":true,"href":"https:\/\/www.alfincart.it\/fr\/wp-json\/wp\/v2\/media\/5622\/"}],"wp:attachment":[{"href":"https:\/\/www.alfincart.it\/fr\/wp-json\/wp\/v2\/media\/?parent=2524"}],"wp:term":[{"taxonomy":"product_cat","embeddable":true,"href":"https:\/\/www.alfincart.it\/fr\/wp-json\/wp\/v2\/product_cat\/?post=2524"},{"taxonomy":"product_tag","embeddable":true,"href":"https:\/\/www.alfincart.it\/fr\/wp-json\/wp\/v2\/product_tag\/?post=2524"}],"curies":[{"name":"wp","href":"https:\/\/api.w.org\/{rel}","templated":true}]}}