{"id":2529,"date":"2018-06-25T20:03:50","date_gmt":"2018-06-25T18:03:50","guid":{"rendered":"http:\/\/cool-agency.it\/testsite\/alfincart\/prodotto\/coni-di-carta-paglia\/"},"modified":"2025-09-05T15:44:15","modified_gmt":"2025-09-05T13:44:15","slug":"cornet-brun-a-frites","status":"publish","type":"product","link":"https:\/\/www.alfincart.it\/fr\/cornet-brun-a-frites\/","title":{"rendered":"Cornet Brun \u00e0 Frites"},"content":{"rendered":"<p data-start=\"173\" data-end=\"810\"><strong>Cornet brun \u00e0 frites<\/strong> en papier duplex. Le Cornet Brun \u00e0 Frites est con\u00e7u sp\u00e9cialement pour les professionnels du snacking, les food trucks et les activit\u00e9s de vente \u00e0 emporter. Contrairement aux cornets en papier paille classiques, souvent fabriqu\u00e9s avec des mat\u00e9riaux contenant des encres ou substances non conformes, ce mod\u00e8le est enti\u00e8rement apte au contact alimentaire. Il dispose d\u2019un double rev\u00eatement en <a href=\"https:\/\/fr.wikipedia.org\/wiki\/Poly%C3%A9thyl%C3%A8ne_haute_densit%C3%A9\">poly\u00e9thyl\u00e8ne haute densit\u00e9<\/a>, appliqu\u00e9 sur les deux faces, \u00e9vitant ainsi tout contact direct entre le papier et les aliments gras. Ce syst\u00e8me garantit une barri\u00e8re efficace contre l\u2019huile, tout en maintenant des conditions d\u2019hygi\u00e8ne optimales.<\/p>\n<p data-start=\"812\" data-end=\"1225\">La soudure lat\u00e9rale thermique et la finition gaufr\u00e9e am\u00e9liorent la rigidit\u00e9 du cornet et assurent une prise en main antid\u00e9rapante. Cette conception offre un confort d\u2019utilisation sup\u00e9rieur, m\u00eame en cas de consommation sur le pouce. Gr\u00e2ce \u00e0 sa solidit\u00e9 et \u00e0 sa fonctionnalit\u00e9, ce cornet convient parfaitement \u00e0 une utilisation intensive lors d\u2019\u00e9v\u00e9nements tels que foires, f\u00eates de village ou manifestations de rue.<\/p>\n<p data-start=\"1227\" data-end=\"1454\">En plus du mod\u00e8le brun, des <a href=\"https:\/\/www.alfincart.it\/fr\/cornet-a-frites\/\">cornets blancs<\/a> pour frites sont \u00e9galement disponibles. Ils offrent les m\u00eames caract\u00e9ristiques techniques et conviennent aux professionnels recherchant une pr\u00e9sentation plus neutre ou personnalisable.<\/p>\n<p data-start=\"1456\" data-end=\"1481\"><strong data-start=\"1456\" data-end=\"1477\">Formats standards<\/strong>:<\/p>\n<ul data-start=\"1482\" data-end=\"1565\">\n<li data-start=\"1482\" data-end=\"1500\">\n<p data-start=\"1484\" data-end=\"1500\">Petit (17 cm)<\/p>\n<\/li>\n<li data-start=\"1501\" data-end=\"1521\">\n<p data-start=\"1503\" data-end=\"1521\">Moyenne (20 cm)<\/p>\n<\/li>\n<li data-start=\"1522\" data-end=\"1540\">\n<p data-start=\"1524\" data-end=\"1540\">Grand (23 cm)<\/p>\n<\/li>\n<li data-start=\"1541\" data-end=\"1565\">\n<p data-start=\"1543\" data-end=\"1565\">Extra Grand (26 cm)<\/p>\n<\/li>\n<\/ul>\n<p data-start=\"1567\" data-end=\"1590\"><strong data-start=\"1567\" data-end=\"1586\">Conditionnement<\/strong>:<\/p>\n<ul data-start=\"1591\" data-end=\"1617\">\n<li data-start=\"1591\" data-end=\"1617\">\n<p data-start=\"1593\" data-end=\"1617\">Cartons de 500 cornets<\/p>\n<\/li>\n<\/ul>\n<p data-start=\"1619\" data-end=\"1752\" data-is-last-node=\"\" data-is-only-node=\"\">Des formats personnalis\u00e9s et une impression sur mesure sont disponibles sur demande, pour r\u00e9pondre \u00e0 tous les besoins professionnels.<\/p>\n","protected":false},"excerpt":{"rendered":"<p>CORNET EN PAPIER PAILLE<\/p>\n","protected":false},"featured_media":4651,"template":"","meta":{"_joinchat":[]},"product_cat":[67],"product_tag":[],"_links":{"self":[{"href":"https:\/\/www.alfincart.it\/fr\/wp-json\/wp\/v2\/product\/2529\/"}],"collection":[{"href":"https:\/\/www.alfincart.it\/fr\/wp-json\/wp\/v2\/product\/"}],"about":[{"href":"https:\/\/www.alfincart.it\/fr\/wp-json\/wp\/v2\/types\/product\/"}],"wp:featuredmedia":[{"embeddable":true,"href":"https:\/\/www.alfincart.it\/fr\/wp-json\/wp\/v2\/media\/4651\/"}],"wp:attachment":[{"href":"https:\/\/www.alfincart.it\/fr\/wp-json\/wp\/v2\/media\/?parent=2529"}],"wp:term":[{"taxonomy":"product_cat","embeddable":true,"href":"https:\/\/www.alfincart.it\/fr\/wp-json\/wp\/v2\/product_cat\/?post=2529"},{"taxonomy":"product_tag","embeddable":true,"href":"https:\/\/www.alfincart.it\/fr\/wp-json\/wp\/v2\/product_tag\/?post=2529"}],"curies":[{"name":"wp","href":"https:\/\/api.w.org\/{rel}","templated":true}]}}