{"id":2538,"date":"2018-06-25T20:17:58","date_gmt":"2018-06-25T18:17:58","guid":{"rendered":"http:\/\/cool-agency.it\/testsite\/alfincart\/prodotto\/foglietti-hd\/"},"modified":"2025-09-05T15:43:56","modified_gmt":"2025-09-05T13:43:56","slug":"feuilles-liassees-transparente","status":"publish","type":"product","link":"https:\/\/www.alfincart.it\/fr\/feuilles-pehd\/","title":{"rendered":"Feuilles liass\u00e9es transparente en poly\u00e9thyl\u00e8ne"},"content":{"rendered":"<p data-start=\"307\" data-end=\"358\"><strong data-start=\"307\" data-end=\"358\">Feuilles liass\u00e9es transparente en poly\u00e9thyl\u00e8ne<\/strong>. Les feuilles liass\u00e9es transparente sont fabriqu\u00e9es en <a href=\"https:\/\/fr.wikipedia.org\/wiki\/Poly%C3%A9thyl%C3%A8ne_haute_densit%C3%A9\">poly\u00e9thyl\u00e8ne haute densit\u00e9<\/a> (PEHD), un mat\u00e9riau adapt\u00e9 au contact alimentaire direct. Ces feuilles couvre-tranches repr\u00e9sentent la solution id\u00e9ale pour s\u00e9parer les tranches de viande, charcuterie, saucissons et produits de la mer, en particulier lorsqu\u2019ils sont emball\u00e9s dans des <a href=\"https:\/\/www.alfincart.it\/fr\/papier-duplex\/\">papiers duplex<\/a>, <a href=\"https:\/\/www.alfincart.it\/fr\/papier-paraffine-alimentaire\/\">paraffin\u00e9s<\/a> ou <a href=\"https:\/\/www.alfincart.it\/fr\/papier-thermosoudable\/\">thermoscellables<\/a>. Gr\u00e2ce \u00e0 leurs propri\u00e9t\u00e9s imperm\u00e9ables, inodores et antigras, elles emp\u00eachent les tranches de coller entre elles, tout en pr\u00e9servant fra\u00eecheur, propret\u00e9 et aspect du produit.<\/p>\n<p data-start=\"900\" data-end=\"1496\">Le bloc de feuilles en poly\u00e9thyl\u00e8ne haute densit\u00e9 (PEHD), muni de deux \u0153illets, peut \u00eatre suspendu facilement pour un usage rapide et fonctionnel en magasin. Ces feuilles jetables sont adapt\u00e9es \u00e0 un usage professionnel comme domestique. Elles sont tr\u00e8s utilis\u00e9es dans les boucheries, fromageries, poissonneries, \u00e9piceries, supermarch\u00e9s et gastronomie. Leur r\u00e9sistance \u00e9lev\u00e9e permet aussi une utilisation dans les salons de coiffure ou de beaut\u00e9, notamment pour la r\u00e9alisation de m\u00e8ches ou de d\u00e9colorations. Leur polyvalence, alli\u00e9e \u00e0 une excellente qualit\u00e9, en fait un produit indispensable dans de nombreux contextes professionnels.<\/p>\n<p data-start=\"1498\" data-end=\"1523\"><strong data-start=\"1498\" data-end=\"1520\">\u00c9paisseur standard<\/strong>:<\/p>\n<ul data-start=\"1524\" data-end=\"1541\">\n<li data-start=\"1524\" data-end=\"1541\">\n<p data-start=\"1526\" data-end=\"1541\">20 microns (\u00b5m)<\/p>\n<\/li>\n<\/ul>\n<p data-start=\"1543\" data-end=\"1567\"><strong data-start=\"1543\" data-end=\"1564\">Formats standards<\/strong>:<\/p>\n<ul data-start=\"1568\" data-end=\"1595\">\n<li data-start=\"1568\" data-end=\"1582\">\n<p data-start=\"1570\" data-end=\"1582\">25 \u00d7 37 cm<\/p>\n<\/li>\n<li data-start=\"1583\" data-end=\"1595\">\n<p data-start=\"1585\" data-end=\"1595\">37 \u00d7 50 cm<\/p>\n<\/li>\n<\/ul>\n<p data-start=\"1597\" data-end=\"1619\"><strong data-start=\"1597\" data-end=\"1616\">Conditionnement<\/strong>:<\/p>\n<ul data-start=\"1620\" data-end=\"1637\">\n<li data-start=\"1620\" data-end=\"1637\">\n<p data-start=\"1622\" data-end=\"1637\">Cartons de 5 kg<\/p>\n<\/li>\n<\/ul>\n<p data-start=\"1639\" data-end=\"1734\" data-is-last-node=\"\" data-is-only-node=\"\">Des formats personnalis\u00e9s sont disponibles sur demande pour r\u00e9pondre \u00e0 des besoins sp\u00e9cifiques.<\/p>\n","protected":false},"excerpt":{"rendered":"<p>FEUILLES LIASS\u00c9ES PEHD<\/p>\n","protected":false},"featured_media":4647,"template":"","meta":{"_joinchat":[]},"product_cat":[67],"product_tag":[],"_links":{"self":[{"href":"https:\/\/www.alfincart.it\/fr\/wp-json\/wp\/v2\/product\/2538\/"}],"collection":[{"href":"https:\/\/www.alfincart.it\/fr\/wp-json\/wp\/v2\/product\/"}],"about":[{"href":"https:\/\/www.alfincart.it\/fr\/wp-json\/wp\/v2\/types\/product\/"}],"wp:featuredmedia":[{"embeddable":true,"href":"https:\/\/www.alfincart.it\/fr\/wp-json\/wp\/v2\/media\/4647\/"}],"wp:attachment":[{"href":"https:\/\/www.alfincart.it\/fr\/wp-json\/wp\/v2\/media\/?parent=2538"}],"wp:term":[{"taxonomy":"product_cat","embeddable":true,"href":"https:\/\/www.alfincart.it\/fr\/wp-json\/wp\/v2\/product_cat\/?post=2538"},{"taxonomy":"product_tag","embeddable":true,"href":"https:\/\/www.alfincart.it\/fr\/wp-json\/wp\/v2\/product_tag\/?post=2538"}],"curies":[{"name":"wp","href":"https:\/\/api.w.org\/{rel}","templated":true}]}}