{"id":2547,"date":"2018-06-25T20:26:39","date_gmt":"2018-06-25T18:26:39","guid":{"rendered":"http:\/\/cool-agency.it\/testsite\/alfincart\/prodotto\/sacchetti-di-carta-kraft\/"},"modified":"2025-09-05T15:43:33","modified_gmt":"2025-09-05T13:43:33","slug":"sacs-a-pain-kraft","status":"publish","type":"product","link":"https:\/\/www.alfincart.it\/fr\/sacs-papier-kraft-blanc\/","title":{"rendered":"Sacs \u00e0 Pain Kraft Blanc"},"content":{"rendered":"<p data-start=\"214\" data-end=\"241\"><strong data-start=\"214\" data-end=\"241\">Sacs \u00e0 Pain Kraft Blanc<\/strong>. Les sacs \u00e0 pain <a href=\"https:\/\/fr.wikipedia.org\/wiki\/Papier_kraft\">kraft<\/a> blanc sont con\u00e7us pour le contact alimentaire et id\u00e9als pour l\u2019emballage et le transport de produits de boulangerie, p\u00e2tisserie, confiserie et biscuiterie. Ils permettent d\u2019emballer pains, focaccias, viennoiseries, biscuits, bonbons, confiseries ou pizzas de mani\u00e8re s\u00fbre et soign\u00e9e. Gr\u00e2ce \u00e0 leurs soufflets lat\u00e9raux, ils s\u2019adaptent parfaitement \u00e0 des produits fragiles ou de petite taille, tout en facilitant le conditionnement. Ces sacs sont largement utilis\u00e9s dans les boulangeries, les \u00e9tablissements de restauration, les kiosques, les bureaux de tabac ou sur les march\u00e9s.<\/p>\n<p data-start=\"846\" data-end=\"1419\">\u00c0 l\u2019instar des <a href=\"https:\/\/www.alfincart.it\/fr\/sacs-papier-kraft-brun\/\">sacs en papier kraft brun<\/a>, ils offrent polyvalence, r\u00e9sistance et une grande facilit\u00e9 d\u2019utilisation. Neutres et sans impression, ils assurent un emballage \u00e9l\u00e9gant et hygi\u00e9nique, parfaitement adapt\u00e9 \u00e0 un usage professionnel. Conditionn\u00e9s en cartons de 10\u202fkg, ils garantissent une gestion efficace des stocks et une distribution pratique dans diff\u00e9rents contextes commerciaux. Fabriqu\u00e9s avec des mat\u00e9riaux recyclables et respectueux de l\u2019environnement, ils contribuent \u00e0 une consommation responsable, tout en pr\u00e9servant la qualit\u00e9 et la fra\u00eecheur des aliments.<\/p>\n<p data-start=\"1421\" data-end=\"1445\"><strong data-start=\"1421\" data-end=\"1442\">Grammage standard<\/strong>:<\/p>\n<ul data-start=\"1446\" data-end=\"1455\">\n<li data-start=\"1446\" data-end=\"1455\">\n<p data-start=\"1448\" data-end=\"1455\">40\u202fg\/m\u00b2<\/p>\n<\/li>\n<\/ul>\n<p data-start=\"1457\" data-end=\"1481\"><strong data-start=\"1457\" data-end=\"1478\">Formats standards<\/strong>:<\/p>\n<ul data-start=\"1482\" data-end=\"1632\">\n<li data-start=\"1482\" data-end=\"1501\">\n<p data-start=\"1484\" data-end=\"1501\">10 (+7) \u00d7 20\u202fcm<\/p>\n<\/li>\n<li data-start=\"1502\" data-end=\"1521\">\n<p data-start=\"1504\" data-end=\"1521\">12 (+8) \u00d7 24\u202fcm<\/p>\n<\/li>\n<li data-start=\"1522\" data-end=\"1542\">\n<p data-start=\"1524\" data-end=\"1542\">14 (+11) \u00d7 28\u202fcm<\/p>\n<\/li>\n<li data-start=\"1543\" data-end=\"1565\">\n<p data-start=\"1545\" data-end=\"1565\">17 (+12,5) \u00d7 40\u202fcm<\/p>\n<\/li>\n<li data-start=\"1566\" data-end=\"1588\">\n<p data-start=\"1568\" data-end=\"1588\">17 (+12,5) \u00d7 45\u202fcm<\/p>\n<\/li>\n<li data-start=\"1589\" data-end=\"1611\">\n<p data-start=\"1591\" data-end=\"1611\">22 (+12,5) \u00d7 45\u202fcm<\/p>\n<\/li>\n<li data-start=\"1612\" data-end=\"1632\">\n<p data-start=\"1614\" data-end=\"1632\">25 (+15,5) \u00d7 50\u202fcm<\/p>\n<\/li>\n<\/ul>\n<p data-start=\"1634\" data-end=\"1656\"><strong data-start=\"1634\" data-end=\"1653\">Conditionnement<\/strong>:<\/p>\n<ul data-start=\"1657\" data-end=\"1675\">\n<li data-start=\"1657\" data-end=\"1675\">\n<p data-start=\"1659\" data-end=\"1675\">Cartons de 10\u202fkg<\/p>\n<\/li>\n<\/ul>\n<p data-start=\"1677\" data-end=\"1792\" data-is-last-node=\"\" data-is-only-node=\"\">Ces formats vari\u00e9s permettent de r\u00e9pondre efficacement aux besoins d\u2019emballage de nombreux secteurs professionnels.<\/p>\n","protected":false},"excerpt":{"rendered":"<p>SACS BLANC POUR PAIN<\/p>\n","protected":false},"featured_media":4639,"template":"","meta":{"_joinchat":[]},"product_cat":[69],"product_tag":[],"_links":{"self":[{"href":"https:\/\/www.alfincart.it\/fr\/wp-json\/wp\/v2\/product\/2547\/"}],"collection":[{"href":"https:\/\/www.alfincart.it\/fr\/wp-json\/wp\/v2\/product\/"}],"about":[{"href":"https:\/\/www.alfincart.it\/fr\/wp-json\/wp\/v2\/types\/product\/"}],"wp:featuredmedia":[{"embeddable":true,"href":"https:\/\/www.alfincart.it\/fr\/wp-json\/wp\/v2\/media\/4639\/"}],"wp:attachment":[{"href":"https:\/\/www.alfincart.it\/fr\/wp-json\/wp\/v2\/media\/?parent=2547"}],"wp:term":[{"taxonomy":"product_cat","embeddable":true,"href":"https:\/\/www.alfincart.it\/fr\/wp-json\/wp\/v2\/product_cat\/?post=2547"},{"taxonomy":"product_tag","embeddable":true,"href":"https:\/\/www.alfincart.it\/fr\/wp-json\/wp\/v2\/product_tag\/?post=2547"}],"curies":[{"name":"wp","href":"https:\/\/api.w.org\/{rel}","templated":true}]}}