{"id":2554,"date":"2018-06-25T20:38:56","date_gmt":"2018-06-25T18:38:56","guid":{"rendered":"http:\/\/cool-agency.it\/testsite\/alfincart\/prodotto\/sacchetti-di-carta-alios\/"},"modified":"2025-09-05T15:43:25","modified_gmt":"2025-09-05T13:43:25","slug":"sacs-a-pain-brun","status":"publish","type":"product","link":"https:\/\/www.alfincart.it\/fr\/sacs-papier-kraft-brun\/","title":{"rendered":"Sacs \u00e0 Pain Kraft Brun"},"content":{"rendered":"<p data-start=\"314\" data-end=\"340\"><strong data-start=\"314\" data-end=\"340\">Sacs \u00e0 Pain Kraft Brun<\/strong>. Les sacs \u00e0 pain en papier kraft brun sont fabriqu\u00e9s \u00e0 partir de papier alimentaire de qualit\u00e9, r\u00e9sistant, recyclable et id\u00e9al pour l\u2019emballage de produits boulangers et p\u00e2tissiers. Gr\u00e2ce aux soufflets lat\u00e9raux, ils offrent une capacit\u00e9 accrue, permettant d\u2019emballer sans risque des produits d\u00e9licats comme pains, focaccias, viennoiseries, biscuits ou confiseries. Leur format pratique et leur structure robuste garantissent un transport propre et s\u00e9curis\u00e9. \u00c0 l\u2019instar des <a href=\"https:\/\/www.alfincart.it\/fr\/sacs-papier-kraft-blanc\/\">sacs en papier kraft blanc<\/a>, ceux-ci sont disponibles exclusivement neutres, sans impression, et r\u00e9pondent aux m\u00eames standards de simplicit\u00e9 et de fonctionnalit\u00e9.<\/p>\n<p data-start=\"974\" data-end=\"1397\">Ces sacs neutres, sans impression, sont tr\u00e8s utilis\u00e9s dans les boulangeries, \u00e9piceries fines, stands de march\u00e9 et points de vente \u00e0 emporter. Ils offrent une solution d\u2019emballage simple, fonctionnelle et visuellement soign\u00e9e, tout en respectant les normes d\u2019hygi\u00e8ne alimentaire. Fournis en cartons de 10\u202fkg, ils permettent une gestion rationnelle des stocks pour les professionnels de la restauration et de la distribution.<\/p>\n<p data-start=\"1399\" data-end=\"1686\">Fabriqu\u00e9s avec des mat\u00e9riaux \u00e9cologiques, les sacs <a href=\"https:\/\/fr.wikipedia.org\/wiki\/Papier_kraft\">kraft<\/a> brun conjuguent praticit\u00e9, durabilit\u00e9 et respect de l\u2019environnement. Leur vari\u00e9t\u00e9 de formats s\u2019adapte aux besoins de conditionnement les plus courants, assurant un usage polyvalent et fiable dans de nombreux contextes commerciaux.<\/p>\n<p data-start=\"1688\" data-end=\"1712\"><strong data-start=\"1688\" data-end=\"1709\">Grammage standard<\/strong>:<\/p>\n<ul data-start=\"1713\" data-end=\"1722\">\n<li data-start=\"1713\" data-end=\"1722\">\n<p data-start=\"1715\" data-end=\"1722\">40\u202fg\/m\u00b2<\/p>\n<\/li>\n<\/ul>\n<p data-start=\"1724\" data-end=\"1748\"><strong data-start=\"1724\" data-end=\"1745\">Formats standards<\/strong>:<\/p>\n<ul data-start=\"1749\" data-end=\"1821\">\n<li data-start=\"1749\" data-end=\"1763\">\n<p data-start=\"1751\" data-end=\"1763\">17\u202f\u00d7\u202f40\u202fcm<\/p>\n<\/li>\n<li data-start=\"1764\" data-end=\"1778\">\n<p data-start=\"1766\" data-end=\"1778\">17\u202f\u00d7\u202f44\u202fcm<\/p>\n<\/li>\n<li data-start=\"1779\" data-end=\"1793\">\n<p data-start=\"1781\" data-end=\"1793\">22\u202f\u00d7\u202f44\u202fcm<\/p>\n<\/li>\n<li data-start=\"1794\" data-end=\"1808\">\n<p data-start=\"1796\" data-end=\"1808\">25\u202f\u00d7\u202f50\u202fcm<\/p>\n<\/li>\n<li data-start=\"1809\" data-end=\"1821\">\n<p data-start=\"1811\" data-end=\"1821\">30\u202f\u00d7\u202f60\u202fcm<\/p>\n<\/li>\n<\/ul>\n<p data-start=\"1823\" data-end=\"1845\"><strong data-start=\"1823\" data-end=\"1842\">Conditionnement<\/strong>:<\/p>\n<ul data-start=\"1846\" data-end=\"1864\">\n<li data-start=\"1846\" data-end=\"1864\">\n<p data-start=\"1848\" data-end=\"1864\">Cartons de 10\u202fkg<\/p>\n<\/li>\n<\/ul>\n<p data-start=\"1866\" data-end=\"1968\" data-is-last-node=\"\" data-is-only-node=\"\">Ces formats permettent de r\u00e9pondre \u00e0 diff\u00e9rentes exigences d\u2019emballage avec efficacit\u00e9 et flexibilit\u00e9.<\/p>\n","protected":false},"excerpt":{"rendered":"<p>SACS BRUN POUR PAIN<\/p>\n","protected":false},"featured_media":4631,"template":"","meta":{"_joinchat":[]},"product_cat":[69],"product_tag":[],"_links":{"self":[{"href":"https:\/\/www.alfincart.it\/fr\/wp-json\/wp\/v2\/product\/2554\/"}],"collection":[{"href":"https:\/\/www.alfincart.it\/fr\/wp-json\/wp\/v2\/product\/"}],"about":[{"href":"https:\/\/www.alfincart.it\/fr\/wp-json\/wp\/v2\/types\/product\/"}],"wp:featuredmedia":[{"embeddable":true,"href":"https:\/\/www.alfincart.it\/fr\/wp-json\/wp\/v2\/media\/4631\/"}],"wp:attachment":[{"href":"https:\/\/www.alfincart.it\/fr\/wp-json\/wp\/v2\/media\/?parent=2554"}],"wp:term":[{"taxonomy":"product_cat","embeddable":true,"href":"https:\/\/www.alfincart.it\/fr\/wp-json\/wp\/v2\/product_cat\/?post=2554"},{"taxonomy":"product_tag","embeddable":true,"href":"https:\/\/www.alfincart.it\/fr\/wp-json\/wp\/v2\/product_tag\/?post=2554"}],"curies":[{"name":"wp","href":"https:\/\/api.w.org\/{rel}","templated":true}]}}