{"id":2564,"date":"2018-06-25T20:49:00","date_gmt":"2018-06-25T18:49:00","guid":{"rendered":"http:\/\/cool-agency.it\/testsite\/alfincart\/prodotto\/sacchetti-per-frutta-e-verdura\/"},"modified":"2025-09-05T15:43:17","modified_gmt":"2025-09-05T13:43:17","slug":"sacs-a-fruits-et-legumes","status":"publish","type":"product","link":"https:\/\/www.alfincart.it\/fr\/sacs-a-fruits-et-legumes\/","title":{"rendered":"Sacs \u00e0 Fruits et L\u00e9gumes"},"content":{"rendered":"<p data-start=\"481\" data-end=\"509\"><strong data-start=\"481\" data-end=\"509\">Sacs \u00e0 Fruits et<\/strong> <strong>L\u00e9gumes<\/strong>. Ces sacs sont fabriqu\u00e9s en papier <a href=\"https:\/\/fr.wikipedia.org\/wiki\/Glassine\">glassine<\/a> calandr\u00e9, un mat\u00e9riau alimentaire sp\u00e9cifique, r\u00e9sistant aux liquides et parfaitement adapt\u00e9 au conditionnement des produits frais. Ils portent une impression g\u00e9n\u00e9rique et sont particuli\u00e8rement indiqu\u00e9s pour les primeurs, les march\u00e9s de proximit\u00e9 et les rayons fruits et l\u00e9gumes en grande distribution. Ce papier, \u00e9galement connu sous le nom de <a href=\"https:\/\/www.alfincart.it\/fr\/papier-glassine\/\">papier glassine<\/a>, offre une surface lisse et brillante, tout en conservant la respirabilit\u00e9 du contenu.<\/p>\n<p data-start=\"1039\" data-end=\"1539\">Gr\u00e2ce \u00e0 leur r\u00e9sistance \u00e0 l\u2019humidit\u00e9, ces sacs sont parfaits pour contenir des fruits, des l\u00e9gumes ou des produits agroalimentaires mouill\u00e9s, assurant un transport propre et s\u00fbr. Ils facilitent la conservation pendant les courses et garantissent hygi\u00e8ne et durabilit\u00e9. Deux variantes sont disponibles: blanc naturel brillant et jaune ocre color\u00e9. Sur demande, des versions neutres sans impression peuvent \u00e9galement \u00eatre fournies, r\u00e9pondant aux besoins de personnalisation ou de neutralit\u00e9 esth\u00e9tique.<\/p>\n<p data-start=\"1541\" data-end=\"1841\">\u00c9cologiques et recyclables, ces sacs \u00e0 usage unique repr\u00e9sentent une alternative fonctionnelle et durable aux solutions plastiques. Ils constituent un emballage fiable pour toutes les activit\u00e9s de vente et d\u2019emballage de fruits et l\u00e9gumes, combinant praticit\u00e9, s\u00e9curit\u00e9 et engagement environnemental.<\/p>\n<p data-start=\"1843\" data-end=\"1867\"><strong data-start=\"1843\" data-end=\"1864\">Grammage standard<\/strong>:<\/p>\n<ul data-start=\"1868\" data-end=\"1877\">\n<li data-start=\"1868\" data-end=\"1877\">\n<p data-start=\"1870\" data-end=\"1877\">40 g\/m\u00b2<\/p>\n<\/li>\n<\/ul>\n<p data-start=\"1879\" data-end=\"1903\"><strong data-start=\"1879\" data-end=\"1900\">Formats standards<\/strong>:<\/p>\n<ul data-start=\"1904\" data-end=\"1976\">\n<li data-start=\"1904\" data-end=\"1918\">\n<p data-start=\"1906\" data-end=\"1918\">14 \u00d7 28 cm<\/p>\n<\/li>\n<li data-start=\"1919\" data-end=\"1933\">\n<p data-start=\"1921\" data-end=\"1933\">17 \u00d7 40 cm<\/p>\n<\/li>\n<li data-start=\"1934\" data-end=\"1948\">\n<p data-start=\"1936\" data-end=\"1948\">17 \u00d7 45 cm<\/p>\n<\/li>\n<li data-start=\"1949\" data-end=\"1963\">\n<p data-start=\"1951\" data-end=\"1963\">25 \u00d7 50 cm<\/p>\n<\/li>\n<li data-start=\"1964\" data-end=\"1976\">\n<p data-start=\"1966\" data-end=\"1976\">30 \u00d7 60 cm<\/p>\n<\/li>\n<\/ul>\n<p data-start=\"1978\" data-end=\"2000\"><strong data-start=\"1978\" data-end=\"1997\">Conditionnement<\/strong>:<\/p>\n<ul data-start=\"2001\" data-end=\"2019\">\n<li data-start=\"2001\" data-end=\"2019\">\n<p data-start=\"2003\" data-end=\"2019\">Cartons de 10 kg<\/p>\n<\/li>\n<\/ul>\n<p data-start=\"2021\" data-end=\"2135\" data-is-last-node=\"\" data-is-only-node=\"\">Sur demande, des sacs neutres ou personnalis\u00e9s sont disponibles pour r\u00e9pondre \u00e0 toutes les exigences commerciales.<\/p>\n","protected":false},"excerpt":{"rendered":"<p>SACS EN PAPIER GLASSINE<\/p>\n","protected":false},"featured_media":4622,"template":"","meta":{"_joinchat":[]},"product_cat":[69],"product_tag":[],"_links":{"self":[{"href":"https:\/\/www.alfincart.it\/fr\/wp-json\/wp\/v2\/product\/2564\/"}],"collection":[{"href":"https:\/\/www.alfincart.it\/fr\/wp-json\/wp\/v2\/product\/"}],"about":[{"href":"https:\/\/www.alfincart.it\/fr\/wp-json\/wp\/v2\/types\/product\/"}],"wp:featuredmedia":[{"embeddable":true,"href":"https:\/\/www.alfincart.it\/fr\/wp-json\/wp\/v2\/media\/4622\/"}],"wp:attachment":[{"href":"https:\/\/www.alfincart.it\/fr\/wp-json\/wp\/v2\/media\/?parent=2564"}],"wp:term":[{"taxonomy":"product_cat","embeddable":true,"href":"https:\/\/www.alfincart.it\/fr\/wp-json\/wp\/v2\/product_cat\/?post=2564"},{"taxonomy":"product_tag","embeddable":true,"href":"https:\/\/www.alfincart.it\/fr\/wp-json\/wp\/v2\/product_tag\/?post=2564"}],"curies":[{"name":"wp","href":"https:\/\/api.w.org\/{rel}","templated":true}]}}