{"id":2579,"date":"2018-06-25T21:03:26","date_gmt":"2018-06-25T19:03:26","guid":{"rendered":"http:\/\/cool-agency.it\/testsite\/alfincart\/prodotto\/porta-panini-da-asporto-2\/"},"modified":"2025-09-05T15:43:09","modified_gmt":"2025-09-05T13:43:09","slug":"sacs-sandwich","status":"publish","type":"product","link":"https:\/\/www.alfincart.it\/fr\/sacs-sandwich\/","title":{"rendered":"Sacs Sandwich"},"content":{"rendered":"<p data-start=\"439\" data-end=\"456\"><strong data-start=\"439\" data-end=\"456\">Sacs Sandwich<\/strong>. Les sacs sandwich jetables sont dot\u00e9s d\u2019une ouverture sur deux c\u00f4t\u00e9s, facilitant l\u2019insertion et la prise du produit, tout comme les <a href=\"https:\/\/www.alfincart.it\/fr\/sacs-kebab\/\">sacs kebab<\/a>. Une thermosoudure lat\u00e9rale garantit une fermeture fiable et r\u00e9sistante pendant le transport. La version en papier paille poss\u00e8de une finition gaufr\u00e9e particuli\u00e8re qui am\u00e9liore la rigidit\u00e9 et cr\u00e9e un effet antiglisse. Cette texture sp\u00e9ciale \u00e9vite que le sac ne glisse des mains, assurant une manipulation plus s\u00fbre. Id\u00e9als pour emballer sandwiches, hamburgers, toasts, piadinas, mini-pizzas, hot dogs et tramezzini, ces sacs conviennent \u00e9galement aux aliments chauds ou pr\u00eats \u00e0 consommer.<\/p>\n<p data-start=\"1091\" data-end=\"1606\">Fabriqu\u00e9s en papier recyclable, ces sacs assurent hygi\u00e8ne, r\u00e9sistance et praticit\u00e9. Ils repr\u00e9sentent une solution efficace pour le transport d\u2019aliments dans toutes les conditions. Disponibles en diff\u00e9rents formats selon les besoins, ils s\u2019adaptent facilement \u00e0 chaque produit. Sur demande, il est possible de personnaliser les sacs avec un logo ou un message promotionnel, renfor\u00e7ant ainsi l\u2019image de marque de votre \u00e9tablissement. Ce produit est parfait pour les snacks, fast-foods, <a href=\"https:\/\/fr.wikipedia.org\/wiki\/Cuisine_de_rue\">cuisine de rue<\/a>, bars, traiteurs et r\u00f4tisseries.<\/p>\n<p data-start=\"1608\" data-end=\"1785\">Simples, fonctionnels et respectueux de l\u2019environnement, les sacs sandwich sont un accessoire essentiel pour offrir un service soign\u00e9, rapide et conforme aux attentes du client.<\/p>\n<p data-start=\"1787\" data-end=\"1809\"><strong data-start=\"1787\" data-end=\"1806\">Format standard<\/strong>:<\/p>\n<ul data-start=\"1810\" data-end=\"1822\">\n<li data-start=\"1810\" data-end=\"1822\">\n<p data-start=\"1812\" data-end=\"1822\">16 \u00d7 16 cm<\/p>\n<\/li>\n<\/ul>\n<p data-start=\"1824\" data-end=\"1846\"><strong data-start=\"1824\" data-end=\"1843\">Conditionnement<\/strong>:<\/p>\n<ul data-start=\"1847\" data-end=\"1868\">\n<li data-start=\"1847\" data-end=\"1868\">\n<p data-start=\"1849\" data-end=\"1868\">Cartons de 500 sacs<\/p>\n<\/li>\n<\/ul>\n<p data-start=\"1870\" data-end=\"2015\" data-is-last-node=\"\" data-is-only-node=\"\">Sur demande, des versions personnalis\u00e9es avec impression peuvent \u00eatre fournies pour r\u00e9pondre aux besoins sp\u00e9cifiques de communication et d\u2019image.<\/p>\n","protected":false},"excerpt":{"rendered":"<p>SACS EN PAPIER<\/p>\n","protected":false},"featured_media":5627,"template":"","meta":{"_joinchat":[]},"product_cat":[69],"product_tag":[],"_links":{"self":[{"href":"https:\/\/www.alfincart.it\/fr\/wp-json\/wp\/v2\/product\/2579\/"}],"collection":[{"href":"https:\/\/www.alfincart.it\/fr\/wp-json\/wp\/v2\/product\/"}],"about":[{"href":"https:\/\/www.alfincart.it\/fr\/wp-json\/wp\/v2\/types\/product\/"}],"wp:featuredmedia":[{"embeddable":true,"href":"https:\/\/www.alfincart.it\/fr\/wp-json\/wp\/v2\/media\/5627\/"}],"wp:attachment":[{"href":"https:\/\/www.alfincart.it\/fr\/wp-json\/wp\/v2\/media\/?parent=2579"}],"wp:term":[{"taxonomy":"product_cat","embeddable":true,"href":"https:\/\/www.alfincart.it\/fr\/wp-json\/wp\/v2\/product_cat\/?post=2579"},{"taxonomy":"product_tag","embeddable":true,"href":"https:\/\/www.alfincart.it\/fr\/wp-json\/wp\/v2\/product_tag\/?post=2579"}],"curies":[{"name":"wp","href":"https:\/\/api.w.org\/{rel}","templated":true}]}}