{"id":2586,"date":"2018-06-25T21:12:21","date_gmt":"2018-06-25T19:12:21","guid":{"rendered":"http:\/\/cool-agency.it\/testsite\/alfincart\/prodotto\/tasche-porta-kebab\/"},"modified":"2025-09-05T15:42:45","modified_gmt":"2025-09-05T13:42:45","slug":"sacs-kebab","status":"publish","type":"product","link":"https:\/\/www.alfincart.it\/fr\/sacs-kebab\/","title":{"rendered":"Sacs Kebab"},"content":{"rendered":"<p data-start=\"186\" data-end=\"200\"><strong data-start=\"186\" data-end=\"200\">Sacs Kebab<\/strong>. Les sacs kebab sont des pochettes en papier blanc \u00e0 usage unique, imprim\u00e9es avec le logo g\u00e9n\u00e9rique \u00ab\u00a0D\u00f6ner Kebab\u00a0\u00bb en rouge vif. Gr\u00e2ce \u00e0 leur double ouverture lat\u00e9rale, ils permettent de consommer facilement sandwiches, hamburgers, parts de pizza et kebabs, aussi bien sur place qu\u2019en d\u00e9placement. Leur format pratique les rend \u00e9galement adapt\u00e9s \u00e0 l\u2019emballage de toasts, mini-pizzas, hot dogs et autres encas chauds. Ils sont parfaits pour les snacks, pubs, sandwicheries et fast-foods qui recherchent un emballage \u00e9conomique, hygi\u00e9nique et rapide \u00e0 utiliser.<\/p>\n<p data-start=\"761\" data-end=\"1291\">Fabriqu\u00e9s en <a href=\"https:\/\/fr.wikipedia.org\/wiki\/Papier_kraft\">papier kraft<\/a> blanc de 35 g\/m\u00b2, ces sacs sont r\u00e9sistants, m\u00eame en pr\u00e9sence d\u2019aliments gras ou l\u00e9g\u00e8rement humides. Leur format carr\u00e9 de 15 \u00d7 15 cm convient parfaitement aux produits de taille moyenne, garantissant confort et maintien lors du transport. L\u2019emballage en cartons de 3000 unit\u00e9s permet un approvisionnement durable pour les professionnels du secteur alimentaire. Gr\u00e2ce \u00e0 leur conception simple et efficace, ces sacs permettent un service fluide et une manipulation hygi\u00e9nique, tout en valorisant le produit.<\/p>\n<p data-start=\"1293\" data-end=\"1639\">Le design \u00e0 double ouverture facilite la prise en main et le repas en mobilit\u00e9, am\u00e9liorant l\u2019exp\u00e9rience client. Fabriqu\u00e9s avec un mat\u00e9riau recyclable, ils respectent l\u2019environnement tout en offrant une bonne barri\u00e8re contre l\u2019humidit\u00e9. \u00c0 l\u2019instar des <a href=\"https:\/\/www.alfincart.it\/fr\/sacs-sandwich\/\">pochettes \u00e0 sandwichs<\/a>, ce produit constitue une solution \u00e9conomique, fonctionnelle et professionnelle pour toutes les activit\u00e9s du secteur alimentaire.<\/p>\n<p data-start=\"1641\" data-end=\"1665\"><strong data-start=\"1641\" data-end=\"1662\">Grammage standard<\/strong>:<\/p>\n<ul data-start=\"1666\" data-end=\"1675\">\n<li data-start=\"1666\" data-end=\"1675\">\n<p data-start=\"1668\" data-end=\"1675\">35 g\/m\u00b2<\/p>\n<\/li>\n<\/ul>\n<p data-start=\"1677\" data-end=\"1699\"><strong data-start=\"1677\" data-end=\"1696\">Format standard<\/strong>:<\/p>\n<ul data-start=\"1700\" data-end=\"1712\">\n<li data-start=\"1700\" data-end=\"1712\">\n<p data-start=\"1702\" data-end=\"1712\">15 \u00d7 15 cm<\/p>\n<\/li>\n<\/ul>\n<p data-start=\"1714\" data-end=\"1736\"><strong data-start=\"1714\" data-end=\"1733\">Conditionnement<\/strong>:<\/p>\n<ul data-start=\"1737\" data-end=\"1759\">\n<li data-start=\"1737\" data-end=\"1759\">\n<p data-start=\"1739\" data-end=\"1759\">Cartons de 3000 sacs<\/p>\n<\/li>\n<\/ul>\n<p data-start=\"1761\" data-end=\"1885\" data-is-last-node=\"\" data-is-only-node=\"\">Sur demande, il est possible de fournir des versions personnalis\u00e9es avec impression adapt\u00e9e \u00e0 l\u2019identit\u00e9 visuelle du client.<\/p>\n","protected":false},"excerpt":{"rendered":"<p>SACS SANDWICH KEBAB<\/p>\n","protected":false},"featured_media":4597,"template":"","meta":{"_joinchat":[]},"product_cat":[69],"product_tag":[],"_links":{"self":[{"href":"https:\/\/www.alfincart.it\/fr\/wp-json\/wp\/v2\/product\/2586\/"}],"collection":[{"href":"https:\/\/www.alfincart.it\/fr\/wp-json\/wp\/v2\/product\/"}],"about":[{"href":"https:\/\/www.alfincart.it\/fr\/wp-json\/wp\/v2\/types\/product\/"}],"wp:featuredmedia":[{"embeddable":true,"href":"https:\/\/www.alfincart.it\/fr\/wp-json\/wp\/v2\/media\/4597\/"}],"wp:attachment":[{"href":"https:\/\/www.alfincart.it\/fr\/wp-json\/wp\/v2\/media\/?parent=2586"}],"wp:term":[{"taxonomy":"product_cat","embeddable":true,"href":"https:\/\/www.alfincart.it\/fr\/wp-json\/wp\/v2\/product_cat\/?post=2586"},{"taxonomy":"product_tag","embeddable":true,"href":"https:\/\/www.alfincart.it\/fr\/wp-json\/wp\/v2\/product_tag\/?post=2586"}],"curies":[{"name":"wp","href":"https:\/\/api.w.org\/{rel}","templated":true}]}}