{"id":2592,"date":"2018-06-25T21:20:19","date_gmt":"2018-06-25T19:20:19","guid":{"rendered":"http:\/\/cool-agency.it\/testsite\/alfincart\/prodotto\/sacchetti-per-il-pollo-allo-spiedo\/"},"modified":"2025-09-05T15:42:36","modified_gmt":"2025-09-05T13:42:36","slug":"sacs-poulets-roti","status":"publish","type":"product","link":"https:\/\/www.alfincart.it\/fr\/sacs-poulets-roti\/","title":{"rendered":"Sacs Poulets R\u00f4ti"},"content":{"rendered":"<p data-start=\"181\" data-end=\"208\"><strong data-start=\"181\" data-end=\"208\">Sacs Poulets R\u00f4ti<\/strong>.\u00a0Nos sacs poulets r\u00f4ti sont fabriqu\u00e9s en papier thermor\u00e9sistant avec un int\u00e9rieur trait\u00e9 anti-graisse. Ce rev\u00eatement sp\u00e9cial les rend imperm\u00e9ables \u00e0 l\u2019eau, aux huiles, aux graisses et aux liquides. Ils conservent efficacement la chaleur et le croustillant des aliments, maintenant le produit chaud, savoureux et prot\u00e9g\u00e9 plus longtemps. L\u2019impression ext\u00e9rieure avec un logo g\u00e9n\u00e9rique leur donne un aspect soign\u00e9 et professionnel. Leur solidit\u00e9 et leur praticit\u00e9 les rendent id\u00e9als pour l\u2019emballage de produits chauds \u00e0 emporter comme hamburgers, sandwiches, piadinas, toasts, mini-pizzas, kebabs ou hot dogs.<\/p>\n<p data-start=\"1071\" data-end=\"1728\">Ces sacs poulets r\u00f4ti sont une solution hygi\u00e9nique, \u00e9conomique et fonctionnelle pour tous les professionnels du secteur alimentaire. Gr\u00e2ce \u00e0 leur format pratique, ils simplifient le service et am\u00e9liorent la pr\u00e9sentation. Ils conviennent parfaitement aux r\u00f4tisseries, friteries, kiosques, food trucks, <a href=\"https:\/\/fr.wikipedia.org\/wiki\/Cuisine_de_rue\">cuisine de rue<\/a>, march\u00e9s ambulants ou points de vente \u00e0 emporter. Leur structure robuste garantit une manipulation s\u00fbre, tout en transmettant au client une impression d\u2019ordre et de qualit\u00e9. Utilis\u00e9s en compl\u00e9ment du <a href=\"https:\/\/www.alfincart.it\/fr\/papier-anti-graisse\/\">papier ingraissable<\/a>, ils deviennent un emballage indispensable pour les \u00e9tablissements \u00e0 la recherche de gain de temps, efficacit\u00e9 et professionnalisme.<\/p>\n<p data-start=\"1730\" data-end=\"1752\"><strong data-start=\"1730\" data-end=\"1749\">Format standard<\/strong>:<\/p>\n<ul data-start=\"1753\" data-end=\"1771\">\n<li data-start=\"1753\" data-end=\"1771\">\n<p data-start=\"1755\" data-end=\"1771\">17 (+12) \u00d7 34 cm<\/p>\n<\/li>\n<\/ul>\n<p data-start=\"1773\" data-end=\"1795\"><strong data-start=\"1773\" data-end=\"1792\">Conditionnement<\/strong>:<\/p>\n<ul data-start=\"1796\" data-end=\"1817\">\n<li data-start=\"1796\" data-end=\"1817\">\n<p data-start=\"1798\" data-end=\"1817\">Cartons de 500 sacs<\/p>\n<\/li>\n<\/ul>\n<p data-start=\"1819\" data-end=\"1952\" data-is-last-node=\"\" data-is-only-node=\"\">Sur demande, ils peuvent \u00eatre personnalis\u00e9s avec impression pour r\u00e9pondre \u00e0 des besoins sp\u00e9cifiques de communication et de marketing.<\/p>\n","protected":false},"excerpt":{"rendered":"<p>SACHETS POUR POULETS<\/p>\n","protected":false},"featured_media":4593,"template":"","meta":{"_joinchat":[]},"product_cat":[69],"product_tag":[],"_links":{"self":[{"href":"https:\/\/www.alfincart.it\/fr\/wp-json\/wp\/v2\/product\/2592\/"}],"collection":[{"href":"https:\/\/www.alfincart.it\/fr\/wp-json\/wp\/v2\/product\/"}],"about":[{"href":"https:\/\/www.alfincart.it\/fr\/wp-json\/wp\/v2\/types\/product\/"}],"wp:featuredmedia":[{"embeddable":true,"href":"https:\/\/www.alfincart.it\/fr\/wp-json\/wp\/v2\/media\/4593\/"}],"wp:attachment":[{"href":"https:\/\/www.alfincart.it\/fr\/wp-json\/wp\/v2\/media\/?parent=2592"}],"wp:term":[{"taxonomy":"product_cat","embeddable":true,"href":"https:\/\/www.alfincart.it\/fr\/wp-json\/wp\/v2\/product_cat\/?post=2592"},{"taxonomy":"product_tag","embeddable":true,"href":"https:\/\/www.alfincart.it\/fr\/wp-json\/wp\/v2\/product_tag\/?post=2592"}],"curies":[{"name":"wp","href":"https:\/\/api.w.org\/{rel}","templated":true}]}}