{"id":2610,"date":"2018-06-25T21:39:20","date_gmt":"2018-06-25T19:39:20","guid":{"rendered":"http:\/\/cool-agency.it\/testsite\/alfincart\/prodotto\/portaposate-di-carta\/"},"modified":"2025-09-05T15:42:25","modified_gmt":"2025-09-05T13:42:25","slug":"pochettes-a-couverts","status":"publish","type":"product","link":"https:\/\/www.alfincart.it\/fr\/porte-couverts-en-papier\/","title":{"rendered":"Pochettes \u00e0 Couverts en Papier"},"content":{"rendered":"<p data-start=\"192\" data-end=\"226\"><strong data-start=\"192\" data-end=\"226\">Pochettes \u00e0 Couverts en<\/strong> <strong>Papier<\/strong>. Nos pochettes \u00e0 couverts en papier sont fournies avec une serviette en papier double \u00e9paisseur au format 38\u00d738 cm. Elles s\u2019accordent parfaitement avec nos <a href=\"https:\/\/www.alfincart.it\/fr\/set-de-table-jetable-en-papier-brun\/\">sets de table en papier paille<\/a>, apportant \u00e0 la table une pr\u00e9sentation soign\u00e9e, rustique et naturelle. Fabriqu\u00e9es en papier <a href=\"https:\/\/fr.wikipedia.org\/wiki\/Poly%C3%A9thyl%C3%A8ne\">poly\u00e9thyl\u00e9n\u00e9<\/a> apte au contact alimentaire direct, ces pochettes jetables repr\u00e9sentent une solution pratique, \u00e9conomique et fonctionnelle pour tous les professionnels du secteur de la restauration.<\/p>\n<p data-start=\"709\" data-end=\"1228\">Elles sont id\u00e9ales pour restaurants, pizzerias, brasseries, auberges, traiteurs, bars, pubs, sandwicheries, fast-foods et cantines d\u2019entreprise. Les pochettes prot\u00e8gent les couverts contre les contaminations ext\u00e9rieures comme la poussi\u00e8re, les bact\u00e9ries ou les manipulations non hygi\u00e9niques, garantissant ainsi une exp\u00e9rience plus s\u00fbre et professionnelle pour les clients. Leur utilisation am\u00e9liore sensiblement la perception du service, en associant ordre, propret\u00e9 et souci du d\u00e9tail \u00e0 une qualit\u00e9 per\u00e7ue plus \u00e9lev\u00e9e.<\/p>\n<p data-start=\"1230\" data-end=\"1515\">Dans les cantines et les self-services, elles repr\u00e9sentent \u00e9galement une solution rapide et efficace pour organiser la distribution des couverts. Disponibles avec impression personnalis\u00e9e du logo, elles renforcent l\u2019identit\u00e9 visuelle de l\u2019\u00e9tablissement et valorisent l\u2019image de marque.<\/p>\n<p data-start=\"1517\" data-end=\"1556\"><strong data-start=\"1517\" data-end=\"1553\">Dimensions de la pochette papier<\/strong>:<\/p>\n<ul data-start=\"1557\" data-end=\"1569\">\n<li data-start=\"1557\" data-end=\"1569\">\n<p data-start=\"1559\" data-end=\"1569\">10 \u00d7 25 cm<\/p>\n<\/li>\n<\/ul>\n<p data-start=\"1571\" data-end=\"1621\"><strong data-start=\"1571\" data-end=\"1618\">Dimensions de la serviette double \u00e9paisseur<\/strong>:<\/p>\n<ul data-start=\"1622\" data-end=\"1634\">\n<li data-start=\"1622\" data-end=\"1634\">\n<p data-start=\"1624\" data-end=\"1634\">38 \u00d7 38 cm<\/p>\n<\/li>\n<\/ul>\n<p data-start=\"1636\" data-end=\"1658\"><strong data-start=\"1636\" data-end=\"1655\">Conditionnement<\/strong>:<\/p>\n<ul data-start=\"1659\" data-end=\"1686\">\n<li data-start=\"1659\" data-end=\"1686\">\n<p data-start=\"1661\" data-end=\"1686\">Cartons de 1000 pochettes<\/p>\n<\/li>\n<\/ul>\n<p data-start=\"1688\" data-end=\"1845\" data-is-last-node=\"\" data-is-only-node=\"\">Sur demande, il est possible de fournir des versions personnalis\u00e9es avec impression pour r\u00e9pondre \u00e0 des besoins sp\u00e9cifiques de communication et de marketing.<\/p>\n","protected":false},"excerpt":{"rendered":"<p>PORTE COUVERTS<\/p>\n","protected":false},"featured_media":4569,"template":"","meta":{"_joinchat":[]},"product_cat":[69],"product_tag":[],"_links":{"self":[{"href":"https:\/\/www.alfincart.it\/fr\/wp-json\/wp\/v2\/product\/2610\/"}],"collection":[{"href":"https:\/\/www.alfincart.it\/fr\/wp-json\/wp\/v2\/product\/"}],"about":[{"href":"https:\/\/www.alfincart.it\/fr\/wp-json\/wp\/v2\/types\/product\/"}],"wp:featuredmedia":[{"embeddable":true,"href":"https:\/\/www.alfincart.it\/fr\/wp-json\/wp\/v2\/media\/4569\/"}],"wp:attachment":[{"href":"https:\/\/www.alfincart.it\/fr\/wp-json\/wp\/v2\/media\/?parent=2610"}],"wp:term":[{"taxonomy":"product_cat","embeddable":true,"href":"https:\/\/www.alfincart.it\/fr\/wp-json\/wp\/v2\/product_cat\/?post=2610"},{"taxonomy":"product_tag","embeddable":true,"href":"https:\/\/www.alfincart.it\/fr\/wp-json\/wp\/v2\/product_tag\/?post=2610"}],"curies":[{"name":"wp","href":"https:\/\/api.w.org\/{rel}","templated":true}]}}