{"id":2626,"date":"2018-06-25T21:58:01","date_gmt":"2018-06-25T19:58:01","guid":{"rendered":"http:\/\/cool-agency.it\/testsite\/alfincart\/prodotto\/tovagliette-di-carta-bianca\/"},"modified":"2025-09-05T15:42:06","modified_gmt":"2025-09-05T13:42:06","slug":"sets-de-table","status":"publish","type":"product","link":"https:\/\/www.alfincart.it\/fr\/set-de-table-jetable-en-papier-blanc\/","title":{"rendered":"Sets de table jetables en papier blanc"},"content":{"rendered":"<p data-start=\"211\" data-end=\"319\"><strong data-start=\"211\" data-end=\"319\">Sets de table jetables en papier blanc <\/strong>pour la restauration, les \u00e9v\u00e9nements et les usages professionnels. Les sets de table jetables en papier blanc gaufr\u00e9 sont une solution pratique, hygi\u00e9nique et \u00e9conomique pour toutes les tables, qu\u2019elles soient modernes ou traditionnelles. Comme les <a href=\"https:\/\/www.alfincart.it\/fr\/set-de-table-jetable-en-papier-brun\/\">sets de table en papier paille<\/a>, ils s\u2019adaptent facilement \u00e0 tous les environnements de restauration et peuvent \u00eatre utilis\u00e9s comme napperon ou prot\u00e8ge-plateau dans les restaurants, trattorias, bistrots, bars, pubs, sandwicheries, brasseries, fast-foods et snacks. Gr\u00e2ce \u00e0 leur fort pouvoir absorbant, ils conviennent \u00e9galement comme papier d\u00e9coratif ou mat\u00e9riau d\u2019emballage pour produits secs.<\/p>\n<p data-start=\"837\" data-end=\"1298\">Adapt\u00e9s au contact avec les aliments ne n\u00e9cessitant pas de tests de migration, ces sets de table sont \u00e9galement tr\u00e8s utilis\u00e9s dans les cabinets dentaires, laboratoires, centres m\u00e9dicaux et environnements professionnels o\u00f9 l\u2019hygi\u00e8ne est une priorit\u00e9. Leur blancheur et leur finition propre en font un choix parfait pour les services de restauration rapide, les cantines scolaires, les \u00e9v\u00e9nements d\u2019entreprise, les foires gastronomiques et le catering itin\u00e9rant.<\/p>\n<p data-start=\"1300\" data-end=\"1633\">Ils sont \u00e9galement disponibles en version sp\u00e9ciale contrecoll\u00e9e avec du <a href=\"https:\/\/fr.wikipedia.org\/wiki\/Poly%C3%A9thyl%C3%A8ne_haute_densit%C3%A9\">poly\u00e9thyl\u00e8ne haute densit\u00e9<\/a>, apte au contact avec tout type d\u2019aliment: humide, sec, huileux ou gras. Leur l\u00e9g\u00e8ret\u00e9, leur faible co\u00fbt et leur potentiel de personnalisation en font une solution adapt\u00e9e aux besoins logistiques des professionnels de la restauration.<\/p>\n<p data-start=\"1635\" data-end=\"1657\"><strong data-start=\"1635\" data-end=\"1657\">Grammage standard<\/strong>:<\/p>\n<ul data-start=\"1659\" data-end=\"1668\">\n<li data-start=\"1659\" data-end=\"1668\">\n<p data-start=\"1661\" data-end=\"1668\">45 g\/m\u00b2<\/p>\n<\/li>\n<\/ul>\n<p data-start=\"1670\" data-end=\"1692\"><strong data-start=\"1670\" data-end=\"1692\">Formats standards<\/strong>:<\/p>\n<ul data-start=\"1694\" data-end=\"1736\">\n<li data-start=\"1694\" data-end=\"1708\">\n<p data-start=\"1696\" data-end=\"1708\">30 \u00d7 40 cm<\/p>\n<\/li>\n<li data-start=\"1709\" data-end=\"1723\">\n<p data-start=\"1711\" data-end=\"1723\">37 \u00d7 50 cm<\/p>\n<\/li>\n<li data-start=\"1724\" data-end=\"1736\">\n<p data-start=\"1726\" data-end=\"1736\">40 \u00d7 50 cm<\/p>\n<\/li>\n<\/ul>\n<p data-start=\"1738\" data-end=\"1758\"><strong data-start=\"1738\" data-end=\"1758\">Conditionnement<\/strong>:<\/p>\n<ul data-start=\"1760\" data-end=\"1800\">\n<li data-start=\"1760\" data-end=\"1800\">\n<p data-start=\"1762\" data-end=\"1800\">Paquets thermor\u00e9tractables de 500 sets<\/p>\n<\/li>\n<\/ul>\n<p data-start=\"1802\" data-end=\"1964\" data-is-last-node=\"\" data-is-only-node=\"\">Des versions personnalis\u00e9es avec impression de logos ou motifs sont disponibles sur demande pour r\u00e9pondre aux besoins sp\u00e9cifiques de communication et de branding.<\/p>\n","protected":false},"excerpt":{"rendered":"<p>NAPPERONS EN PAPIER<\/p>\n","protected":false},"featured_media":5334,"template":"","meta":{"_joinchat":[]},"product_cat":[67],"product_tag":[],"_links":{"self":[{"href":"https:\/\/www.alfincart.it\/fr\/wp-json\/wp\/v2\/product\/2626\/"}],"collection":[{"href":"https:\/\/www.alfincart.it\/fr\/wp-json\/wp\/v2\/product\/"}],"about":[{"href":"https:\/\/www.alfincart.it\/fr\/wp-json\/wp\/v2\/types\/product\/"}],"wp:featuredmedia":[{"embeddable":true,"href":"https:\/\/www.alfincart.it\/fr\/wp-json\/wp\/v2\/media\/5334\/"}],"wp:attachment":[{"href":"https:\/\/www.alfincart.it\/fr\/wp-json\/wp\/v2\/media\/?parent=2626"}],"wp:term":[{"taxonomy":"product_cat","embeddable":true,"href":"https:\/\/www.alfincart.it\/fr\/wp-json\/wp\/v2\/product_cat\/?post=2626"},{"taxonomy":"product_tag","embeddable":true,"href":"https:\/\/www.alfincart.it\/fr\/wp-json\/wp\/v2\/product_tag\/?post=2626"}],"curies":[{"name":"wp","href":"https:\/\/api.w.org\/{rel}","templated":true}]}}