{"id":2632,"date":"2018-06-25T22:07:55","date_gmt":"2018-06-25T20:07:55","guid":{"rendered":"http:\/\/cool-agency.it\/testsite\/alfincart\/prodotto\/tovagliette-di-carta-paglia\/"},"modified":"2025-09-05T15:41:57","modified_gmt":"2025-09-05T13:41:57","slug":"sets-de-table-jetables","status":"publish","type":"product","link":"https:\/\/www.alfincart.it\/fr\/set-de-table-jetable-en-papier-brun\/","title":{"rendered":"Sets de table jetables en papier paille"},"content":{"rendered":"<p><strong>Set de table jetable en papier paille<\/strong> pour la restauration professionnelle. Nos sets de table jetables en papier paille s\u2019int\u00e8grent facilement \u00e0 tout type de table, offrant une solution pratique, \u00e9conomique et esth\u00e9tique. Utilis\u00e9s comme alternative aux <a href=\"https:\/\/www.alfincart.it\/fr\/nappes-en-papier\/\">nappes en papier<\/a> classiques, ils sont parfaits comme sous-assiettes ou couvre-plateaux dans les trattorias, tavoles caldes, auberges, bars, pubs, sandwicheries, fast-foods et snacks. Gr\u00e2ce \u00e0 leur bon pouvoir absorbant, ils peuvent aussi servir comme papier d\u00e9coratif ou d\u2019emballage. En contact direct avec des aliments secs, ils garantissent hygi\u00e8ne et s\u00e9curit\u00e9, tout en apportant un aspect naturel et rustique \u00e0 la table.<\/p>\n<p data-start=\"879\" data-end=\"1364\">Fabriqu\u00e9s \u00e0 partir de papier recycl\u00e9 100 % recyclable, ces sets de table jetables en papier paille peuvent \u00e9galement \u00eatre fournis dans une version sp\u00e9ciale coupl\u00e9e avec du <a href=\"https:\/\/fr.wikipedia.org\/wiki\/Poly%C3%A9thyl%C3%A8ne_haute_densit%C3%A9\">poly\u00e9thyl\u00e8ne haute densit\u00e9<\/a>. Cette version convient au contact avec tous types d\u2019aliments: secs, humides, gras ou huileux. Leur design simple et traditionnel les rend polyvalents et adapt\u00e9s \u00e0 tout contexte, y compris les plus informels. L\u00e9gers, fonctionnels et personnalisables, ils sont id\u00e9aux pour un service rapide, soign\u00e9 et hygi\u00e9nique.<\/p>\n<p data-start=\"1366\" data-end=\"1388\"><strong data-start=\"1366\" data-end=\"1388\">Grammage standard<\/strong>:<\/p>\n<ul data-start=\"1390\" data-end=\"1399\">\n<li data-start=\"1390\" data-end=\"1399\">\n<p data-start=\"1392\" data-end=\"1399\">90 g\/m\u00b2<\/p>\n<\/li>\n<\/ul>\n<p data-start=\"1401\" data-end=\"1423\"><strong data-start=\"1401\" data-end=\"1423\">Formats standards<\/strong>:<\/p>\n<ul data-start=\"1425\" data-end=\"1452\">\n<li data-start=\"1425\" data-end=\"1439\">\n<p data-start=\"1427\" data-end=\"1439\">30 \u00d7 40 cm<\/p>\n<\/li>\n<li data-start=\"1440\" data-end=\"1452\">\n<p data-start=\"1442\" data-end=\"1452\">40 \u00d7 50 cm<\/p>\n<\/li>\n<\/ul>\n<p data-start=\"1454\" data-end=\"1474\"><strong data-start=\"1454\" data-end=\"1474\">Conditionnement<\/strong>:<\/p>\n<ul>\n<li>Paquets thermo-r\u00e9tract\u00e9s de 500 sets de table<\/li>\n<\/ul>\n<p data-start=\"1523\" data-end=\"1653\" data-is-last-node=\"\" data-is-only-node=\"\">Des impressions personnalis\u00e9es sont disponibles sur demande pour r\u00e9pondre \u00e0 des besoins sp\u00e9cifiques de communication ou de marque.<\/p>\n","protected":false},"excerpt":{"rendered":"<p>SET DE TABLE EN PAPIER PAILLE<\/p>\n","protected":false},"featured_media":5297,"template":"","meta":{"_joinchat":[]},"product_cat":[67],"product_tag":[],"_links":{"self":[{"href":"https:\/\/www.alfincart.it\/fr\/wp-json\/wp\/v2\/product\/2632\/"}],"collection":[{"href":"https:\/\/www.alfincart.it\/fr\/wp-json\/wp\/v2\/product\/"}],"about":[{"href":"https:\/\/www.alfincart.it\/fr\/wp-json\/wp\/v2\/types\/product\/"}],"wp:featuredmedia":[{"embeddable":true,"href":"https:\/\/www.alfincart.it\/fr\/wp-json\/wp\/v2\/media\/5297\/"}],"wp:attachment":[{"href":"https:\/\/www.alfincart.it\/fr\/wp-json\/wp\/v2\/media\/?parent=2632"}],"wp:term":[{"taxonomy":"product_cat","embeddable":true,"href":"https:\/\/www.alfincart.it\/fr\/wp-json\/wp\/v2\/product_cat\/?post=2632"},{"taxonomy":"product_tag","embeddable":true,"href":"https:\/\/www.alfincart.it\/fr\/wp-json\/wp\/v2\/product_tag\/?post=2632"}],"curies":[{"name":"wp","href":"https:\/\/api.w.org\/{rel}","templated":true}]}}