{"id":2638,"date":"2018-06-25T22:14:53","date_gmt":"2018-06-25T20:14:53","guid":{"rendered":"http:\/\/cool-agency.it\/testsite\/alfincart\/prodotto\/tovaglie-di-carta-monouso\/"},"modified":"2025-09-05T15:41:39","modified_gmt":"2025-09-05T13:41:39","slug":"nappes-en-papier-de-couleur","status":"publish","type":"product","link":"https:\/\/www.alfincart.it\/fr\/nappes-en-papier\/","title":{"rendered":"Nappes en Papier"},"content":{"rendered":"<p><strong>Nappes en papier<\/strong> jetables pour la restauration et les \u00e9v\u00e9nements. Nos nappes en papier imprim\u00e9es et gaufr\u00e9es sont disponibles en plusieurs couleurs facilement assorties \u00e0 tout type d\u2019environnement, qu\u2019il soit classique ou contemporain. Fabriqu\u00e9es avec des mat\u00e9riaux \u00e9cologiques, elles constituent une solution pratique et \u00e9conomique pour les restaurants, pizzerias, trattorias, auberges, pubs, sandwicheries et cantines. Leur facilit\u00e9 d\u2019usage les rend parfaites \u00e9galement pour les f\u00eates d\u2019anniversaire, banquets, buffets, barbecues, kermesses, r\u00e9ceptions et autres \u00e9v\u00e9nements en plein air.<\/p>\n<p data-start=\"804\" data-end=\"1318\">Con\u00e7ues pour r\u00e9pondre aux exigences de praticit\u00e9 et d\u2019efficacit\u00e9 dans le secteur de la restauration, ces nappes jetables permettent un dressage rapide et un service plus fluide. Elles sont disponibles aussi en version imprim\u00e9e \u00e0 fond plein, en <a href=\"https:\/\/www.alfincart.it\/fr\/set-de-table-jetable-en-papier-brun\/\">papier paille brun<\/a> ou dans une version coupl\u00e9e avec du <a href=\"https:\/\/fr.wikipedia.org\/wiki\/Poly%C3%A9thyl%C3%A8ne\">poly\u00e9thyl\u00e8ne<\/a> alimentaire haute densit\u00e9 pour un effet imperm\u00e9able et anti-taches. L\u00e9g\u00e8res, faciles \u00e0 manipuler et r\u00e9sistantes \u00e0 l\u2019humidit\u00e9, elles assurent hygi\u00e8ne, esth\u00e9tique et durabilit\u00e9 dans toutes les situations.<\/p>\n<p data-start=\"1320\" data-end=\"1644\">Les nappes en papier sont un excellent choix pour les professionnels du catering et de la restauration qui souhaitent valoriser leur service tout en affirmant un engagement \u00e9coresponsable. Utiliser des mat\u00e9riaux naturels, en plus d\u2019\u00eatre avantageux sur le plan \u00e9conomique, ajoute une vraie valeur \u00e0 la pr\u00e9sentation des plats.<\/p>\n<p data-start=\"1646\" data-end=\"1668\"><strong data-start=\"1646\" data-end=\"1668\">Grammage standard<\/strong>:<\/p>\n<ul data-start=\"1670\" data-end=\"1679\">\n<li data-start=\"1670\" data-end=\"1679\">\n<p data-start=\"1672\" data-end=\"1679\">45 g\/m\u00b2<\/p>\n<\/li>\n<\/ul>\n<p data-start=\"1681\" data-end=\"1701\"><strong data-start=\"1681\" data-end=\"1701\">Format standard<\/strong>:<\/p>\n<ul data-start=\"1703\" data-end=\"1717\">\n<li data-start=\"1703\" data-end=\"1717\">\n<p data-start=\"1705\" data-end=\"1717\">100 \u00d7 100 cm<\/p>\n<\/li>\n<\/ul>\n<p data-start=\"1719\" data-end=\"1739\"><strong data-start=\"1719\" data-end=\"1739\">Conditionnement<\/strong>:<\/p>\n<ul>\n<li>Paquets de 100 nappes en papier jetables<\/li>\n<\/ul>\n<p data-start=\"1783\" data-end=\"1871\" data-is-last-node=\"\" data-is-only-node=\"\">Des personnalisations sont possibles sur demande, avec impression et formats sur mesure.<\/p>\n","protected":false},"excerpt":{"rendered":"<p>NAPPES DE COULEUR<\/p>\n","protected":false},"featured_media":4553,"template":"","meta":{"_joinchat":[]},"product_cat":[67],"product_tag":[],"_links":{"self":[{"href":"https:\/\/www.alfincart.it\/fr\/wp-json\/wp\/v2\/product\/2638\/"}],"collection":[{"href":"https:\/\/www.alfincart.it\/fr\/wp-json\/wp\/v2\/product\/"}],"about":[{"href":"https:\/\/www.alfincart.it\/fr\/wp-json\/wp\/v2\/types\/product\/"}],"wp:featuredmedia":[{"embeddable":true,"href":"https:\/\/www.alfincart.it\/fr\/wp-json\/wp\/v2\/media\/4553\/"}],"wp:attachment":[{"href":"https:\/\/www.alfincart.it\/fr\/wp-json\/wp\/v2\/media\/?parent=2638"}],"wp:term":[{"taxonomy":"product_cat","embeddable":true,"href":"https:\/\/www.alfincart.it\/fr\/wp-json\/wp\/v2\/product_cat\/?post=2638"},{"taxonomy":"product_tag","embeddable":true,"href":"https:\/\/www.alfincart.it\/fr\/wp-json\/wp\/v2\/product_tag\/?post=2638"}],"curies":[{"name":"wp","href":"https:\/\/api.w.org\/{rel}","templated":true}]}}