{"id":2644,"date":"2018-06-25T22:22:24","date_gmt":"2018-06-25T20:22:24","guid":{"rendered":"http:\/\/cool-agency.it\/testsite\/alfincart\/prodotto\/bavagli-in-tnt\/"},"modified":"2025-09-05T15:41:29","modified_gmt":"2025-09-05T13:41:29","slug":"bavoirs-jetables-en-non-tisse","status":"publish","type":"product","link":"https:\/\/www.alfincart.it\/fr\/bavoirs-jetables\/","title":{"rendered":"Bavoirs Jetables en non-tiss\u00e9"},"content":{"rendered":"<p><strong>Bavoirs jetables en non-tiss\u00e9<\/strong> pour la protection durant les repas. Nos bavoirs jetables sont fabriqu\u00e9s en <a href=\"https:\/\/fr.wikipedia.org\/wiki\/Polypropyl%C3%A8ne\">polypropyl\u00e8ne<\/a> non-tiss\u00e9 (TNT), un mat\u00e9riau l\u00e9ger, souple et imperm\u00e9able qui garantit une excellente protection contre les \u00e9claboussures. Ils r\u00e9sistent efficacement aux liquides tels que l\u2019eau, le vin ou l\u2019huile, prot\u00e9geant ainsi les v\u00eatements pendant les repas dans les contextes m\u00e9dicaux comme dans la restauration.<\/p>\n<p data-start=\"605\" data-end=\"1170\">Leur forme ergonomique et les deux liens \u00e0 nouer \u00e0 l\u2019arri\u00e8re assurent un maintien optimal sur le corps, sans g\u00eaner les mouvements. Ces bavoirs sont particuli\u00e8rement adapt\u00e9s \u00e0 une utilisation dans les h\u00f4pitaux, maisons de repos, \u00e9tablissements de soins, ainsi qu\u2019\u00e0 domicile pour les personnes d\u00e9pendantes. Leur praticit\u00e9 et leur hygi\u00e8ne en font \u00e9galement une solution parfaite pour les \u00e9v\u00e9nements festifs ou informels: restaurants, pizzerias, brasseries, banquets, f\u00eates traditionnelles, repas d\u2019entreprise, enterrements de vie de c\u00e9libataire ou soir\u00e9es conviviales.<\/p>\n<p data-start=\"1172\" data-end=\"1360\">Deux motifs amusants sont disponibles: le logo \u00abLangouste\u00bb en rouge et le dessin \u00abN\u0153ud papillon\u00bb en noir. Ils se marient parfaitement avec nos <a href=\"https:\/\/www.alfincart.it\/fr\/set-de-table-jetable-en-papier-blanc\/\">sets de table en papier blanc<\/a> \u00e0 usage unique.<\/p>\n<p data-start=\"1362\" data-end=\"1384\"><strong data-start=\"1362\" data-end=\"1384\">Grammage standard<\/strong>:<\/p>\n<ul data-start=\"1386\" data-end=\"1395\">\n<li data-start=\"1386\" data-end=\"1395\">\n<p data-start=\"1388\" data-end=\"1395\">62 g\/m\u00b2<\/p>\n<\/li>\n<\/ul>\n<p data-start=\"1397\" data-end=\"1417\"><strong data-start=\"1397\" data-end=\"1417\">Format standard<\/strong>:<\/p>\n<ul data-start=\"1419\" data-end=\"1431\">\n<li data-start=\"1419\" data-end=\"1431\">\n<p data-start=\"1421\" data-end=\"1431\">37 \u00d7 50 cm<\/p>\n<\/li>\n<\/ul>\n<p data-start=\"1433\" data-end=\"1453\"><strong data-start=\"1433\" data-end=\"1453\">Conditionnement<\/strong>:<\/p>\n<ul>\n<li>Cartons de 500 bavoirs<\/li>\n<\/ul>\n<p data-start=\"1479\" data-end=\"1634\" data-is-last-node=\"\" data-is-only-node=\"\">Con\u00e7us en TNT de haute qualit\u00e9, ces bavoirs jetables offrent confort, hygi\u00e8ne, simplicit\u00e9 d\u2019usage et une barri\u00e8re efficace contre les taches accidentelles.<\/p>\n","protected":false},"excerpt":{"rendered":"<p>BAVOIRS JETABLES D\u00c9COR\u00c9S<\/p>\n","protected":false},"featured_media":4545,"template":"","meta":{"_joinchat":[]},"product_cat":[67],"product_tag":[],"_links":{"self":[{"href":"https:\/\/www.alfincart.it\/fr\/wp-json\/wp\/v2\/product\/2644\/"}],"collection":[{"href":"https:\/\/www.alfincart.it\/fr\/wp-json\/wp\/v2\/product\/"}],"about":[{"href":"https:\/\/www.alfincart.it\/fr\/wp-json\/wp\/v2\/types\/product\/"}],"wp:featuredmedia":[{"embeddable":true,"href":"https:\/\/www.alfincart.it\/fr\/wp-json\/wp\/v2\/media\/4545\/"}],"wp:attachment":[{"href":"https:\/\/www.alfincart.it\/fr\/wp-json\/wp\/v2\/media\/?parent=2644"}],"wp:term":[{"taxonomy":"product_cat","embeddable":true,"href":"https:\/\/www.alfincart.it\/fr\/wp-json\/wp\/v2\/product_cat\/?post=2644"},{"taxonomy":"product_tag","embeddable":true,"href":"https:\/\/www.alfincart.it\/fr\/wp-json\/wp\/v2\/product_tag\/?post=2644"}],"curies":[{"name":"wp","href":"https:\/\/api.w.org\/{rel}","templated":true}]}}