{"id":3318,"date":"2019-02-24T10:18:02","date_gmt":"2019-02-24T09:18:02","guid":{"rendered":"https:\/\/www.alfincart.it\/prodotto\/nastro-adesivo-per-imballaggio\/"},"modified":"2025-09-05T15:41:05","modified_gmt":"2025-09-05T13:41:05","slug":"ruban-adhesif","status":"publish","type":"product","link":"https:\/\/www.alfincart.it\/fr\/ruban-adhesif\/","title":{"rendered":"Ruban Adh\u00e9sif"},"content":{"rendered":"<p data-start=\"319\" data-end=\"1163\"><strong>Ruban adh\u00e9sif<\/strong> con\u00e7u pour l\u2019emballage et la fermeture de cartons, fabriqu\u00e9 en polypropyl\u00e8ne acrylique. Gr\u00e2ce \u00e0 sa haute r\u00e9sistance, il convient parfaitement aux op\u00e9rations d\u2019emballage, d\u2019exp\u00e9dition, de transport, de d\u00e9m\u00e9nagement, aux usages industriels et \u00e0 la fermeture de bo\u00eetes en carton. Le support en <a href=\"https:\/\/fr.wikipedia.org\/wiki\/Polypropyl%C3%A8ne\">polypropyl\u00e8ne<\/a> (PP) est \u00e9lastique:si le ruban est tendu lors de l\u2019application, il reprend naturellement sa forme initiale. Ce retour \u00e9lastique peut provoquer le soul\u00e8vement des rabats et le d\u00e9collement partiel de l\u2019adh\u00e9sif. Par cons\u00e9quent, le ruban en PP doit \u00eatre appliqu\u00e9 avec soin. Pour une pose rapide et pr\u00e9cise, il est recommand\u00e9 d\u2019utiliser un d\u00e9rouleur classique avec frein \u00e0 friction r\u00e9glable. Ce ruban est g\u00e9n\u00e9ralement utilis\u00e9 pour des fixations temporaires mais peut aussi garantir une adh\u00e9sion permanente, simplement par contact.<\/p>\n<p data-start=\"1165\" data-end=\"1444\">Notre ruban adh\u00e9sif transparent est bruyant au d\u00e9roulement, mais tr\u00e8s facile \u00e0 utiliser. Il offre une excellente adh\u00e9rence sur tous types de surfaces, ce qui le rend adapt\u00e9 \u00e0 tous les contextes industriels. Il est livr\u00e9 en bo\u00eetes en carton contenant 36 rouleaux pr\u00eats \u00e0 l\u2019emploi.<\/p>\n<p data-start=\"1446\" data-end=\"1818\">Sa r\u00e9sistance et sa polyvalence le rendent id\u00e9al pour sceller des emballages en <a href=\"https:\/\/www.alfincart.it\/fr\/papier-duplex\/\">papier duplex<\/a> ou en mat\u00e9riaux composites. C\u2019est une solution pratique pour assurer la protection du contenu pendant le transport ou l\u2019entreposage. Une pose correcte du ruban contribue \u00e0 maintenir la stabilit\u00e9 de l\u2019emballage, m\u00eame en cas de manipulations r\u00e9p\u00e9t\u00e9es ou de contraintes m\u00e9caniques.<\/p>\n<p data-start=\"1820\" data-end=\"1919\" data-is-last-node=\"\" data-is-only-node=\"\"><strong>Largeur du rouleau<\/strong>:<\/p>\n<ul>\n<li>47 mm<\/li>\n<\/ul>\n<p data-start=\"1820\" data-end=\"1919\" data-is-last-node=\"\" data-is-only-node=\"\"><strong>Longueur du ruban<\/strong>:<\/p>\n<ul>\n<li>132 m\u00e8tres<\/li>\n<\/ul>\n<p data-start=\"1820\" data-end=\"1919\" data-is-last-node=\"\" data-is-only-node=\"\"><strong>Emballage<\/strong>:<\/p>\n<ul>\n<li>Bo\u00eetes en carton de 36 rouleaux<\/li>\n<\/ul>\n","protected":false},"excerpt":{"rendered":"<p>BANDE D&rsquo;EMBALLAGE<\/p>\n","protected":false},"featured_media":4493,"template":"","meta":{"_joinchat":[]},"product_cat":[67],"product_tag":[],"_links":{"self":[{"href":"https:\/\/www.alfincart.it\/fr\/wp-json\/wp\/v2\/product\/3318\/"}],"collection":[{"href":"https:\/\/www.alfincart.it\/fr\/wp-json\/wp\/v2\/product\/"}],"about":[{"href":"https:\/\/www.alfincart.it\/fr\/wp-json\/wp\/v2\/types\/product\/"}],"wp:featuredmedia":[{"embeddable":true,"href":"https:\/\/www.alfincart.it\/fr\/wp-json\/wp\/v2\/media\/4493\/"}],"wp:attachment":[{"href":"https:\/\/www.alfincart.it\/fr\/wp-json\/wp\/v2\/media\/?parent=3318"}],"wp:term":[{"taxonomy":"product_cat","embeddable":true,"href":"https:\/\/www.alfincart.it\/fr\/wp-json\/wp\/v2\/product_cat\/?post=3318"},{"taxonomy":"product_tag","embeddable":true,"href":"https:\/\/www.alfincart.it\/fr\/wp-json\/wp\/v2\/product_tag\/?post=3318"}],"curies":[{"name":"wp","href":"https:\/\/api.w.org\/{rel}","templated":true}]}}