{"id":5510,"date":"2019-11-06T13:27:32","date_gmt":"2019-11-06T12:27:32","guid":{"rendered":"https:\/\/www.alfincart.it\/prodotto\/carta-kraft-avana\/"},"modified":"2025-09-05T15:40:53","modified_gmt":"2025-09-05T13:40:53","slug":"papier-kraft-brun","status":"publish","type":"product","link":"https:\/\/www.alfincart.it\/fr\/papier-kraft-brun\/","title":{"rendered":"Papier Kraft Brun"},"content":{"rendered":"<p data-start=\"184\" data-end=\"753\"><strong data-start=\"184\" data-end=\"205\">Papier Kraft Brun<\/strong>. Le papier kraft brun en pure cellulose, avec un grammage standard de 60 g\/m\u00b2, est un mat\u00e9riau tr\u00e8s r\u00e9sistant con\u00e7u pour r\u00e9pondre aux exigences de divers secteurs industriels. Gr\u00e2ce \u00e0 sa solidit\u00e9 exceptionnelle, il est largement utilis\u00e9 dans l\u2019<a href=\"https:\/\/fr.wikipedia.org\/wiki\/Industrie_pyrotechnique\">industrie pyrotechnique<\/a>, notamment pour la fabrication de fus\u00e9es, artifices et syst\u00e8mes de mise \u00e0 feu, o\u00f9 la r\u00e9sistance aux pliures est primordiale. Ce papier ne se d\u00e9chire pas facilement, m\u00eame lorsqu\u2019il est fortement manipul\u00e9, ce qui le rend parfait \u00e9galement pour l\u2019emballage industriel et artisanal.<\/p>\n<p data-start=\"755\" data-end=\"1229\">Comparable au <a href=\"https:\/\/www.alfincart.it\/fr\/papier-journal\/\">papier journal<\/a> d\u2019emballage, le papier kraft brun pour usage pyrotechnique est une solution polyvalente qui s\u2019adapte aussi bien aux travaux manuels qu\u2019aux processus industriels. Il est \u00e9galement appr\u00e9ci\u00e9 dans la fabrication de sacs de taille moyenne \u00e0 grande, d\u2019enveloppes, de sachets, de contenants alimentaires et d\u2019emballages pour la vente \u00e0 emporter. Sa robustesse garantit une bonne r\u00e9sistance \u00e0 l\u2019humidit\u00e9 et aux d\u00e9chirures, m\u00eame en conditions exigeantes.<\/p>\n<p data-start=\"1231\" data-end=\"1628\">Ce papier se distingue par son excellent comportement \u00e9cologique: il est enti\u00e8rement recyclable, biod\u00e9gradable et contribue \u00e0 r\u00e9duire les d\u00e9chets. Il constitue ainsi un choix privil\u00e9gi\u00e9 pour les entreprises sensibles \u00e0 l\u2019environnement, qui recherchent des mat\u00e9riaux durables, fonctionnels et responsables. Choisir le papier kraft brun, c\u2019est allier performance technique et engagement \u00e9cologique.<\/p>\n<p data-start=\"1630\" data-end=\"1655\"><strong data-start=\"1630\" data-end=\"1653\">Grammage standard<\/strong>:<\/p>\n<ul data-start=\"1656\" data-end=\"1665\">\n<li data-start=\"1656\" data-end=\"1665\">\n<p data-start=\"1658\" data-end=\"1665\">60 g\/m\u00b2<\/p>\n<\/li>\n<\/ul>\n<p data-start=\"1667\" data-end=\"1690\"><strong data-start=\"1667\" data-end=\"1688\">Format standard<\/strong>:<\/p>\n<ul data-start=\"1691\" data-end=\"1705\">\n<li data-start=\"1691\" data-end=\"1705\">\n<p data-start=\"1693\" data-end=\"1705\">100 \u00d7 150 cm<\/p>\n<\/li>\n<\/ul>\n<p data-start=\"1707\" data-end=\"1730\"><strong data-start=\"1707\" data-end=\"1728\">Conditionnement<\/strong>:<\/p>\n<ul data-start=\"1731\" data-end=\"1787\">\n<li data-start=\"1731\" data-end=\"1787\">\n<p data-start=\"1733\" data-end=\"1787\">Paquets sous film plastique thermor\u00e9tractable de 20 kg<\/p>\n<\/li>\n<\/ul>\n<p data-start=\"1789\" data-end=\"1905\" data-is-last-node=\"\" data-is-only-node=\"\">Ce produit peut \u00e9galement \u00eatre fourni dans d\u2019autres formats sur demande, afin de r\u00e9pondre \u00e0 des besoins sp\u00e9cifiques.<\/p>\n","protected":false},"excerpt":{"rendered":"<p>PAPIER POUR ARTICLES PYROTECHNIQUES<\/p>\n","protected":false},"featured_media":5518,"template":"","meta":{"_joinchat":[]},"product_cat":[68],"product_tag":[],"_links":{"self":[{"href":"https:\/\/www.alfincart.it\/fr\/wp-json\/wp\/v2\/product\/5510\/"}],"collection":[{"href":"https:\/\/www.alfincart.it\/fr\/wp-json\/wp\/v2\/product\/"}],"about":[{"href":"https:\/\/www.alfincart.it\/fr\/wp-json\/wp\/v2\/types\/product\/"}],"wp:featuredmedia":[{"embeddable":true,"href":"https:\/\/www.alfincart.it\/fr\/wp-json\/wp\/v2\/media\/5518\/"}],"wp:attachment":[{"href":"https:\/\/www.alfincart.it\/fr\/wp-json\/wp\/v2\/media\/?parent=5510"}],"wp:term":[{"taxonomy":"product_cat","embeddable":true,"href":"https:\/\/www.alfincart.it\/fr\/wp-json\/wp\/v2\/product_cat\/?post=5510"},{"taxonomy":"product_tag","embeddable":true,"href":"https:\/\/www.alfincart.it\/fr\/wp-json\/wp\/v2\/product_tag\/?post=5510"}],"curies":[{"name":"wp","href":"https:\/\/api.w.org\/{rel}","templated":true}]}}