{"id":5684,"date":"2021-02-22T12:34:27","date_gmt":"2021-02-22T11:34:27","guid":{"rendered":"https:\/\/www.alfincart.it\/?post_type=product&#038;p=5684"},"modified":"2025-09-05T15:40:48","modified_gmt":"2025-09-05T13:40:48","slug":"papier-sous-pizza","status":"publish","type":"product","link":"https:\/\/www.alfincart.it\/fr\/papier-a-disposer-dans-les-cartons-de-pizzas\/","title":{"rendered":"Papier Sous-Pizza"},"content":{"rendered":"<p data-start=\"141\" data-end=\"199\"><strong>Papier sous-pizza<\/strong> pour pizzeria et restauration rapide. Alfincart Sarl propose un papier sous-pizza innovant, con\u00e7u pour les pizzerias et les \u00e9tablissements de restauration rapide qui souhaitent soigner chaque d\u00e9tail, y compris la pr\u00e9sentation \u00e0 emporter. Plac\u00e9 au fond de la bo\u00eete, ce papier accueille pizzas enti\u00e8res ou portions \u00e0 la coupe, garantissant une barri\u00e8re hygi\u00e9nique efficace contre les contaminants ext\u00e9rieurs.<\/p>\n<p data-start=\"573\" data-end=\"1015\">La face imprim\u00e9e du papier est recouverte d\u2019un film transparent en <a href=\"https:\/\/fr.wikipedia.org\/wiki\/Poly%C3%A9thyl%C3%A8ne_haute_densit%C3%A9\">poly\u00e9thyl\u00e8ne haute densit\u00e9<\/a> (HDPE) qui agit comme une barri\u00e8re protectrice. Cette couche sp\u00e9ciale emp\u00eache la migration des encres vers les aliments, tout en autorisant un contact direct avec la zone imprim\u00e9e sans aucun risque sanitaire. Gr\u00e2ce \u00e0 ce traitement, le produit assure \u00e0 la fois s\u00e9curit\u00e9 alimentaire, pr\u00e9sentation professionnelle et valorisation de l\u2019image de marque.<\/p>\n<p data-start=\"1017\" data-end=\"1461\">Tr\u00e8s appr\u00e9ci\u00e9 par les pizzerias, les sandwicheries et les traiteurs, le papier sous-pizza garantit propret\u00e9, hygi\u00e8ne et qualit\u00e9 visuelle. Disponible \u00e9galement avec impression personnalis\u00e9e, il devient un outil efficace pour renforcer la visibilit\u00e9 de l\u2019enseigne et fid\u00e9liser les clients. Il s\u2019av\u00e8re particuli\u00e8rement utile lors d\u2019\u00e9v\u00e9nements, foires ou services \u00e0 emporter, o\u00f9 une pr\u00e9sentation soign\u00e9e renforce la perception de professionnalisme.<\/p>\n<p data-start=\"1463\" data-end=\"1488\"><strong data-start=\"1463\" data-end=\"1486\">Grammage standard<\/strong>:<\/p>\n<ul data-start=\"1489\" data-end=\"1540\">\n<li data-start=\"1489\" data-end=\"1540\">\n<p data-start=\"1491\" data-end=\"1540\">60 g\/m\u00b2 + film HDPE appliqu\u00e9 sur la face imprim\u00e9e<\/p>\n<\/li>\n<\/ul>\n<p data-start=\"1542\" data-end=\"1569\"><strong data-start=\"1542\" data-end=\"1567\">Formats disponibles<\/strong>:<\/p>\n<ul data-start=\"1570\" data-end=\"1599\">\n<li data-start=\"1570\" data-end=\"1584\">\n<p data-start=\"1572\" data-end=\"1584\">32 \u00d7 32 cm<\/p>\n<\/li>\n<li data-start=\"1585\" data-end=\"1599\">\n<p data-start=\"1587\" data-end=\"1599\">33 \u00d7 33 cm<\/p>\n<\/li>\n<\/ul>\n<p data-start=\"1601\" data-end=\"1624\"><strong data-start=\"1601\" data-end=\"1622\">Conditionnement<\/strong>:<\/p>\n<ul data-start=\"1625\" data-end=\"1645\">\n<li data-start=\"1625\" data-end=\"1645\">\n<p data-start=\"1627\" data-end=\"1645\">Cartons de 10 kg<\/p>\n<\/li>\n<\/ul>\n<p data-start=\"1647\" data-end=\"1816\">Partiellement comparable avec notre <a href=\"https:\/\/www.alfincart.it\/fr\/papier-duplex\/\">papier duplex<\/a>, ce papier sous-pizza constitue une solution moderne, s\u00fbre et fiable pour l\u2019emballage alimentaire dans le secteur de la restauration rapide.<\/p>\n","protected":false},"excerpt":{"rendered":"<p>DESSOUS DE PIZZA EN PAPIER<\/p>\n","protected":false},"featured_media":5635,"template":"","meta":{"_joinchat":[]},"product_cat":[68],"product_tag":[],"_links":{"self":[{"href":"https:\/\/www.alfincart.it\/fr\/wp-json\/wp\/v2\/product\/5684\/"}],"collection":[{"href":"https:\/\/www.alfincart.it\/fr\/wp-json\/wp\/v2\/product\/"}],"about":[{"href":"https:\/\/www.alfincart.it\/fr\/wp-json\/wp\/v2\/types\/product\/"}],"wp:featuredmedia":[{"embeddable":true,"href":"https:\/\/www.alfincart.it\/fr\/wp-json\/wp\/v2\/media\/5635\/"}],"wp:attachment":[{"href":"https:\/\/www.alfincart.it\/fr\/wp-json\/wp\/v2\/media\/?parent=5684"}],"wp:term":[{"taxonomy":"product_cat","embeddable":true,"href":"https:\/\/www.alfincart.it\/fr\/wp-json\/wp\/v2\/product_cat\/?post=5684"},{"taxonomy":"product_tag","embeddable":true,"href":"https:\/\/www.alfincart.it\/fr\/wp-json\/wp\/v2\/product_tag\/?post=5684"}],"curies":[{"name":"wp","href":"https:\/\/api.w.org\/{rel}","templated":true}]}}